{"id":19107,"date":"2024-07-06T16:41:26","date_gmt":"2024-07-06T13:41:26","guid":{"rendered":"https:\/\/www.mandellaistanbul.com\/product\/chemise-noire-rayee-blanc-rouge-orange\/"},"modified":"2024-07-06T16:41:26","modified_gmt":"2024-07-06T13:41:26","slug":"chemise-noire-rayee-blanc-rouge-orange","status":"publish","type":"product","link":"https:\/\/www.mandellaistanbul.com\/fr\/produit\/chemise-noire-rayee-blanc-rouge-orange\/","title":{"rendered":"Chemise noire ray\u00e9e blanc-rouge-orange"},"content":{"rendered":"<p>Mod\u00e8les de chemises \u00e0 manches courtes attrayantes de Mandella Istanbul.<br \/>\n  100% coton Chemise \u00e0 manches courtes.<br \/>\n  Nos produits sont vendus en s\u00e9rie. Il y a 5 produits dans une s\u00e9rie.<br \/>\nTailles des produits de la s\u00e9rie :<br \/>\n1 pi\u00e8ce (M) &#8211; 2 pi\u00e8ces (L) &#8211; 1 pi\u00e8ce (XL) &#8211; 1 pi\u00e8ce (XXL)<br \/>\nUne facture sp\u00e9ciale vous sera envoy\u00e9e pour chaque commande.<br \/>\nLes frais de livraison varient selon le pays. Une fois la commande effectu\u00e9e, les informations relatives au chargement vous seront envoy\u00e9es par Whatsapp.<\/p>\n","protected":false},"excerpt":{"rendered":"<p>1 Produit de s\u00e9rie. (5 PI\u00c8CES)<br \/>\nTailles : M, L, XL, XXL<br \/>\nTissu : 100 % coton<br \/>\nLes commandes ne peuvent \u00eatre effectu\u00e9es qu&#8217;en s\u00e9rie. ( 5 pi\u00e8ces)<\/p>\n","protected":false},"featured_media":16315,"comment_status":"open","ping_status":"closed","template":"","meta":[],"product_brand":[],"product_cat":[142,177],"product_tag":[],"class_list":{"0":"post-19107","1":"product","2":"type-product","3":"status-publish","4":"has-post-thumbnail","6":"product_cat-vente-en-gros-chemises","7":"product_cat-chemise-a-manches-courtes","8":"pa_beden-l-fr","9":"pa_beden-m-fr","10":"pa_beden-xl-fr","11":"pa_beden-xxl-fr","13":"first","14":"instock","15":"taxable","16":"shipping-taxable","17":"purchasable","18":"product-type-simple"},"_links":{"self":[{"href":"https:\/\/www.mandellaistanbul.com\/fr\/wp-json\/wp\/v2\/product\/19107","targetHints":{"allow":["GET"]}}],"collection":[{"href":"https:\/\/www.mandellaistanbul.com\/fr\/wp-json\/wp\/v2\/product"}],"about":[{"href":"https:\/\/www.mandellaistanbul.com\/fr\/wp-json\/wp\/v2\/types\/product"}],"replies":[{"embeddable":true,"href":"https:\/\/www.mandellaistanbul.com\/fr\/wp-json\/wp\/v2\/comments?post=19107"}],"version-history":[{"count":0,"href":"https:\/\/www.mandellaistanbul.com\/fr\/wp-json\/wp\/v2\/product\/19107\/revisions"}],"wp:featuredmedia":[{"embeddable":true,"href":"https:\/\/www.mandellaistanbul.com\/fr\/wp-json\/wp\/v2\/media\/16315"}],"wp:attachment":[{"href":"https:\/\/www.mandellaistanbul.com\/fr\/wp-json\/wp\/v2\/media?parent=19107"}],"wp:term":[{"taxonomy":"product_brand","embeddable":true,"href":"https:\/\/www.mandellaistanbul.com\/fr\/wp-json\/wp\/v2\/product_brand?post=19107"},{"taxonomy":"product_cat","embeddable":true,"href":"https:\/\/www.mandellaistanbul.com\/fr\/wp-json\/wp\/v2\/product_cat?post=19107"},{"taxonomy":"product_tag","embeddable":true,"href":"https:\/\/www.mandellaistanbul.com\/fr\/wp-json\/wp\/v2\/product_tag?post=19107"}],"curies":[{"name":"wp","href":"https:\/\/api.w.org\/{rel}","templated":true}]}}