{"id":15109,"date":"2023-09-19T12:39:17","date_gmt":"2023-09-19T09:39:17","guid":{"rendered":"https:\/\/www.mandellaistanbul.com\/product\/pack-de-100-pieces-de-chemises-a-manches-courtes-mixtes\/"},"modified":"2024-10-08T19:51:00","modified_gmt":"2024-10-08T16:51:00","slug":"lot-de-100-chemises-a-manches-courtes-mixtes","status":"publish","type":"product","link":"https:\/\/www.mandellaistanbul.com\/fr\/produit\/lot-de-100-chemises-a-manches-courtes-mixtes\/","title":{"rendered":"Lot de 100 chemises \u00e0 manches courtes mixtes"},"content":{"rendered":"<h2>Pack de 100 chemises \u00e0 manches courtes mixtes \u2013 Mandella Istanbul<\/h2>\n<p>En tant que Mandella Istanbul, nous sommes fiers de proposer les solutions de vente en gros de chemises les plus adapt\u00e9es \u00e0 votre entreprise. Le <strong>pack de 100 chemises mixtes<\/strong> est une option \u00e9conomique et de haute qualit\u00e9 compos\u00e9e de chemises \u00e0 manches courtes de diff\u00e9rents mod\u00e8les et couleurs. Ce pack est id\u00e9al pour les magasins de d\u00e9tail, les sites de commerce \u00e9lectronique et les achats d&#8217;entreprise.<\/p>\n<h3>D\u00e9tails du produit<\/h3>\n<p><strong>Le pack de 100 chemises mixtes<\/strong> se compose de divers mod\u00e8les de chemises \u00e0 manches courtes, chacun soigneusement s\u00e9lectionn\u00e9. Les chemises du pack attirent l&#8217;attention avec leurs designs modernes et leurs tissus de haute qualit\u00e9. Voici quelques caract\u00e9ristiques de ce forfait\u00a0:<\/p>\n<ul>\n<li><strong>Vari\u00e9t\u00e9<\/strong>\u00a0: chemises \u00e0 manches courtes de diff\u00e9rentes couleurs et motifs.<\/li>\n<li><strong>Qualit\u00e9<\/strong>\u00a0: tissus de haute qualit\u00e9 et coutures robustes.<\/li>\n<li><strong>\u00c9l\u00e9gance<\/strong>\u00a0: mod\u00e8les adapt\u00e9s aux environnements d\u00e9contract\u00e9s et professionnels.<\/li>\n<li><strong>Confort<\/strong>\u00a0: coupes d\u00e9contract\u00e9es et tissus respirants.<\/li>\n<\/ul>\n<h3>Forfaits de chemises \u00e0 manches courtes en gros<\/h3>\n<p><strong>Pour les achats de chemises \u00e0 manches courtes en gros<\/strong>, le forfait de 100 chemises \u00e0 manches courtes mixtes est un excellent choix. Gr\u00e2ce aux avantages que nous offrons dans les achats en gros, nous offrons \u00e0 la fois qualit\u00e9 et prix abordables. Voici quelques raisons de choisir ce forfait\u00a0:<\/p>\n<ul>\n<li><strong>Prix abordables<\/strong>\u00a0: remises sp\u00e9ciales et avantages sur les achats en gros.<\/li>\n<li><strong>Vari\u00e9t\u00e9 de stock<\/strong>\u00a0: vous pouvez offrir \u00e0 vos clients diverses options avec une large gamme de produits.<\/li>\n<li><strong>Commande facile<\/strong>\u00a0: opportunit\u00e9 de commande rapide et facile.<\/li>\n<\/ul>\n<h3>Prix des forfaits de chemises mixtes<\/h3>\n<p><strong>Les prix des forfaits de chemises mixtes<\/strong> varient en fonction du contenu du forfait et de la quantit\u00e9 command\u00e9e. Le forfait de chemises \u00e0 manches courtes mixtes de 100 pi\u00e8ces attire l&#8217;attention par son prix abordable et sa haute qualit\u00e9. Nous proposons des solutions adapt\u00e9es \u00e0 votre budget avec des remises sp\u00e9ciales et des avantages offerts sur les achats en gros. Vous pouvez nous contacter pour obtenir des informations sur les prix et les d\u00e9tails de la commande.<\/p>\n<h3>Forfaits de chemises \u00e0 manches courtes<\/h3>\n<p>En tant que Mandella Istanbul, nous proposons diff\u00e9rents <strong>forfaits de chemises \u00e0 manches courtes<\/strong>. Chacun de ces forfaits, qui r\u00e9pond \u00e0 des besoins diff\u00e9rents, peut \u00eatre personnalis\u00e9 en fonction des besoins de votre entreprise. Le forfait de 100 chemises \u00e0 manches courtes mixtes vous aide \u00e0 augmenter vos ventes en offrant \u00e0 vos clients une vari\u00e9t\u00e9 d&#8217;options.<\/p>\n<h3>Solutions de chemises \u00e0 manches courtes en gros<\/h3>\n<p><strong>Nos solutions de chemises \u00e0 manches courtes en gros<\/strong> r\u00e9pondent au mieux aux besoins de votre entreprise avec des chemises de qualit\u00e9 et \u00e9l\u00e9gantes. Vous pouvez offrir \u00e0 vos clients les meilleurs produits gr\u00e2ce aux avantages que nous offrons dans les achats de chemises en gros. Voici quelques-uns des avantages que nous offrons :<\/p>\n<ul>\n<li><strong>Produits de qualit\u00e9<\/strong> : Tissus de haute qualit\u00e9 et fabrication soign\u00e9e.<\/li>\n<li><strong>Prix abordables<\/strong> : Remises sp\u00e9ciales et prix abordables dans les achats en gros.<\/li>\n<li><strong>Larges options<\/strong> : Une large gamme de produits dans diff\u00e9rents mod\u00e8les et couleurs.<\/li>\n<\/ul>\n<p>Lorsque vous achetez ce pack, nous s\u00e9lectionnons et emballons les 100 mod\u00e8les de chemises les plus vendus dans notre magasin pour vous, nos pr\u00e9cieux clients. Nous s\u00e9lectionnons pour vous 100 chemises de tailles mixtes parmi 350 mod\u00e8les de notre boutique (tailles : M, L, XL, XXL).<br \/>\nSi vous achetez ce pack, vous ne pouvez pas choisir de mod\u00e8les de chemises. Nous cr\u00e9erons pour vous un pack de nos mod\u00e8les de chemises les plus vendus.<\/p>\n","protected":false},"excerpt":{"rendered":"<p><span style=\"vertical-align: inherit;\"><span style=\"vertical-align: inherit;\">Mandella \u0130stanbul&#8217;un en \u00e7ok satan 100 g\u00f6mlek tasar\u0131m\u0131ndan size \u00f6zel kar\u0131\u015f\u0131k bir paket.<\/span><\/span><\/p>\n","protected":false},"featured_media":15349,"comment_status":"open","ping_status":"closed","template":"","meta":[],"product_brand":[],"product_cat":[245],"product_tag":[],"class_list":{"0":"post-15109","1":"product","2":"type-product","3":"status-publish","4":"has-post-thumbnail","6":"product_cat-forfaits-mixtes-a-prix-reduit","7":"pa_beden-l-fr","8":"pa_beden-m-fr","9":"pa_beden-xl-fr","10":"pa_beden-xxl-fr","12":"first","13":"instock","14":"taxable","15":"shipping-taxable","16":"purchasable","17":"product-type-simple"},"_links":{"self":[{"href":"https:\/\/www.mandellaistanbul.com\/fr\/wp-json\/wp\/v2\/product\/15109","targetHints":{"allow":["GET"]}}],"collection":[{"href":"https:\/\/www.mandellaistanbul.com\/fr\/wp-json\/wp\/v2\/product"}],"about":[{"href":"https:\/\/www.mandellaistanbul.com\/fr\/wp-json\/wp\/v2\/types\/product"}],"replies":[{"embeddable":true,"href":"https:\/\/www.mandellaistanbul.com\/fr\/wp-json\/wp\/v2\/comments?post=15109"}],"version-history":[{"count":5,"href":"https:\/\/www.mandellaistanbul.com\/fr\/wp-json\/wp\/v2\/product\/15109\/revisions"}],"predecessor-version":[{"id":18134,"href":"https:\/\/www.mandellaistanbul.com\/fr\/wp-json\/wp\/v2\/product\/15109\/revisions\/18134"}],"wp:featuredmedia":[{"embeddable":true,"href":"https:\/\/www.mandellaistanbul.com\/fr\/wp-json\/wp\/v2\/media\/15349"}],"wp:attachment":[{"href":"https:\/\/www.mandellaistanbul.com\/fr\/wp-json\/wp\/v2\/media?parent=15109"}],"wp:term":[{"taxonomy":"product_brand","embeddable":true,"href":"https:\/\/www.mandellaistanbul.com\/fr\/wp-json\/wp\/v2\/product_brand?post=15109"},{"taxonomy":"product_cat","embeddable":true,"href":"https:\/\/www.mandellaistanbul.com\/fr\/wp-json\/wp\/v2\/product_cat?post=15109"},{"taxonomy":"product_tag","embeddable":true,"href":"https:\/\/www.mandellaistanbul.com\/fr\/wp-json\/wp\/v2\/product_tag?post=15109"}],"curies":[{"name":"wp","href":"https:\/\/api.w.org\/{rel}","templated":true}]}}