{"id":15106,"date":"2023-09-20T13:00:38","date_gmt":"2023-09-20T10:00:38","guid":{"rendered":"https:\/\/www.mandellaistanbul.com\/product\/lot-de-50-pieces-de-shorts-et-chemises-mixtes\/"},"modified":"2024-10-08T20:16:19","modified_gmt":"2024-10-08T17:16:19","slug":"50-pieces-mixte-short-et-combinaison-emballage-copie","status":"publish","type":"product","link":"https:\/\/www.mandellaistanbul.com\/fr\/produit\/50-pieces-mixte-short-et-combinaison-emballage-copie\/","title":{"rendered":"Ensemble de 50 pi\u00e8ces comprenant un short et une chemise"},"content":{"rendered":"<h2>Ensembles de 50 chemises courtes mixtes : \u00e9l\u00e9gance et confort tout en un<\/h2>\n<p>En tant que Mandella Istanbul, nous vous proposons des ensembles de chemises courtes, indispensables pour les chaudes journ\u00e9es d&#8217;\u00e9t\u00e9, avec des options d&#8217;achat en gros. Les ensembles de chemises courtes mixtes de 50 pi\u00e8ces augmenteront \u00e0 la fois votre style et votre confort avec des mod\u00e8les adapt\u00e9s \u00e0 tous les go\u00fbts et \u00e0 des prix abordables. Voici tout ce que vous devez savoir sur ces merveilleux produits :<\/p>\n<h3>Ensemble de chemises courtes de 50 pi\u00e8ces<\/h3>\n<p><strong>1. Vari\u00e9t\u00e9 et style<\/strong> : Nos ensembles contenant 50 ensembles de chemises courtes regorgent de couleurs, de motifs et de mod\u00e8les diff\u00e9rents. Cette vari\u00e9t\u00e9, qui pla\u00eet \u00e0 tous les go\u00fbts, vous aide \u00e0 enrichir votre garde-robe.<\/p>\n<p><strong>2. Utilisation saisonni\u00e8re<\/strong> : Id\u00e9al pour celles qui veulent rester au frais et avoir du style dans la chaleur de l&#8217;\u00e9t\u00e9, les shorts et les chemises sont fabriqu\u00e9s \u00e0 partir de tissus l\u00e9gers et respirants.<\/p>\n<h3>Prix des ensembles de shorts et de chemises mixtes<\/h3>\n<p>En tant que Mandella Istanbul, nous visons \u00e0 offrir de la qualit\u00e9 \u00e0 des prix adapt\u00e9s \u00e0 tous les budgets. Les prix des ensembles de shorts et de chemises mixtes peuvent varier en fonction de la qualit\u00e9 du tissu, du design et de la quantit\u00e9 des produits s\u00e9lectionn\u00e9s. Cependant, vous pouvez faire vos achats sans \u00e9branler votre budget gr\u00e2ce aux prix avantageux que nous proposons pour les achats en gros.<\/p>\n<h3>Ensembles de shorts et de chemises en gros<\/h3>\n<p><strong>1. Id\u00e9al pour les entreprises<\/strong> : les ensembles de shorts et de chemises en gros offrent un grand avantage aux boutiques, aux magasins de d\u00e9tail et aux entreprises en ligne. Vous pouvez offrir \u00e0 vos clients une large gamme de produits en stockant diff\u00e9rents mod\u00e8les \u00e0 des prix abordables.<\/p>\n<p><strong>2. Commande facile et livraison rapide<\/strong> : commander des ensembles de shorts et de chemises en gros est tr\u00e8s facile chez Mandella Istanbul. Gr\u00e2ce \u00e0 nos options de livraison rapide, vos produits seront chez vous en peu de temps.<\/p>\n<h3>Prix de gros des shorts et des chemises<\/h3>\n<p><strong>1. Garantie de prix abordable<\/strong> : les prix de gros des shorts et des chemises sont beaucoup plus abordables que les ventes au d\u00e9tail. Surtout lorsque vous achetez en grande quantit\u00e9, votre co\u00fbt par unit\u00e9 diminue et votre marge b\u00e9n\u00e9ficiaire augmente.<\/p>\n<p><strong>2. Prix abordable sans compromis sur la qualit\u00e9 : Nos ensembles shorts et chemises, fabriqu\u00e9s avec des tissus de qualit\u00e9 et une finition soign\u00e9e, vous sont propos\u00e9s \u00e0 des prix abordables. Satisfaisez vos clients et prot\u00e9gez votre budget.<\/strong><\/p>\n<h3>Suggestions de combinaison avec des ensembles short et chemise<\/h3>\n<p>Vous pouvez adapter vos ensembles short et chemise \u00e0 votre style avec diff\u00e9rentes combinaisons\u00a0:<\/p>\n<ul>\n<li><strong>Combinaisons quotidiennes<\/strong>\u00a0: vous pouvez obtenir un confort et une \u00e9l\u00e9gance au quotidien en combinant vos ensembles short et chemise color\u00e9s avec des baskets et des sandales l\u00e9g\u00e8res.<\/li>\n<li><strong>Chic de plage<\/strong>\u00a0: vous pouvez obtenir un look confortable et \u00e9l\u00e9gant en compl\u00e9tant vos ensembles short et chemise avec des tongs et un chapeau sur la plage ou au bord de la piscine.<\/li>\n<li><strong>Chic de soir\u00e9e<\/strong>\u00a0: vous pouvez obtenir une \u00e9l\u00e9gance lors de vos promenades en soir\u00e9e en combinant vos chemises en lin l\u00e9ger avec des shorts et en les compl\u00e9tant avec des mocassins.<\/li>\n<\/ul>\n<h3>La qualit\u00e9 Mandella Istanbul<\/h3>\n<p>En tant que Mandella Istanbul, nous produisons chaque ensemble short et chemise avec des tissus soigneusement s\u00e9lectionn\u00e9s et une finition m\u00e9ticuleuse. Gr\u00e2ce \u00e0 notre compr\u00e9hension du fait de ne pas compromettre la qualit\u00e9, nous offrons \u00e0 nos clients des produits durables et confortables.<\/p>\n","protected":false},"excerpt":{"rendered":"<p>Un paquet mixte sp\u00e9cial pour vous du mod\u00e8le best-seller de Mandella istanbul, 50 pi\u00e8ces de short et d&#8217;ensemble de chemise.<\/p>\n","protected":false},"featured_media":15355,"comment_status":"open","ping_status":"closed","template":"","meta":[],"product_brand":[],"product_cat":[245],"product_tag":[],"class_list":{"0":"post-15106","1":"product","2":"type-product","3":"status-publish","4":"has-post-thumbnail","6":"product_cat-forfaits-mixtes-a-prix-reduit","7":"pa_beden-l-fr","8":"pa_beden-m-fr","9":"pa_beden-xl-fr","10":"pa_beden-xxl-fr","12":"first","13":"instock","14":"taxable","15":"shipping-taxable","16":"purchasable","17":"product-type-simple"},"_links":{"self":[{"href":"https:\/\/www.mandellaistanbul.com\/fr\/wp-json\/wp\/v2\/product\/15106","targetHints":{"allow":["GET"]}}],"collection":[{"href":"https:\/\/www.mandellaistanbul.com\/fr\/wp-json\/wp\/v2\/product"}],"about":[{"href":"https:\/\/www.mandellaistanbul.com\/fr\/wp-json\/wp\/v2\/types\/product"}],"replies":[{"embeddable":true,"href":"https:\/\/www.mandellaistanbul.com\/fr\/wp-json\/wp\/v2\/comments?post=15106"}],"version-history":[{"count":2,"href":"https:\/\/www.mandellaistanbul.com\/fr\/wp-json\/wp\/v2\/product\/15106\/revisions"}],"predecessor-version":[{"id":18156,"href":"https:\/\/www.mandellaistanbul.com\/fr\/wp-json\/wp\/v2\/product\/15106\/revisions\/18156"}],"wp:featuredmedia":[{"embeddable":true,"href":"https:\/\/www.mandellaistanbul.com\/fr\/wp-json\/wp\/v2\/media\/15355"}],"wp:attachment":[{"href":"https:\/\/www.mandellaistanbul.com\/fr\/wp-json\/wp\/v2\/media?parent=15106"}],"wp:term":[{"taxonomy":"product_brand","embeddable":true,"href":"https:\/\/www.mandellaistanbul.com\/fr\/wp-json\/wp\/v2\/product_brand?post=15106"},{"taxonomy":"product_cat","embeddable":true,"href":"https:\/\/www.mandellaistanbul.com\/fr\/wp-json\/wp\/v2\/product_cat?post=15106"},{"taxonomy":"product_tag","embeddable":true,"href":"https:\/\/www.mandellaistanbul.com\/fr\/wp-json\/wp\/v2\/product_tag?post=15106"}],"curies":[{"name":"wp","href":"https:\/\/api.w.org\/{rel}","templated":true}]}}