{"id":14738,"date":"2023-09-12T14:18:02","date_gmt":"2023-09-12T11:18:02","guid":{"rendered":"https:\/\/www.mandellaistanbul.com\/product\/ensemble-short-et-chemise-a-motifs-leoar\/"},"modified":"2023-09-18T15:22:45","modified_gmt":"2023-09-18T12:22:45","slug":"ensemble-short-et-chemise-a-motifs-leoar","status":"publish","type":"product","link":"https:\/\/www.mandellaistanbul.com\/fr\/produit\/ensemble-short-et-chemise-a-motifs-leoar\/","title":{"rendered":"Ensemble short et chemise \u00e0 motifs Leoar"},"content":{"rendered":"<p>L&#8217;ensemble short et chemise \u00e0 imprim\u00e9 l\u00e9opard ajoute une \u00e9nergie sauvage \u00e0 votre style en offrant un \u00e9quilibre parfait entre un style audacieux et frappant. Ce costume de la collection exclusive de Mandella Istanbul allie la noblesse de l&#8217;imprim\u00e9 l\u00e9opard au confort moderne. Obtenez un look audacieux et sophistiqu\u00e9 gr\u00e2ce \u00e0 l&#8217;impression l\u00e9opard frappante et au style moderne des diff\u00e9rentes coupes.<\/p>\n<p>  Mandella Istanbul est connue comme une marque de premier plan dans le secteur de la vente de v\u00eatements en gros et vise \u00e0 offrir \u00e0 ses clients le plus haut niveau de qualit\u00e9. Ce costume \u00e0 motifs l\u00e9onins refl\u00e8te \u00e9galement cet objectif. Combinant \u00e0 la fois l&#8217;\u00e9nergie du motif audacieux et le confort, ce costume sera l&#8217;\u00e9l\u00e9ment phare de votre style.<\/p>\n<p>  L&#8217;ensemble short et chemise \u00e0 imprim\u00e9 Leoar vous permet de vous d\u00e9marquer de mani\u00e8re audacieuse et frappante partout, que ce soit lors d&#8217;\u00e9v\u00e9nements sp\u00e9ciaux ou dans la vie de tous les jours. Ce costume, qui fait partie des produits de conception sp\u00e9ciale de Mandella Istanbul, offre un style unique o\u00f9 le motif l\u00e9opard frappant et le confort des coupes modernes se rencontrent.<\/p>\n","protected":false},"excerpt":{"rendered":"<p>L&#8217;ensemble short et chemise \u00e0 imprim\u00e9 l\u00e9opard, sp\u00e9cialement con\u00e7u par Mandella Istanbul, est une option frappante o\u00f9 l&#8217;imprim\u00e9 l\u00e9opard sauvage et les coupes modernes se rencontrent dans un style audacieux.<\/p>\n","protected":false},"featured_media":13650,"comment_status":"open","ping_status":"closed","template":"","meta":[],"product_brand":[],"product_cat":[142,181],"product_tag":[],"class_list":{"0":"post-14738","1":"product","2":"type-product","3":"status-publish","4":"has-post-thumbnail","6":"product_cat-vente-en-gros-chemises","7":"product_cat-ensemble-short-et-chemise","8":"pa_beden-l-fr","9":"pa_beden-m-fr","10":"pa_beden-xl-fr","11":"pa_beden-xxl-fr","13":"first","14":"outofstock","15":"taxable","16":"shipping-taxable","17":"purchasable","18":"product-type-simple"},"_links":{"self":[{"href":"https:\/\/www.mandellaistanbul.com\/fr\/wp-json\/wp\/v2\/product\/14738","targetHints":{"allow":["GET"]}}],"collection":[{"href":"https:\/\/www.mandellaistanbul.com\/fr\/wp-json\/wp\/v2\/product"}],"about":[{"href":"https:\/\/www.mandellaistanbul.com\/fr\/wp-json\/wp\/v2\/types\/product"}],"replies":[{"embeddable":true,"href":"https:\/\/www.mandellaistanbul.com\/fr\/wp-json\/wp\/v2\/comments?post=14738"}],"version-history":[{"count":1,"href":"https:\/\/www.mandellaistanbul.com\/fr\/wp-json\/wp\/v2\/product\/14738\/revisions"}],"predecessor-version":[{"id":14739,"href":"https:\/\/www.mandellaistanbul.com\/fr\/wp-json\/wp\/v2\/product\/14738\/revisions\/14739"}],"wp:featuredmedia":[{"embeddable":true,"href":"https:\/\/www.mandellaistanbul.com\/fr\/wp-json\/wp\/v2\/media\/13650"}],"wp:attachment":[{"href":"https:\/\/www.mandellaistanbul.com\/fr\/wp-json\/wp\/v2\/media?parent=14738"}],"wp:term":[{"taxonomy":"product_brand","embeddable":true,"href":"https:\/\/www.mandellaistanbul.com\/fr\/wp-json\/wp\/v2\/product_brand?post=14738"},{"taxonomy":"product_cat","embeddable":true,"href":"https:\/\/www.mandellaistanbul.com\/fr\/wp-json\/wp\/v2\/product_cat?post=14738"},{"taxonomy":"product_tag","embeddable":true,"href":"https:\/\/www.mandellaistanbul.com\/fr\/wp-json\/wp\/v2\/product_tag?post=14738"}],"curies":[{"name":"wp","href":"https:\/\/api.w.org\/{rel}","templated":true}]}}