{"id":14736,"date":"2023-09-12T14:18:05","date_gmt":"2023-09-12T11:18:05","guid":{"rendered":"https:\/\/www.mandellaistanbul.com\/product\/costume-en-satin-a-motif-de-serpent\/"},"modified":"2024-10-15T20:59:15","modified_gmt":"2024-10-15T17:59:15","slug":"costume-en-satin-a-motif-serpent","status":"publish","type":"product","link":"https:\/\/www.mandellaistanbul.com\/fr\/produit\/costume-en-satin-a-motif-serpent\/","title":{"rendered":"Costume en satin \u00e0 motif serpent"},"content":{"rendered":"<p><strong>Ensembles de chemises en satin \u00e0 motifs serpent\u00a0: la combinaison de l&#8217;\u00e9l\u00e9gance et de la sophistication<\/strong><\/p>\n<p>Les ensembles de chemises en satin \u00e0 motifs serpent offrent de superbes options qui compl\u00e8teront votre \u00e9l\u00e9gance lors d&#8217;occasions sp\u00e9ciales et d&#8217;invitations. Propos\u00e9s dans divers styles pour femmes et hommes, ces costumes font partie de la collection sp\u00e9ciale de Mandella Istanbul. Voici des informations d\u00e9taill\u00e9es sur les ensembles de chemises en satin \u00e0 motifs serpent\u00a0:<\/p>\n<p><strong>Mod\u00e8les d&#8217;ensembles de chemises en satin \u00e0 motifs serpent\u00a0: esth\u00e9tique et vari\u00e9t\u00e9 r\u00e9unies<\/strong><\/p>\n<p>La collection d&#8217;ensembles de chemises en satin \u00e0 motifs serpent de Mandella Istanbul est tr\u00e8s vari\u00e9e. Enrichis de diff\u00e9rentes coupes, couleurs et d\u00e9tails, ces costumes sont con\u00e7us pour plaire \u00e0 tous les go\u00fbts. Vous pouvez choisir parmi des mod\u00e8les de style classique et moderne.<\/p>\n<p><strong>Prix des ensembles de chemises en satin \u00e0 motifs serpent\u00a0: l&#8217;\u00e9quilibre entre qualit\u00e9 et prix abordable<\/strong><\/p>\n<p>Les ensembles de chemises en satin \u00e0 motifs serpent de Mandella Istanbul sont fabriqu\u00e9s avec des mat\u00e9riaux de qualit\u00e9 et propos\u00e9s \u00e0 des prix abordables. Ces costumes refl\u00e8tent \u00e0 la fois votre style et vous aident \u00e0 prot\u00e9ger votre budget.<\/p>\n<p><strong>Chemises pour homme \u00e0 motifs serpent\u00a0: \u00e9l\u00e9gance masculine<\/strong><\/p>\n<p>Les chemises \u00e0 motifs serpent sont \u00e9galement un choix sp\u00e9cial pour les hommes et peuvent \u00eatre utilis\u00e9es aussi bien pour les affaires que pour les occasions sp\u00e9ciales. Ces mod\u00e8les, qui pr\u00e9sentent g\u00e9n\u00e9ralement des motifs serpent sur le col et les manches de la chemise, offrent un look moderne et sophistiqu\u00e9.<\/p>\n<p><strong>Qualit\u00e9 Mandella Istanbul\u00a0: confiance et satisfaction<\/strong><\/p>\n<p>Mandella Istanbul accorde la priorit\u00e9 \u00e0 la qualit\u00e9 et \u00e0 la satisfaction du client dans chaque produit. Chaque ensemble de chemises est fabriqu\u00e9 avec des mat\u00e9riaux soigneusement s\u00e9lectionn\u00e9s et une finition soign\u00e9e. Ces costumes, qui sont id\u00e9aux pour les entreprises, r\u00e9pondent \u00e0 la fois aux attentes des utilisateurs et renforcent l&#8217;image de votre entreprise.<\/p>\n","protected":false},"excerpt":{"rendered":"<p>Adoptez un style moderne et sophistiqu\u00e9 gr\u00e2ce au motif serpent. Fabriqu\u00e9 en satin de qualit\u00e9, cet ensemble vous permet d&#8217;attirer l&#8217;attention \u00e0 tout moment.<\/p>\n","protected":false},"featured_media":13653,"comment_status":"open","ping_status":"closed","template":"","meta":[],"product_brand":[],"product_cat":[142,181],"product_tag":[],"class_list":{"0":"post-14736","1":"product","2":"type-product","3":"status-publish","4":"has-post-thumbnail","6":"product_cat-vente-en-gros-chemises","7":"product_cat-ensemble-short-et-chemise","8":"pa_beden-l-fr","9":"pa_beden-m-fr","10":"pa_beden-xl-fr","11":"pa_beden-xxl-fr","13":"first","14":"instock","15":"taxable","16":"shipping-taxable","17":"purchasable","18":"product-type-simple"},"_links":{"self":[{"href":"https:\/\/www.mandellaistanbul.com\/fr\/wp-json\/wp\/v2\/product\/14736","targetHints":{"allow":["GET"]}}],"collection":[{"href":"https:\/\/www.mandellaistanbul.com\/fr\/wp-json\/wp\/v2\/product"}],"about":[{"href":"https:\/\/www.mandellaistanbul.com\/fr\/wp-json\/wp\/v2\/types\/product"}],"replies":[{"embeddable":true,"href":"https:\/\/www.mandellaistanbul.com\/fr\/wp-json\/wp\/v2\/comments?post=14736"}],"version-history":[{"count":3,"href":"https:\/\/www.mandellaistanbul.com\/fr\/wp-json\/wp\/v2\/product\/14736\/revisions"}],"predecessor-version":[{"id":18474,"href":"https:\/\/www.mandellaistanbul.com\/fr\/wp-json\/wp\/v2\/product\/14736\/revisions\/18474"}],"wp:featuredmedia":[{"embeddable":true,"href":"https:\/\/www.mandellaistanbul.com\/fr\/wp-json\/wp\/v2\/media\/13653"}],"wp:attachment":[{"href":"https:\/\/www.mandellaistanbul.com\/fr\/wp-json\/wp\/v2\/media?parent=14736"}],"wp:term":[{"taxonomy":"product_brand","embeddable":true,"href":"https:\/\/www.mandellaistanbul.com\/fr\/wp-json\/wp\/v2\/product_brand?post=14736"},{"taxonomy":"product_cat","embeddable":true,"href":"https:\/\/www.mandellaistanbul.com\/fr\/wp-json\/wp\/v2\/product_cat?post=14736"},{"taxonomy":"product_tag","embeddable":true,"href":"https:\/\/www.mandellaistanbul.com\/fr\/wp-json\/wp\/v2\/product_tag?post=14736"}],"curies":[{"name":"wp","href":"https:\/\/api.w.org\/{rel}","templated":true}]}}