{"id":14720,"date":"2023-09-12T14:18:58","date_gmt":"2023-09-12T11:18:58","guid":{"rendered":"https:\/\/www.mandellaistanbul.com\/product\/chemise-a-motifs-colores-2\/"},"modified":"2024-10-15T20:15:11","modified_gmt":"2024-10-15T17:15:11","slug":"chemise-a-motifs-marbres","status":"publish","type":"product","link":"https:\/\/www.mandellaistanbul.com\/fr\/produit\/chemise-a-motifs-marbres\/","title":{"rendered":"Chemise \u00e0 motifs marbr\u00e9s"},"content":{"rendered":"<p>La chemise \u00e0 motifs color\u00e9s est une option id\u00e9ale pour ceux qui veulent cr\u00e9er un style \u00e9nergique et vivant en combinant couleurs et motifs. Con\u00e7ue avec une combinaison harmonieuse de diff\u00e9rentes couleurs et motifs, cette chemise vous permet de refl\u00e9ter votre style de mani\u00e8re amusante et originale.<\/p>\n<p>Cette chemise plaira \u00e0 ceux qui veulent sortir de l&#8217;ordinaire avec son look dynamique cr\u00e9\u00e9 par la combinaison de couleurs vives et de motifs vari\u00e9s. Avec ses motifs color\u00e9s et frappants, la chemise refl\u00e8te un style unique et accrocheur.<\/p>\n<p>La chemise \u00e0 motifs color\u00e9s offre une utilisation \u00e0 long terme avec son tissu de haute qualit\u00e9 et ses d\u00e9tails de couture soigneusement travaill\u00e9s. C&#8217;est une option id\u00e9ale pour refl\u00e9ter votre style aussi bien lors d&#8217;\u00e9v\u00e9nements sp\u00e9ciaux que de combinaisons quotidiennes. Vous pouvez mettre en valeur votre style lors d&#8217;invitations sp\u00e9ciales ou de r\u00e9unions d&#8217;affaires en l&#8217;associant \u00e0 des pantalons ou des jupes \u00e9l\u00e9gants. En m\u00eame temps, vous pouvez obtenir un look plus confortable et d\u00e9contract\u00e9 en l&#8217;associant \u00e0 un jean ou \u00e0 un short.<\/p>\n<p>Exprimez votre style de mani\u00e8re color\u00e9e et \u00e9nergique avec la chemise \u00e0 motifs color\u00e9s, cr\u00e9ez une diff\u00e9rence \u00e0 chaque instant.<\/p>\n","protected":false},"excerpt":{"rendered":"<p>Refl\u00e9tez votre style \u00e9nergique et original avec cette chemise \u00e0 motifs color\u00e9s.<\/p>\n","protected":false},"featured_media":13521,"comment_status":"open","ping_status":"closed","template":"","meta":[],"product_brand":[],"product_cat":[142,177],"product_tag":[],"class_list":{"0":"post-14720","1":"product","2":"type-product","3":"status-publish","4":"has-post-thumbnail","6":"product_cat-vente-en-gros-chemises","7":"product_cat-chemise-a-manches-courtes","8":"pa_beden-l-fr","9":"pa_beden-m-fr","10":"pa_beden-xl-fr","11":"pa_beden-xxl-fr","13":"first","14":"instock","15":"taxable","16":"shipping-taxable","17":"purchasable","18":"product-type-simple"},"_links":{"self":[{"href":"https:\/\/www.mandellaistanbul.com\/fr\/wp-json\/wp\/v2\/product\/14720","targetHints":{"allow":["GET"]}}],"collection":[{"href":"https:\/\/www.mandellaistanbul.com\/fr\/wp-json\/wp\/v2\/product"}],"about":[{"href":"https:\/\/www.mandellaistanbul.com\/fr\/wp-json\/wp\/v2\/types\/product"}],"replies":[{"embeddable":true,"href":"https:\/\/www.mandellaistanbul.com\/fr\/wp-json\/wp\/v2\/comments?post=14720"}],"version-history":[{"count":3,"href":"https:\/\/www.mandellaistanbul.com\/fr\/wp-json\/wp\/v2\/product\/14720\/revisions"}],"predecessor-version":[{"id":18433,"href":"https:\/\/www.mandellaistanbul.com\/fr\/wp-json\/wp\/v2\/product\/14720\/revisions\/18433"}],"wp:featuredmedia":[{"embeddable":true,"href":"https:\/\/www.mandellaistanbul.com\/fr\/wp-json\/wp\/v2\/media\/13521"}],"wp:attachment":[{"href":"https:\/\/www.mandellaistanbul.com\/fr\/wp-json\/wp\/v2\/media?parent=14720"}],"wp:term":[{"taxonomy":"product_brand","embeddable":true,"href":"https:\/\/www.mandellaistanbul.com\/fr\/wp-json\/wp\/v2\/product_brand?post=14720"},{"taxonomy":"product_cat","embeddable":true,"href":"https:\/\/www.mandellaistanbul.com\/fr\/wp-json\/wp\/v2\/product_cat?post=14720"},{"taxonomy":"product_tag","embeddable":true,"href":"https:\/\/www.mandellaistanbul.com\/fr\/wp-json\/wp\/v2\/product_tag?post=14720"}],"curies":[{"name":"wp","href":"https:\/\/api.w.org\/{rel}","templated":true}]}}