{"id":14717,"date":"2023-09-12T14:18:45","date_gmt":"2023-09-12T11:18:45","guid":{"rendered":"https:\/\/www.mandellaistanbul.com\/product\/chemise-beige-a-motifs\/"},"modified":"2024-10-15T20:02:26","modified_gmt":"2024-10-15T17:02:26","slug":"chemise-beige-a-motifs","status":"publish","type":"product","link":"https:\/\/www.mandellaistanbul.com\/fr\/produit\/chemise-beige-a-motifs\/","title":{"rendered":"Chemise beige \u00e0 motifs"},"content":{"rendered":"<h3>Chemise beige \u00e0 motifs en cuir : o\u00f9 luxe et \u00e9l\u00e9gance se rencontrent<\/h3>\n<h4>Chemise beige \u00e0 motifs en cuir<\/h4>\n<p>Les chemises beiges \u00e0 motifs en cuir font passer votre style au niveau sup\u00e9rieur en offrant un look luxueux et sophistiqu\u00e9. La combinaison unique des tons chauds du beige et des motifs en cuir rend ces chemises pr\u00e9f\u00e9rables pour un usage quotidien et des occasions sp\u00e9ciales. Les chemises beiges \u00e0 motifs en cuir sont le choix parfait pour ceux qui sont s\u00fbrs d&#8217;eux et qui veulent refl\u00e9ter leur style.<\/p>\n<h4>Prix des chemises beiges \u00e0 motifs en cuir<\/h4>\n<p>Les prix des <a href=\"https:\/\/www.mandellaistanbul.com\/toptan-gomlek\/\">chemises en gros<\/a> \u00e0 motifs en cuir beige peuvent varier en fonction de la qualit\u00e9 du tissu utilis\u00e9, des d\u00e9tails de conception et de la marque. Les tissus de qualit\u00e9 et les designs originaux se trouvent g\u00e9n\u00e9ralement dans des gammes de prix plus \u00e9lev\u00e9es. Cependant, en tant que Mandella Istanbul, nous vous proposons des produits de la plus haute qualit\u00e9 aux prix les plus abordables pour les achats de chemises en gros. Vous pouvez nous contacter pour des chemises beiges \u00e0 motifs cuir qui correspondent \u00e0 votre budget.<\/p>\n<h4>Mod\u00e8les de chemises beiges \u00e0 motifs cuir<\/h4>\n<p>Les mod\u00e8les de chemises beiges \u00e0 motifs cuir sont con\u00e7us pour plaire \u00e0 tous les go\u00fbts avec des coupes et des designs diff\u00e9rents. Propos\u00e9es dans une large gamme allant des mod\u00e8les \u00e0 col classique aux coupes modernes, ces chemises peuvent \u00eatre facilement pr\u00e9f\u00e9r\u00e9es aussi bien dans la vie professionnelle que lors d&#8217;\u00e9v\u00e9nements sociaux. Avec la vari\u00e9t\u00e9 que nous proposons en tant que Mandella Istanbul pour les achats de chemises en gros, vous pouvez trouver les mod\u00e8les de chemises beiges \u00e0 motifs en cuir les plus \u00e9l\u00e9gants et les plus modernes qui r\u00e9pondent \u00e0 vos besoins.<\/p>\n<h3>Pourquoi devriez-vous pr\u00e9f\u00e9rer la chemise beige \u00e0 motifs en cuir ?<\/h3>\n<ul>\n<li><strong>Luxe et style :<\/strong> cr\u00e9ez un style luxueux avec les touches sophistiqu\u00e9es des motifs en cuir et les tons chauds du beige.<\/li>\n<li><strong>Possibilit\u00e9s de combinaison polyvalentes :<\/strong> les mod\u00e8les compatibles avec les combinaisons classiques et modernes offrent une utilisation polyvalente.<\/li>\n<li><strong>Qualit\u00e9 et confort :<\/strong> les chemises beiges \u00e0 motifs en cuir propos\u00e9es par Mandella Istanbul offrent une utilisation \u00e0 long terme avec leurs tissus de qualit\u00e9 et leurs coupes confortables.<\/li>\n<\/ul>\n<h3>Mandella Istanbul : une adresse fiable pour l&#8217;achat de chemises en gros<\/h3>\n<p>En tant que Mandella Istanbul, nous vous proposons des produits de la plus haute qualit\u00e9 et \u00e9l\u00e9gants aux prix les plus abordables pour vos achats de chemises en gros. Avec nos mod\u00e8les de chemises beiges \u00e0 motifs en cuir, vous pouvez \u00e0 la fois cr\u00e9er votre propre style et proposer une large gamme de produits \u00e0 vos clients. Choisissez Mandella Istanbul pour des chemises beiges \u00e0 motifs en cuir de qualit\u00e9, \u00e9l\u00e9gantes et modernes et refl\u00e9tez votre style.<\/p>\n","protected":false},"excerpt":{"rendered":"<p>Avec son style sauvage et libre, la chemise blanche \u00e0 motif de tigre allie courage et style.<\/p>\n","protected":false},"featured_media":13506,"comment_status":"open","ping_status":"closed","template":"","meta":[],"product_brand":[],"product_cat":[142,177],"product_tag":[],"class_list":{"0":"post-14717","1":"product","2":"type-product","3":"status-publish","4":"has-post-thumbnail","6":"product_cat-vente-en-gros-chemises","7":"product_cat-chemise-a-manches-courtes","8":"pa_beden-l-fr","9":"pa_beden-m-fr","10":"pa_beden-xl-fr","11":"pa_beden-xxl-fr","13":"first","14":"outofstock","15":"taxable","16":"shipping-taxable","17":"purchasable","18":"product-type-simple"},"_links":{"self":[{"href":"https:\/\/www.mandellaistanbul.com\/fr\/wp-json\/wp\/v2\/product\/14717","targetHints":{"allow":["GET"]}}],"collection":[{"href":"https:\/\/www.mandellaistanbul.com\/fr\/wp-json\/wp\/v2\/product"}],"about":[{"href":"https:\/\/www.mandellaistanbul.com\/fr\/wp-json\/wp\/v2\/types\/product"}],"replies":[{"embeddable":true,"href":"https:\/\/www.mandellaistanbul.com\/fr\/wp-json\/wp\/v2\/comments?post=14717"}],"version-history":[{"count":3,"href":"https:\/\/www.mandellaistanbul.com\/fr\/wp-json\/wp\/v2\/product\/14717\/revisions"}],"predecessor-version":[{"id":18408,"href":"https:\/\/www.mandellaistanbul.com\/fr\/wp-json\/wp\/v2\/product\/14717\/revisions\/18408"}],"wp:featuredmedia":[{"embeddable":true,"href":"https:\/\/www.mandellaistanbul.com\/fr\/wp-json\/wp\/v2\/media\/13506"}],"wp:attachment":[{"href":"https:\/\/www.mandellaistanbul.com\/fr\/wp-json\/wp\/v2\/media?parent=14717"}],"wp:term":[{"taxonomy":"product_brand","embeddable":true,"href":"https:\/\/www.mandellaistanbul.com\/fr\/wp-json\/wp\/v2\/product_brand?post=14717"},{"taxonomy":"product_cat","embeddable":true,"href":"https:\/\/www.mandellaistanbul.com\/fr\/wp-json\/wp\/v2\/product_cat?post=14717"},{"taxonomy":"product_tag","embeddable":true,"href":"https:\/\/www.mandellaistanbul.com\/fr\/wp-json\/wp\/v2\/product_tag?post=14717"}],"curies":[{"name":"wp","href":"https:\/\/api.w.org\/{rel}","templated":true}]}}