{"id":14716,"date":"2023-09-12T14:19:23","date_gmt":"2023-09-12T11:19:23","guid":{"rendered":"https:\/\/www.mandellaistanbul.com\/product\/skull-black-and-white-double-colour-pocket-shirt-v2\/"},"modified":"2024-10-15T21:45:02","modified_gmt":"2024-10-15T18:45:02","slug":"t-shirt-tete-de-mort","status":"publish","type":"product","link":"https:\/\/www.mandellaistanbul.com\/fr\/produit\/t-shirt-tete-de-mort\/","title":{"rendered":"T-Shirt T\u00eate De Mort"},"content":{"rendered":"<h2>Chemises \u00e0 t\u00eate de mort : des options audacieuses et \u00e9l\u00e9gantes<\/h2>\n<h3>Collection de chemises \u00e0 t\u00eate de mort en gros de Mandella Istanbul<\/h3>\n<p>Mandella Istanbul est l\u00e0 avec sa collection de chemises \u00e0 t\u00eate de mort en gros audacieuses et \u00e9l\u00e9gantes. Voici ce que vous devez savoir sur ces chemises qui seront appr\u00e9ci\u00e9es par vos clients commerciaux qui souhaitent ajouter une touche frappante et originale aux vitrines de votre magasin :<\/p>\n<h3>Mod\u00e8les de chemises \u00e0 t\u00eate de mort<\/h3>\n<p>Mandella Istanbul propose une large gamme de mod\u00e8les de chemises \u00e0 t\u00eate de mort. Con\u00e7ues avec des motifs de t\u00eate de mort embl\u00e9matiques, ces chemises plaisent \u00e0 tous les go\u00fbts et enrichissent les garde-robes. Con\u00e7us avec l&#8217;aspect \u00e9nergique et audacieux des motifs de t\u00eate de mort, ces mod\u00e8les peuvent \u00eatre utilis\u00e9s confortablement dans n&#8217;importe quel environnement et augmentent la gamme de produits de votre magasin. Con\u00e7ues avec des touches \u00e0 la fois classiques et modernes, ces chemises aident vos clients \u00e0 exprimer leur style de la meilleure fa\u00e7on. Ces chemises \u00e9l\u00e9gantes et accrocheuses donnent \u00e0 chaque client un look original et courageux.<\/p>\n<h3>Qualit\u00e9 et confort<\/h3>\n<p>En tant que Mandella Istanbul, nous accordons la priorit\u00e9 \u00e0 la qualit\u00e9 et \u00e0 la satisfaction du client dans chacun de nos produits. Nos chemises \u00e0 t\u00eate de mort sont le reflet de cette compr\u00e9hension. Fabriqu\u00e9es avec des tissus de haute qualit\u00e9 et une finition soign\u00e9e, ces chemises offrent \u00e0 la fois une utilisation durable et confortable. Gr\u00e2ce aux tissus respirants et doux pour la peau, vos clients se sentent \u00e0 l&#8217;aise toute la journ\u00e9e. Ces chemises, faciles \u00e0 repasser et \u00e0 entretenir, offrent une utilisation pratique et sont id\u00e9ales pour vos clients qui veulent se pr\u00e9parer rapidement. En m\u00eame temps, ces chemises sont con\u00e7ues pour diverses conditions m\u00e9t\u00e9orologiques, de sorte qu&#8217;elles peuvent \u00eatre port\u00e9es confortablement en toute saison.<\/p>\n<h3>Prix des chemises \u00e0 t\u00eate de mort<\/h3>\n<p>Mandella Istanbul propose des chemises \u00e0 t\u00eate de mort \u00e0 des prix de gros abordables. Sans compromettre la qualit\u00e9, nous offrons \u00e0 nos clients commerciaux la possibilit\u00e9 de saisir l&#8217;\u00e9l\u00e9gance avec des options adapt\u00e9es \u00e0 leur budget. Dans notre collection, vous pouvez trouver une large gamme dans diff\u00e9rentes gammes de prix et choisir les chemises qui conviennent le mieux au style de votre magasin. Avec des remises et des campagnes effectu\u00e9es pendant certaines p\u00e9riodes, vous pouvez acheter ces chemises \u00e9l\u00e9gantes \u00e0 des prix encore plus abordables. Vous pouvez suivre r\u00e9guli\u00e8rement notre site Web pour conna\u00eetre les campagnes en cours et les offres sp\u00e9ciales. Vous pouvez \u00e9galement b\u00e9n\u00e9ficier de remises et d&#8217;avantages sp\u00e9ciaux en rejoignant notre programme d&#8217;adh\u00e9sion.<\/p>\n<h3>Commandez maintenant<\/h3>\n<p>Vous pouvez porter le look audacieux et \u00e9l\u00e9gant des chemises \u00e0 t\u00eate de mort dans votre magasin en passant imm\u00e9diatement une commande en gros sur notre site Web. N&#8217;oubliez pas, ayez toujours une longueur d&#8217;avance avec Mandella Istanbul et offrez \u00e0 vos clients les meilleurs produits. Avec l&#8217;importance que nous accordons \u00e0 la satisfaction de nos clients, nous vous livrons vos commandes rapidement et en toute s\u00e9curit\u00e9. Renouvelez votre magasin et soyez toujours \u00e0 votre meilleur en faisant des achats en gros chez Mandella Istanbul, o\u00f9 qualit\u00e9 et \u00e9l\u00e9gance se rencontrent !<\/p>\n","protected":false},"excerpt":{"rendered":"<p>Le Skull Black and White Double Colour Pocket Shirt V2 est une excellente option pour ceux qui ont un style alternatif.<\/p>\n","protected":false},"featured_media":13551,"comment_status":"open","ping_status":"closed","template":"","meta":[],"product_brand":[],"product_cat":[142,197],"product_tag":[],"class_list":{"0":"post-14716","1":"product","2":"type-product","3":"status-publish","4":"has-post-thumbnail","6":"product_cat-vente-en-gros-chemises","7":"product_cat-chemises-a-poches","8":"pa_beden-l-fr","9":"pa_beden-m-fr","10":"pa_beden-xl-fr","11":"pa_beden-xxl-fr","13":"first","14":"instock","15":"taxable","16":"shipping-taxable","17":"purchasable","18":"product-type-simple"},"_links":{"self":[{"href":"https:\/\/www.mandellaistanbul.com\/fr\/wp-json\/wp\/v2\/product\/14716","targetHints":{"allow":["GET"]}}],"collection":[{"href":"https:\/\/www.mandellaistanbul.com\/fr\/wp-json\/wp\/v2\/product"}],"about":[{"href":"https:\/\/www.mandellaistanbul.com\/fr\/wp-json\/wp\/v2\/types\/product"}],"replies":[{"embeddable":true,"href":"https:\/\/www.mandellaistanbul.com\/fr\/wp-json\/wp\/v2\/comments?post=14716"}],"version-history":[{"count":2,"href":"https:\/\/www.mandellaistanbul.com\/fr\/wp-json\/wp\/v2\/product\/14716\/revisions"}],"predecessor-version":[{"id":18569,"href":"https:\/\/www.mandellaistanbul.com\/fr\/wp-json\/wp\/v2\/product\/14716\/revisions\/18569"}],"wp:featuredmedia":[{"embeddable":true,"href":"https:\/\/www.mandellaistanbul.com\/fr\/wp-json\/wp\/v2\/media\/13551"}],"wp:attachment":[{"href":"https:\/\/www.mandellaistanbul.com\/fr\/wp-json\/wp\/v2\/media?parent=14716"}],"wp:term":[{"taxonomy":"product_brand","embeddable":true,"href":"https:\/\/www.mandellaistanbul.com\/fr\/wp-json\/wp\/v2\/product_brand?post=14716"},{"taxonomy":"product_cat","embeddable":true,"href":"https:\/\/www.mandellaistanbul.com\/fr\/wp-json\/wp\/v2\/product_cat?post=14716"},{"taxonomy":"product_tag","embeddable":true,"href":"https:\/\/www.mandellaistanbul.com\/fr\/wp-json\/wp\/v2\/product_tag?post=14716"}],"curies":[{"name":"wp","href":"https:\/\/api.w.org\/{rel}","templated":true}]}}