{"id":14703,"date":"2023-09-12T14:18:23","date_gmt":"2023-09-12T11:18:23","guid":{"rendered":"https:\/\/www.mandellaistanbul.com\/product\/chemise-a-rayures-noires-et-jaunes\/"},"modified":"2024-10-15T21:49:11","modified_gmt":"2024-10-15T18:49:11","slug":"chemise-a-rayures-noires-et-jaunes","status":"publish","type":"product","link":"https:\/\/www.mandellaistanbul.com\/fr\/produit\/chemise-a-rayures-noires-et-jaunes\/","title":{"rendered":"Chemise \u00c0 Rayures Noires Et Jaunes"},"content":{"rendered":"<h2>Chemise ray\u00e9e noire et jaune : les couleurs incontournables de la mode<\/h2>\n<p>Mandella Istanbul vous pr\u00e9sente sa collection de <a href=\"https:\/\/www.mandellaistanbul.com\/toptan-gomlek\/\">chemises toptan<\/a> \u00e0 rayures noires et jaunes, qui est un choix audacieux et accrocheur dans le monde de la mode. Cette collection sp\u00e9ciale compl\u00e8te parfaitement votre style en offrant \u00e0 la fois \u00e9l\u00e9gance et confort. Voici ce que vous devez savoir sur les chemises \u00e0 rayures noires et jaunes :<\/p>\n<h3>Prix des chemises \u00e0 rayures noires et jaunes<\/h3>\n<p><strong>Prix abordables :<\/strong> Mandella Istanbul rend la qualit\u00e9 accessible en proposant des chemises \u00e0 rayures noires et jaunes \u00e0 des prix abordables. Ces chemises, qui vous permettent d&#8217;atteindre l&#8217;\u00e9l\u00e9gance sans compromettre la qualit\u00e9, plaisent \u00e0 tous les budgets.<\/p>\n<p><strong>Remises et campagnes :<\/strong> Vous pouvez acheter des chemises \u00e0 rayures noires et jaunes \u00e0 des prix plus avantageux gr\u00e2ce aux remises et campagnes effectu\u00e9es pendant certaines p\u00e9riodes. Vous pouvez visiter notre site Web pour conna\u00eetre les campagnes et opportunit\u00e9s actuelles.<\/p>\n<h3>Mod\u00e8les de chemises noires et jaunes<\/h3>\n<p><strong>Large gamme d&#8217;options de mod\u00e8les :<\/strong> Mandella Istanbul propose une large gamme de mod\u00e8les de chemises noires et jaunes. Des mod\u00e8les qui plaisent \u00e0 tous les go\u00fbts avec diff\u00e9rentes options de coupe, de col et de motif seront indispensables \u00e0 votre garde-robe.<\/p>\n<p><strong>Mod\u00e8les modernes et classiques :<\/strong> Les chemises noires et jaunes offrent des designs modernes et classiques ensemble. Ces chemises sont con\u00e7ues avec \u00e9l\u00e9gance que vous pouvez pr\u00e9f\u00e9rer aussi bien pour un usage quotidien que pour des invitations sp\u00e9ciales.<\/p>\n<h3>Mod\u00e8les de chemises \u00e0 rayures noires et jaunes<\/h3>\n<p><strong>Lignes uniques :<\/strong> Les mod\u00e8les de chemises \u00e0 rayures noires et jaunes attirent l&#8217;attention par leurs lignes uniques. La combinaison harmonieuse du noir et du jaune offre un style qui vous fera remarquer dans chaque environnement.<\/p>\n<p><strong>Diff\u00e9rentes possibilit\u00e9s de combinaison :<\/strong> Vous pouvez facilement combiner des chemises \u00e0 rayures noires et jaunes avec diff\u00e9rents pantalons et accessoires. Vous pouvez cr\u00e9er des combinaisons qui refl\u00e9teront votre style aussi bien au travail que dans la vie quotidienne.<\/p>\n<h3>Chemise ray\u00e9e pour homme<\/h3>\n<p><strong>Mod\u00e8les sp\u00e9ciaux pour hommes :<\/strong> Mandella Istanbul sait que les chemises ray\u00e9es ont une place particuli\u00e8re dans la mode masculine et cr\u00e9e ses mod\u00e8les avec cette compr\u00e9hension. Les mod\u00e8les de chemises ray\u00e9es pour hommes compl\u00e8tent votre style en offrant \u00e0 la fois \u00e9l\u00e9gance et confort.<\/p>\n<p><strong>Lignes classiques et modernes :<\/strong> les chemises ray\u00e9es pour hommes r\u00e9unissent des lignes classiques et modernes. Ces chemises, que vous pouvez utiliser aussi bien dans la vie professionnelle que sociale, seront indispensables dans votre garde-robe.<\/p>\n<h3>Qualit\u00e9 Mandella Istanbul<\/h3>\n<p>En tant que Mandella Istanbul, nous accordons la priorit\u00e9 \u00e0 la qualit\u00e9 et \u00e0 la satisfaction du client dans chacun de nos produits. Nos chemises ray\u00e9es noires et jaunes sont le reflet de cette compr\u00e9hension. Ces chemises, fabriqu\u00e9es avec des tissus soigneusement s\u00e9lectionn\u00e9s et une finition soign\u00e9e, offrent une utilisation durable et confortable.<\/p>\n<p>Vous pouvez porter l&#8217;\u00e9l\u00e9gance tendance des chemises \u00e0 rayures noires et jaunes en commandant d\u00e8s maintenant sur notre site Web. Ayez toujours une longueur d&#8217;avance avec Mandella Istanbul !<\/p>\n","protected":false},"excerpt":{"rendered":"<p>La chemise \u00e0 rayures noires et jaunes offre un style \u00e9nergique et moderne. La combinaison du noir et du jaune donne un aspect vibrant et \u00e9l\u00e9gant.<\/p>\n","protected":false},"featured_media":13671,"comment_status":"open","ping_status":"closed","template":"","meta":[],"product_brand":[],"product_cat":[142,177],"product_tag":[],"class_list":{"0":"post-14703","1":"product","2":"type-product","3":"status-publish","4":"has-post-thumbnail","6":"product_cat-vente-en-gros-chemises","7":"product_cat-chemise-a-manches-courtes","8":"pa_beden-l-fr","9":"pa_beden-m-fr","10":"pa_beden-xl-fr","11":"pa_beden-xxl-fr","13":"first","14":"instock","15":"taxable","16":"shipping-taxable","17":"purchasable","18":"product-type-simple"},"_links":{"self":[{"href":"https:\/\/www.mandellaistanbul.com\/fr\/wp-json\/wp\/v2\/product\/14703","targetHints":{"allow":["GET"]}}],"collection":[{"href":"https:\/\/www.mandellaistanbul.com\/fr\/wp-json\/wp\/v2\/product"}],"about":[{"href":"https:\/\/www.mandellaistanbul.com\/fr\/wp-json\/wp\/v2\/types\/product"}],"replies":[{"embeddable":true,"href":"https:\/\/www.mandellaistanbul.com\/fr\/wp-json\/wp\/v2\/comments?post=14703"}],"version-history":[{"count":3,"href":"https:\/\/www.mandellaistanbul.com\/fr\/wp-json\/wp\/v2\/product\/14703\/revisions"}],"predecessor-version":[{"id":18578,"href":"https:\/\/www.mandellaistanbul.com\/fr\/wp-json\/wp\/v2\/product\/14703\/revisions\/18578"}],"wp:featuredmedia":[{"embeddable":true,"href":"https:\/\/www.mandellaistanbul.com\/fr\/wp-json\/wp\/v2\/media\/13671"}],"wp:attachment":[{"href":"https:\/\/www.mandellaistanbul.com\/fr\/wp-json\/wp\/v2\/media?parent=14703"}],"wp:term":[{"taxonomy":"product_brand","embeddable":true,"href":"https:\/\/www.mandellaistanbul.com\/fr\/wp-json\/wp\/v2\/product_brand?post=14703"},{"taxonomy":"product_cat","embeddable":true,"href":"https:\/\/www.mandellaistanbul.com\/fr\/wp-json\/wp\/v2\/product_cat?post=14703"},{"taxonomy":"product_tag","embeddable":true,"href":"https:\/\/www.mandellaistanbul.com\/fr\/wp-json\/wp\/v2\/product_tag?post=14703"}],"curies":[{"name":"wp","href":"https:\/\/api.w.org\/{rel}","templated":true}]}}