{"id":14702,"date":"2023-09-12T14:17:38","date_gmt":"2023-09-12T11:17:38","guid":{"rendered":"https:\/\/www.mandellaistanbul.com\/product\/ensemble-short-et-chemise-a-rayures-noires-et-blanches\/"},"modified":"2024-10-15T21:58:35","modified_gmt":"2024-10-15T18:58:35","slug":"ensemble-short-et-chemise-a-rayures-noires-et-blanches","status":"publish","type":"product","link":"https:\/\/www.mandellaistanbul.com\/fr\/produit\/ensemble-short-et-chemise-a-rayures-noires-et-blanches\/","title":{"rendered":"Ensemble Short Et Chemise \u00c0 Rayures Noires Et Blanches"},"content":{"rendered":"<div class=\"flex flex-grow flex-col max-w-full\">\n<div class=\"min-h-[20px] text-message flex flex-col items-start whitespace-pre-wrap break-words [ .text-message+&amp;]:mt-5 juice:w-full juice:items-end overflow-x-auto gap-2\" dir=\"auto\" data-message-author-role=\"assistant\" data-message-id=\"787d796e- 3081-422e-aecc-a3715787380a\">\n<div class=\"flex w-full flex-col gap-1 juice:empty:hidden juice:first:pt-[3px]\">\n<div class=\" markdown prose w-full break-words dark:prose-invert dark\">\n<h2>Ensemble de chemises \u00e0 rayures noires et blanches\u00a0: la rencontre du classique et du moderne<\/h2>\n<p>Mandella Istanbul vous propose une collection de chemises noires et Ensembles de chemises \u00e0 rayures blanches con\u00e7us avec des touches classiques et modernes. Alliant \u00e9l\u00e9gance intemporelle et style sophistiqu\u00e9, ces costumes mettront en valeur votre style. Voici ce que vous devez savoir sur les ensembles de chemises \u00e0 rayures noires et blanches\u00a0:<\/p>\n<h3>Ensembles de chemises \u00e0 rayures noires et blanches<\/h3>\n<p><strong>Combinaisons uniques\u00a0:<\/strong> Les ensembles de chemises \u00e0 rayures noires et blanches s&#8217;associent parfaitement \u00e0 la chemise et au pantalon ou au short. Ces ensembles offrent un look saisissant lors d&#8217;occasions sp\u00e9ciales et d&#8217;invitations.<\/p>\n<p><strong>Confortables et \u00e9l\u00e9gants\u00a0:<\/strong> Refl\u00e9tant le style ray\u00e9, ces costumes offrent \u00e0 la fois confort et \u00e9l\u00e9gance. Avec des tissus respirants et une finition m\u00e9ticuleuse, ces costumes vous assureront une journ\u00e9e confortable.<\/p>\n<h3>Mod\u00e8les d&#8217;ensembles de chemises \u00e0 rayures<\/h3>\n<p><strong>Divers mod\u00e8les\u00a0:<\/strong> Mandella Istanbul propose une large gamme de mod\u00e8les d&#8217;ensembles de chemises \u00e0 rayures. Des mod\u00e8les qui plaisent \u00e0 tous les go\u00fbts avec diff\u00e9rentes options de col et de coupe enrichissent votre garde-robe.<\/p>\n<p><strong>Style intemporel\u00a0:<\/strong> Les ensembles de chemises \u00e0 rayures maintiennent votre \u00e9l\u00e9gance \u00e0 chaque p\u00e9riode avec leurs designs intemporels. Vous pouvez les porter aussi bien au quotidien que lors d&#8217;occasions sp\u00e9ciales. Ces costumes compl\u00e8tent votre style.<\/p>\n<h3>Ensemble chemise short ray\u00e9<\/h3>\n<p><strong>Indispensable pour les mois d&#8217;\u00e9t\u00e9\u00a0:<\/strong> Les ensembles chemise short ray\u00e9 vous permettent d&#8217;\u00eatre \u00e0 la fois \u00e9l\u00e9gant et confortable pendant les mois d&#8217;\u00e9t\u00e9. Les tissus l\u00e9gers et respirants offrent une utilisation confortable par temps chaud.<\/p>\n<p><strong>Motifs uniques\u00a0:<\/strong> Les ensembles shorts et chemises ray\u00e9s plaisent \u00e0 tous les styles avec diff\u00e9rentes options de motifs et de couleurs, \u00e9nergisants et cr\u00e9ent un look \u00e9l\u00e9gant.<\/p>\n<h3>Prix des costumes ray\u00e9s<\/h3>\n<p><strong>Prix abordables\u00a0:<\/strong> Mandella Istanbul propose des ensembles chemises ray\u00e9es \u00e0 des prix abordables. Vous pouvez atteindre l&#8217;\u00e9l\u00e9gance avec des options qui correspondent \u00e0 votre budget sans compromettre la qualit\u00e9.<\/p>\n<p><strong>Remises et campagnes\u00a0:<\/strong> vous pouvez acheter des ensembles de chemises \u00e0 rayures \u00e0 des prix encore plus abordables gr\u00e2ce aux remises et aux campagnes organis\u00e9es pendant certaines p\u00e9riodes. Pour les campagnes en cours, visitez notre site Web que vous pouvez suivre.<\/p>\n<h3>Mod\u00e8les de costumes \u00e0 rayures<\/h3>\n<p><strong>Classique et moderne\u00a0:<\/strong> les mod\u00e8les de costumes \u00e0 rayures offrent des d\u00e9tails classiques et modernes ensemble. Ces costumes combinent l&#8217;\u00e9l\u00e9gance du pass\u00e9 avec le confort d&#8217;aujourd&#8217;hui. , met en valeur votre style.<\/p>\n<p><strong>Diverses possibilit\u00e9s de combinaison\u00a0:<\/strong> vous pouvez facilement combiner des costumes \u00e0 rayures avec diff\u00e9rents pantalons, vestes et shorts. Ces costumes, que vous pouvez facilement utiliser lors de r\u00e9unions d&#8217;affaires, d&#8217;invitations ou de la vie quotidienne, compl\u00e8tent votre style.<\/p>\n<h3>Qualit\u00e9 Mandella Istanbul<\/h3>\n<p>En tant que Mandella Istanbul, nous accordons la priorit\u00e9 \u00e0 la qualit\u00e9 et \u00e0 la satisfaction du client dans chacun de nos produits. Les ensembles de chemises \u00e0 rayures noires et blanches et les ensembles de shorts et de chemises \u00e0 rayures sont le reflet de cette compr\u00e9hension. Ces costumes, fabriqu\u00e9s avec des tissus soigneusement s\u00e9lectionn\u00e9s et une finition soign\u00e9e, offrent une utilisation durable et confortable.<\/p>\n<p>Vous pouvez porter l&#8217;\u00e9l\u00e9gance des ensembles de chemises \u00e0 rayures noires et blanches et des ensembles de shorts et de chemises \u00e0 rayures en commandant imm\u00e9diatement sur notre site Web. N&#8217;oubliez pas, votre \u00e9l\u00e9gance avec Mandella Istanbul a toujours une longueur d&#8217;avance !<\/p>\n<\/div>\n<\/div>\n<\/div>\n<\/div>\n","protected":false},"excerpt":{"rendered":"<p>L&#8217;ensemble short et chemise \u00e0 rayures noires et blanches, sp\u00e9cialement con\u00e7u par Mandella Istanbul, allie l&#8217;\u00e9l\u00e9gance de la ligne classique au confort moderne. Une option \u00e9l\u00e9gante et styl\u00e9e.<\/p>\n","protected":false},"featured_media":13626,"comment_status":"open","ping_status":"closed","template":"","meta":[],"product_brand":[],"product_cat":[142,181],"product_tag":[],"class_list":{"0":"post-14702","1":"product","2":"type-product","3":"status-publish","4":"has-post-thumbnail","6":"product_cat-vente-en-gros-chemises","7":"product_cat-ensemble-short-et-chemise","8":"pa_beden-l-fr","9":"pa_beden-m-fr","10":"pa_beden-xl-fr","11":"pa_beden-xxl-fr","13":"first","14":"outofstock","15":"taxable","16":"shipping-taxable","17":"purchasable","18":"product-type-simple"},"_links":{"self":[{"href":"https:\/\/www.mandellaistanbul.com\/fr\/wp-json\/wp\/v2\/product\/14702","targetHints":{"allow":["GET"]}}],"collection":[{"href":"https:\/\/www.mandellaistanbul.com\/fr\/wp-json\/wp\/v2\/product"}],"about":[{"href":"https:\/\/www.mandellaistanbul.com\/fr\/wp-json\/wp\/v2\/types\/product"}],"replies":[{"embeddable":true,"href":"https:\/\/www.mandellaistanbul.com\/fr\/wp-json\/wp\/v2\/comments?post=14702"}],"version-history":[{"count":3,"href":"https:\/\/www.mandellaistanbul.com\/fr\/wp-json\/wp\/v2\/product\/14702\/revisions"}],"predecessor-version":[{"id":18591,"href":"https:\/\/www.mandellaistanbul.com\/fr\/wp-json\/wp\/v2\/product\/14702\/revisions\/18591"}],"wp:featuredmedia":[{"embeddable":true,"href":"https:\/\/www.mandellaistanbul.com\/fr\/wp-json\/wp\/v2\/media\/13626"}],"wp:attachment":[{"href":"https:\/\/www.mandellaistanbul.com\/fr\/wp-json\/wp\/v2\/media?parent=14702"}],"wp:term":[{"taxonomy":"product_brand","embeddable":true,"href":"https:\/\/www.mandellaistanbul.com\/fr\/wp-json\/wp\/v2\/product_brand?post=14702"},{"taxonomy":"product_cat","embeddable":true,"href":"https:\/\/www.mandellaistanbul.com\/fr\/wp-json\/wp\/v2\/product_cat?post=14702"},{"taxonomy":"product_tag","embeddable":true,"href":"https:\/\/www.mandellaistanbul.com\/fr\/wp-json\/wp\/v2\/product_tag?post=14702"}],"curies":[{"name":"wp","href":"https:\/\/api.w.org\/{rel}","templated":true}]}}