{"id":14701,"date":"2023-09-12T14:19:00","date_gmt":"2023-09-12T11:19:00","guid":{"rendered":"https:\/\/www.mandellaistanbul.com\/product\/chemise-noire-a-motifs-beiges\/"},"modified":"2024-10-13T13:15:07","modified_gmt":"2024-10-13T10:15:07","slug":"chemise-noire-a-motifs-beiges","status":"publish","type":"product","link":"https:\/\/www.mandellaistanbul.com\/fr\/produit\/chemise-noire-a-motifs-beiges\/","title":{"rendered":"Chemise noire \u00e0 motifs beige"},"content":{"rendered":"<h2>L&#8217;\u00e9l\u00e9gance intemporelle avec les chemises beiges : la collection originale de Mandella Istanbul<\/h2>\n<p>Mandella Istanbul fait la diff\u00e9rence dans le monde de la mode avec sa large collection de chemises qui pla\u00eet \u00e0 tous les go\u00fbts. Les chemises beiges sont l&#8217;une des pi\u00e8ces sp\u00e9ciales qui allient \u00e9l\u00e9gance et simplicit\u00e9 et peuvent \u00eatre pr\u00e9f\u00e9r\u00e9es dans tous les environnements. Voici les diff\u00e9rents mod\u00e8les et suggestions de combinaison de chemises beiges :<\/p>\n<h3>Chemises beiges en gros<\/h3>\n<p><strong>1. Classique et \u00e9l\u00e9gant<\/strong> : la <a href=\"https:\/\/www.mandellaistanbul.com\/toptan-gomlek\/\">chemise toptan<\/a> de couleur beige est l&#8217;une des pi\u00e8ces indispensables du style classique. Ces chemises, qui devraient \u00eatre dans chaque garde-robe avec leur look simple et \u00e9l\u00e9gant, peuvent \u00eatre facilement pr\u00e9f\u00e9r\u00e9es aussi bien au travail que dans la vie quotidienne.<\/p>\n<p><strong>2. Utilisation en toutes saisons<\/strong> : les tons doux du beige peuvent \u00eatre utilis\u00e9s aussi bien en \u00e9t\u00e9 qu&#8217;en hiver. Les chemises beiges en tissus fins vous gardent au frais pendant les mois d&#8217;\u00e9t\u00e9, tandis que les mod\u00e8les en tissus plus \u00e9pais vous gardent au chaud pendant les mois d&#8217;hiver.<\/p>\n<h3>Chemise beige<\/h3>\n<p><strong>1. Facilit\u00e9 d&#8217;association des couleurs<\/strong> : les chemises beiges peuvent \u00eatre assorties \u00e0 presque toutes les couleurs. Vous pouvez les combiner avec des couleurs neutres comme le noir, le blanc et le marron ou cr\u00e9er un contraste avec des couleurs plus vives.<\/p>\n<p><strong>2. Suggestions de combinaison<\/strong> : vous pouvez compl\u00e9ter votre style en combinant vos chemises beiges avec un jean, un pantalon en tissu \u00e9l\u00e9gant ou un chino confortable. Vous pouvez \u00e9galement enrichir votre look avec des accessoires \u00e9l\u00e9gants.<\/p>\n<h3>Chemise beige pour homme<\/h3>\n<p><strong>1. Masculin et \u00e9l\u00e9gant<\/strong> : les mod\u00e8les de chemises beiges pour homme mettent en valeur le style masculin. Con\u00e7ues avec des coupes classiques et des touches modernes, ces chemises font partie des pi\u00e8ces que tout homme devrait avoir dans sa garde-robe.<\/p>\n<p><strong>2. Occasions sp\u00e9ciales et usage quotidien : les chemises beiges pour hommes, que vous pouvez facilement porter aussi bien lors d&#8217;occasions sp\u00e9ciales que dans la vie quotidienne, compl\u00e8tent votre \u00e9l\u00e9gance. Vous pouvez les choisir pour des r\u00e9unions d&#8217;affaires ou des invitations formelles en les compl\u00e9tant avec une cravate et une veste.<\/strong><\/p>\n<h3>Chemise beige pour homme<\/h3>\n<p><strong>1. Utilisation polyvalente<\/strong> : les chemises beiges s&#8217;adaptent \u00e0 tous les styles. Elles sont le choix id\u00e9al pour compl\u00e9ter votre style vestimentaire sportif, classique ou d\u00e9contract\u00e9.<\/p>\n<p><strong>2. Tissus de qualit\u00e9<\/strong> : les chemises beiges de Mandella Istanbul sont fabriqu\u00e9es \u00e0 partir de tissus de qualit\u00e9. Les tissus respirants et r\u00e9sistants \u00e0 la transpiration offrent un confort tout au long de la journ\u00e9e.<\/p>\n<h3>Combinaisons de chemises beiges<\/h3>\n<p><strong>1. Confortable et \u00e9l\u00e9gant<\/strong> : les combinaisons de chemises beiges offrent confort et \u00e9l\u00e9gance \u00e0 la fois. Vous pouvez r\u00e9v\u00e9ler votre style en les combinant avec un jean ou un pantalon en tissu \u00e9l\u00e9gant.<\/p>\n<p><strong>2. <strong>Compl\u00e9tez avec des accessoires<\/strong> : vous pouvez enrichir votre style en compl\u00e9tant vos chemises beiges avec une montre \u00e9l\u00e9gante, une ceinture en cuir ou une cravate moderne.<\/strong><\/p>\n<h3>Chemise beige oversize<\/h3>\n<p><strong>1. Moderne et confortable<\/strong> : les chemises beiges oversize offrent un look moderne et confortable. Ce style, particuli\u00e8rement populaire aupr\u00e8s des jeunes, est id\u00e9al pour ceux qui recherchent \u00e0 la fois confort et \u00e9l\u00e9gance.<\/p>\n<p><strong>2. Street Fashion<\/strong> : vous pouvez refl\u00e9ter la mode de la rue en combinant des chemises oversize avec des baskets \u00e9l\u00e9gantes et un jean skinny.<\/p>\n<h3>Chemise beige \u00e0 rayures<\/h3>\n<p><strong>1. Dynamique et \u00e9l\u00e9gante<\/strong> : les chemises beiges \u00e0 rayures attirent l&#8217;attention avec leurs designs dynamiques et \u00e9l\u00e9gants. Les motifs ray\u00e9s ajoutent du dynamisme aux chemises et les sortent de l&#8217;ordinaire.<\/p>\n<p><strong>2. Diverses combinaisons<\/strong> : vous pouvez facilement utiliser vos chemises ray\u00e9es avec un pantalon uni ou un short dans les environnements quotidiens et professionnels.<\/p>\n<h3>Chemise beige en lin<\/h3>\n<p><strong>1. Fran\u00e7ais : Naturel et confortable : les chemises beiges en lin sont indispensables surtout pour les mois d&#8217;\u00e9t\u00e9 avec leurs tissus naturels et leur coupe confortable. Elles vous gardent au frais pendant les journ\u00e9es chaudes gr\u00e2ce \u00e0 leur tissu respirant.<\/strong><\/p>\n<p><strong>2. \u00c9l\u00e9gance et confort : offrant \u00e0 la fois un look \u00e9l\u00e9gant et confortable, les chemises en lin peuvent \u00eatre facilement pr\u00e9f\u00e9r\u00e9es \u00e0 la plage, en vacances ou dans la vie quotidienne.<\/strong><\/p>\n<h3>Chemise beige satin\u00e9e<\/h3>\n<p><strong>1. Brillante et \u00e9l\u00e9gante<\/strong> : les chemises beiges satin\u00e9es se distinguent par leur texture brillante et leur aspect \u00e9l\u00e9gant. Ce sont les pi\u00e8ces id\u00e9ales qui compl\u00e8teront votre \u00e9l\u00e9gance lors des journ\u00e9es sp\u00e9ciales et des invitations.<\/p>\n<p><strong>2. Toucher luxueux : le toucher luxueux du tissu satin\u00e9 ajoute un air diff\u00e9rent \u00e0 vos chemises beiges. Vous pouvez obtenir un look \u00e9l\u00e9gant en l&#8217;associant \u00e0 des jupes ou des pantalons \u00e9l\u00e9gants.<\/strong><\/p>\n<h3>Qualit\u00e9 Mandella Istanbul<\/h3>\n<p>En tant que Mandella Istanbul, nous produisons chaque chemise avec des tissus soigneusement s\u00e9lectionn\u00e9s et une finition m\u00e9ticuleuse. Avec notre volont\u00e9 de ne pas faire de compromis sur la qualit\u00e9, nous proposons \u00e0 nos clients des produits durables et confortables. Soyez \u00e0 la fois \u00e9l\u00e9gant et confortable avec nos chemises beiges !<\/p>\n","protected":false},"excerpt":{"rendered":"<p>La chemise noire \u00e0 motifs beiges est une option id\u00e9ale pour ceux qui veulent avoir un style moderne et sophistiqu\u00e9.<\/p>\n","protected":false},"featured_media":13527,"comment_status":"open","ping_status":"closed","template":"","meta":[],"product_brand":[],"product_cat":[142,177],"product_tag":[],"class_list":{"0":"post-14701","1":"product","2":"type-product","3":"status-publish","4":"has-post-thumbnail","6":"product_cat-vente-en-gros-chemises","7":"product_cat-chemise-a-manches-courtes","8":"pa_beden-l-fr","9":"pa_beden-m-fr","10":"pa_beden-xl-fr","11":"pa_beden-xxl-fr","13":"first","14":"outofstock","15":"taxable","16":"shipping-taxable","17":"purchasable","18":"product-type-simple"},"_links":{"self":[{"href":"https:\/\/www.mandellaistanbul.com\/fr\/wp-json\/wp\/v2\/product\/14701","targetHints":{"allow":["GET"]}}],"collection":[{"href":"https:\/\/www.mandellaistanbul.com\/fr\/wp-json\/wp\/v2\/product"}],"about":[{"href":"https:\/\/www.mandellaistanbul.com\/fr\/wp-json\/wp\/v2\/types\/product"}],"replies":[{"embeddable":true,"href":"https:\/\/www.mandellaistanbul.com\/fr\/wp-json\/wp\/v2\/comments?post=14701"}],"version-history":[{"count":3,"href":"https:\/\/www.mandellaistanbul.com\/fr\/wp-json\/wp\/v2\/product\/14701\/revisions"}],"predecessor-version":[{"id":18263,"href":"https:\/\/www.mandellaistanbul.com\/fr\/wp-json\/wp\/v2\/product\/14701\/revisions\/18263"}],"wp:featuredmedia":[{"embeddable":true,"href":"https:\/\/www.mandellaistanbul.com\/fr\/wp-json\/wp\/v2\/media\/13527"}],"wp:attachment":[{"href":"https:\/\/www.mandellaistanbul.com\/fr\/wp-json\/wp\/v2\/media?parent=14701"}],"wp:term":[{"taxonomy":"product_brand","embeddable":true,"href":"https:\/\/www.mandellaistanbul.com\/fr\/wp-json\/wp\/v2\/product_brand?post=14701"},{"taxonomy":"product_cat","embeddable":true,"href":"https:\/\/www.mandellaistanbul.com\/fr\/wp-json\/wp\/v2\/product_cat?post=14701"},{"taxonomy":"product_tag","embeddable":true,"href":"https:\/\/www.mandellaistanbul.com\/fr\/wp-json\/wp\/v2\/product_tag?post=14701"}],"curies":[{"name":"wp","href":"https:\/\/api.w.org\/{rel}","templated":true}]}}