{"id":14695,"date":"2023-09-12T14:19:26","date_gmt":"2023-09-12T11:19:26","guid":{"rendered":"https:\/\/www.mandellaistanbul.com\/product\/chemise-a-poches-bicolores-a-motifs-noirs-et-bleus\/"},"modified":"2024-10-15T20:12:35","modified_gmt":"2024-10-15T17:12:35","slug":"chemise-a-motifs-bleu-noir","status":"publish","type":"product","link":"https:\/\/www.mandellaistanbul.com\/fr\/produit\/chemise-a-motifs-bleu-noir\/","title":{"rendered":"Chemise \u00e0 motifs bleu noir"},"content":{"rendered":"<h2>Chemise \u00e0 motifs noire et bleue : le point de rencontre du style et de l&#8217;\u00e9l\u00e9gance<\/h2>\n<p>Mandella Istanbul apporte un nouveau souffle \u00e0 votre style avec sa collection de chemises con\u00e7ue avec l&#8217;harmonie unique des motifs noirs et bleus. Les chemises \u00e0 motifs noirs et bleus sont candidates pour devenir indispensables dans votre garde-robe en refl\u00e9tant un style \u00e0 la fois classique et moderne. Voici ce que vous devez savoir sur cette collection sp\u00e9ciale :<\/p>\n<h3>Chemise \u00e0 motifs noire et bleue<\/h3>\n<p><strong>Motifs uniques :<\/strong> les chemises \u00e0 motifs noirs et bleus se distinguent par leurs motifs originaux et frappants. Le contraste du noir et du bleu donne aux chemises un look dynamique et \u00e9l\u00e9gant.<\/p>\n<p><strong>Haute qualit\u00e9 :<\/strong> Mandella Istanbul utilise des tissus de qualit\u00e9 pour les chemises \u00e0 motifs noirs et bleus comme pour tous ses produits. Offrant une utilisation durable et confortable, ces chemises allient \u00e9l\u00e9gance et confort.<\/p>\n<h3>Chemise \u00e0 motifs bleue<\/h3>\n<p><strong>Moderne et \u00e9l\u00e9gante<\/strong>\u00a0: les chemises \u00e0 motifs bleues <a href=\"https:\/\/www.mandellaistanbul.com\/toptan-gomlek\/\">toptan<\/a> attirent l&#8217;attention avec leurs designs modernes et \u00e9l\u00e9gants. Ces chemises, qui peuvent \u00eatre utilis\u00e9es facilement aussi bien au travail que dans la vie quotidienne, ajoutent une touche sophistiqu\u00e9e \u00e0 votre style.<\/p>\n<p><strong>Possibilit\u00e9 de combinaison facile\u00a0:<\/strong> vous pouvez facilement combiner les chemises \u00e0 motifs bleus avec diff\u00e9rents pantalons et accessoires. Ces chemises vous permettent de cr\u00e9er diff\u00e9rentes combinaisons en s&#8217;harmonisant avec d&#8217;autres pi\u00e8ces de votre garde-robe.<\/p>\n<h3>Chemise \u00e0 motifs noire<\/h3>\n<p><strong>Classique et styl\u00e9e\u00a0:<\/strong> les chemises \u00e0 motifs noires se distinguent par leurs designs classiques et styl\u00e9s. La noblesse de la couleur noire, alli\u00e9e au dynamisme des motifs, vous permet de vous faire remarquer dans tous les environnements.<\/p>\n<p><strong>Diverses options de motifs :<\/strong> Mandella Istanbul propose une large gamme de motifs dans les chemises \u00e0 motifs noirs. Des mod\u00e8les qui plaisent \u00e0 tous les go\u00fbts avec diff\u00e9rentes options de motifs compl\u00e8tent votre style.<\/p>\n<h3>Chemises \u00e0 motifs<\/h3>\n<p><strong>Grande vari\u00e9t\u00e9 de motifs :<\/strong> Mandella Istanbul propose une grande vari\u00e9t\u00e9 dans sa collection de chemises \u00e0 motifs. Vous pouvez trouver des mod\u00e8les adapt\u00e9s \u00e0 chaque style avec diff\u00e9rentes options de couleurs et de motifs.<\/p>\n<p><strong>Style et confort r\u00e9unis :<\/strong> Les chemises \u00e0 motifs offrent \u00e9l\u00e9gance et confort \u00e0 la fois. Avec leurs coupes confortables et leurs tissus de qualit\u00e9, elles offrent une utilisation confortable tout au long de la journ\u00e9e.<\/p>\n<h3>Qualit\u00e9 Mandella Istanbul<\/h3>\n<p>En tant que Mandella Istanbul, nous accordons la priorit\u00e9 \u00e0 la qualit\u00e9 et \u00e0 la satisfaction du client dans chacun de nos produits. Nos chemises \u00e0 motifs noires et bleues sont le reflet de cette compr\u00e9hension. Ces chemises, fabriqu\u00e9es avec des tissus soigneusement s\u00e9lectionn\u00e9s et une finition soign\u00e9e, offrent une utilisation durable et confortable.<\/p>\n<p>D\u00e9couvrez l&#8217;\u00e9l\u00e9gance et le confort des chemises \u00e0 motifs noirs et bleus en commandant d\u00e8s maintenant sur notre site. Que votre style ait toujours une longueur d&#8217;avance avec Mandella Istanbul !<\/p>\n","protected":false},"excerpt":{"rendered":"<p>La chemise \u00e0 poches double couleur \u00e0 motifs noirs et bleus est une option originale qui allie \u00e9l\u00e9gance et modernit\u00e9.<\/p>\n","protected":false},"featured_media":13554,"comment_status":"open","ping_status":"closed","template":"","meta":[],"product_brand":[],"product_cat":[142,197],"product_tag":[],"class_list":{"0":"post-14695","1":"product","2":"type-product","3":"status-publish","4":"has-post-thumbnail","6":"product_cat-vente-en-gros-chemises","7":"product_cat-chemises-a-poches","8":"pa_beden-l-fr","9":"pa_beden-m-fr","10":"pa_beden-xl-fr","11":"pa_beden-xxl-fr","13":"first","14":"instock","15":"taxable","16":"shipping-taxable","17":"purchasable","18":"product-type-simple"},"_links":{"self":[{"href":"https:\/\/www.mandellaistanbul.com\/fr\/wp-json\/wp\/v2\/product\/14695","targetHints":{"allow":["GET"]}}],"collection":[{"href":"https:\/\/www.mandellaistanbul.com\/fr\/wp-json\/wp\/v2\/product"}],"about":[{"href":"https:\/\/www.mandellaistanbul.com\/fr\/wp-json\/wp\/v2\/types\/product"}],"replies":[{"embeddable":true,"href":"https:\/\/www.mandellaistanbul.com\/fr\/wp-json\/wp\/v2\/comments?post=14695"}],"version-history":[{"count":3,"href":"https:\/\/www.mandellaistanbul.com\/fr\/wp-json\/wp\/v2\/product\/14695\/revisions"}],"predecessor-version":[{"id":18429,"href":"https:\/\/www.mandellaistanbul.com\/fr\/wp-json\/wp\/v2\/product\/14695\/revisions\/18429"}],"wp:featuredmedia":[{"embeddable":true,"href":"https:\/\/www.mandellaistanbul.com\/fr\/wp-json\/wp\/v2\/media\/13554"}],"wp:attachment":[{"href":"https:\/\/www.mandellaistanbul.com\/fr\/wp-json\/wp\/v2\/media?parent=14695"}],"wp:term":[{"taxonomy":"product_brand","embeddable":true,"href":"https:\/\/www.mandellaistanbul.com\/fr\/wp-json\/wp\/v2\/product_brand?post=14695"},{"taxonomy":"product_cat","embeddable":true,"href":"https:\/\/www.mandellaistanbul.com\/fr\/wp-json\/wp\/v2\/product_cat?post=14695"},{"taxonomy":"product_tag","embeddable":true,"href":"https:\/\/www.mandellaistanbul.com\/fr\/wp-json\/wp\/v2\/product_tag?post=14695"}],"curies":[{"name":"wp","href":"https:\/\/api.w.org\/{rel}","templated":true}]}}