{"id":14685,"date":"2023-09-12T14:18:26","date_gmt":"2023-09-12T11:18:26","guid":{"rendered":"https:\/\/www.mandellaistanbul.com\/product\/water-green-chemise-a-rayures\/"},"modified":"2024-10-15T21:45:21","modified_gmt":"2024-10-15T18:45:21","slug":"chemise-a-fines-rayures-vert-aqua","status":"publish","type":"product","link":"https:\/\/www.mandellaistanbul.com\/fr\/produit\/chemise-a-fines-rayures-vert-aqua\/","title":{"rendered":"Chemise \u00c0 Fines Rayures Vert Aqua"},"content":{"rendered":"<h2>Chemise ray\u00e9e vert aqua : le symbole de l&#8217;\u00e9l\u00e9gance et du style<\/h2>\n<p>En tant que Mandella Istanbul, nous vous pr\u00e9sentons notre collection de <a href=\"https:\/\/www.mandellaistanbul.com\/toptan-gomlek\/\">chemises toptan<\/a> \u00e0 rayures vert aqua qui allie \u00e9l\u00e9gance et style. Chacune de ces chemises soigneusement con\u00e7ues offre une option parfaite pour compl\u00e9ter votre style aussi bien pour un usage quotidien que pour des occasions sp\u00e9ciales. Voici ce que vous devez savoir sur les chemises \u00e0 rayures vert aqua :<\/p>\n<h3>Prix des chemises \u00e0 rayures vert aqua<\/h3>\n<p><strong>Prix abordables :<\/strong> Mandella Istanbul vise \u00e0 offrir qualit\u00e9 et style \u00e0 des prix abordables. Les prix des chemises \u00e0 rayures vert aqua ont \u00e9t\u00e9 d\u00e9termin\u00e9s pour plaire \u00e0 tous les budgets. Vous pouvez faire du shopping \u00e0 moindre co\u00fbt sans compromettre votre \u00e9l\u00e9gance.<\/p>\n<p><strong>Remises et campagnes :<\/strong> vous pouvez acheter des chemises \u00e0 rayures vert aqua \u00e0 des prix encore plus abordables gr\u00e2ce aux remises et aux campagnes organis\u00e9es \u00e0 certaines p\u00e9riodes. Vous pouvez suivre notre site Web et nos comptes sur les r\u00e9seaux sociaux pour \u00eatre inform\u00e9 de nos campagnes en cours.<\/p>\n<h3>Prix des chemises vert aqua<\/h3>\n<p><strong>Diverses gammes de prix :<\/strong> Mandella Istanbul propose une large gamme de prix avec diff\u00e9rents mod\u00e8les et options de tissus de chemises vert aqua. Qu&#8217;il s&#8217;agisse d&#8217;une coupe classique ou d&#8217;un design moderne, vous pouvez trouver des chemises vert aqua pour tous les go\u00fbts \u00e0 des prix abordables.<\/p>\n<p><strong>Qualit\u00e9 et \u00e9conomie :<\/strong> Proposant des options \u00e9conomiques sans compromettre la qualit\u00e9, Mandella Istanbul allie \u00e9l\u00e9gance et confort avec des chemises vert aqua. Fabriqu\u00e9es \u00e0 partir de tissus durables et de haute qualit\u00e9, ces chemises offrent une utilisation durable.<\/p>\n<h3>Mod\u00e8les de chemises vert aqua<\/h3>\n<p><strong>Divers styles :<\/strong> Les mod\u00e8les de chemises vert aqua ont une large gamme, des lignes classiques aux designs modernes. Vous trouverez facilement celle qui correspond \u00e0 votre style parmi les mod\u00e8les qui s&#8217;adaptent \u00e0 chaque environnement, du chic de bureau au confort quotidien.<\/p>\n<p><strong>Motifs \u00e0 rayures :<\/strong> les chemises \u00e0 rayures vert aqua offrent un look \u00e9l\u00e9gant et sophistiqu\u00e9. Ces motifs, qui sont compatibles avec les combinaisons sportives et classiques, seront un \u00e9l\u00e9ment indispensable de votre garde-robe.<\/p>\n<p><strong>Options \u00e0 manches courtes et longues :<\/strong> vous pouvez choisir entre des mod\u00e8les de chemises vert aqua \u00e0 manches courtes et longues en fonction des conditions saisonni\u00e8res et de l&#8217;utilisation que vous souhaitez en faire. Vous pouvez toujours \u00eatre \u00e9l\u00e9gant et confortable avec nos mod\u00e8les adapt\u00e9s \u00e0 chaque saison.<\/p>\n<h3>Qualit\u00e9 Mandella Istanbul<\/h3>\n<p>En tant que Mandella Istanbul, nous accordons la priorit\u00e9 \u00e0 la qualit\u00e9 et \u00e0 la satisfaction du client dans chacun de nos produits. Nos chemises \u00e0 rayures vert aqua sont le reflet de cette compr\u00e9hension. Fabriqu\u00e9es avec des tissus soigneusement s\u00e9lectionn\u00e9s et une finition m\u00e9ticuleuse, ces chemises offrent une utilisation durable et confortable. D\u00e9couvrez notre collection de chemises \u00e0 rayures vert aqua pour vivre ensemble l&#8217;\u00e9l\u00e9gance et le confort.<\/p>\n<p>Vous pouvez d\u00e8s maintenant commander sur notre site Web et arborer l&#8217;\u00e9l\u00e9gance des chemises vert aqua. N&#8217;oubliez pas, votre \u00e9l\u00e9gance a toujours une longueur d&#8217;avance avec Mandella Istanbul !<\/p>\n","protected":false},"excerpt":{"rendered":"<p>La chemise \u00e0 rayures Water Green offre un style frais et moderne. Vous pouvez obtenir un look simple et dynamique gr\u00e2ce \u00e0 l&#8217;\u00e9clat de la couleur vert d&#8217;eau et au motif \u00e0 fines rayures.<\/p>\n","protected":false},"featured_media":13479,"comment_status":"open","ping_status":"closed","template":"","meta":[],"product_brand":[],"product_cat":[142,177],"product_tag":[],"class_list":{"0":"post-14685","1":"product","2":"type-product","3":"status-publish","4":"has-post-thumbnail","6":"product_cat-vente-en-gros-chemises","7":"product_cat-chemise-a-manches-courtes","8":"pa_beden-l-fr","9":"pa_beden-m-fr","10":"pa_beden-xl-fr","11":"pa_beden-xxl-fr","13":"first","14":"outofstock","15":"taxable","16":"shipping-taxable","17":"purchasable","18":"product-type-simple"},"_links":{"self":[{"href":"https:\/\/www.mandellaistanbul.com\/fr\/wp-json\/wp\/v2\/product\/14685","targetHints":{"allow":["GET"]}}],"collection":[{"href":"https:\/\/www.mandellaistanbul.com\/fr\/wp-json\/wp\/v2\/product"}],"about":[{"href":"https:\/\/www.mandellaistanbul.com\/fr\/wp-json\/wp\/v2\/types\/product"}],"replies":[{"embeddable":true,"href":"https:\/\/www.mandellaistanbul.com\/fr\/wp-json\/wp\/v2\/comments?post=14685"}],"version-history":[{"count":3,"href":"https:\/\/www.mandellaistanbul.com\/fr\/wp-json\/wp\/v2\/product\/14685\/revisions"}],"predecessor-version":[{"id":18570,"href":"https:\/\/www.mandellaistanbul.com\/fr\/wp-json\/wp\/v2\/product\/14685\/revisions\/18570"}],"wp:featuredmedia":[{"embeddable":true,"href":"https:\/\/www.mandellaistanbul.com\/fr\/wp-json\/wp\/v2\/media\/13479"}],"wp:attachment":[{"href":"https:\/\/www.mandellaistanbul.com\/fr\/wp-json\/wp\/v2\/media?parent=14685"}],"wp:term":[{"taxonomy":"product_brand","embeddable":true,"href":"https:\/\/www.mandellaistanbul.com\/fr\/wp-json\/wp\/v2\/product_brand?post=14685"},{"taxonomy":"product_cat","embeddable":true,"href":"https:\/\/www.mandellaistanbul.com\/fr\/wp-json\/wp\/v2\/product_cat?post=14685"},{"taxonomy":"product_tag","embeddable":true,"href":"https:\/\/www.mandellaistanbul.com\/fr\/wp-json\/wp\/v2\/product_tag?post=14685"}],"curies":[{"name":"wp","href":"https:\/\/api.w.org\/{rel}","templated":true}]}}