{"id":14684,"date":"2023-09-12T14:17:40","date_gmt":"2023-09-12T11:17:40","guid":{"rendered":"https:\/\/www.mandellaistanbul.com\/product\/ensemble-short-et-chemise-rayes-rouge-et-noir\/"},"modified":"2024-10-08T22:17:03","modified_gmt":"2024-10-08T19:17:03","slug":"ensemble-short-et-chemise-a-rayures-rouges-et-noires","status":"publish","type":"product","link":"https:\/\/www.mandellaistanbul.com\/fr\/produit\/ensemble-short-et-chemise-a-rayures-rouges-et-noires\/","title":{"rendered":"Ensemble short et chemise \u00e0 rayures rouges et noires"},"content":{"rendered":"<h2>Short et chemise \u00e0 rayures rouges et noires : un style \u00e9nergique et dynamique<\/h2>\n<h3>Collection en gros de shorts et de chemises \u00e0 rayures rouges et noires de Mandella Istanbul<\/h3>\n<p>Mandella Istanbul est l\u00e0 avec sa collection en gros de shorts et de chemises \u00e0 rayures rouges et noires qui offre un style \u00e9nergique et dynamique. Ce que vous devez savoir sur ces combinaisons qui gagneront l&#8217;appr\u00e9ciation de vos clients commerciaux qui souhaitent ajouter une touche moderne et accrocheuse aux vitrines de votre magasin :<\/p>\n<h3>Mod\u00e8les de shorts et de chemises \u00e0 rayures rouges et noires<\/h3>\n<p>Mandella Istanbul propose une large gamme de mod\u00e8les de shorts et de chemises \u00e0 rayures rouges et noires. Con\u00e7ues avec des lignes modernes, ces combinaisons plaisent \u00e0 tous les go\u00fbts et enrichissent les garde-robes. Elles peuvent \u00eatre utilis\u00e9es confortablement dans chaque environnement avec diff\u00e9rentes coupes et d\u00e9tails et augmentent la vari\u00e9t\u00e9 de produits de votre magasin. Ces combinaisons, qui peuvent \u00eatre utilis\u00e9es aussi bien au quotidien que lors d&#8217;occasions sp\u00e9ciales, mettent en valeur le style de vos clients et compl\u00e8tent leur \u00e9l\u00e9gance. Con\u00e7us avec l&#8217;harmonie du rouge et du noir, ces mod\u00e8les feront partie des produits accrocheurs et pr\u00e9f\u00e9r\u00e9s de votre magasin.<\/p>\n<h3>Qualit\u00e9 et confort<\/h3>\n<p>En tant que Mandella Istanbul, nous accordons la priorit\u00e9 \u00e0 la qualit\u00e9 et \u00e0 la satisfaction du client dans chacun de nos produits. Nos shorts et chemises \u00e0 rayures rouges et noires sont le reflet de cette compr\u00e9hension. Ces combinaisons, produites avec des tissus de haute qualit\u00e9 et une finition m\u00e9ticuleuse, offrent une utilisation \u00e0 la fois durable et confortable. Gr\u00e2ce aux tissus respirants et doux pour la peau, vos clients se sentent \u00e0 l&#8217;aise toute la journ\u00e9e. Ces combinaisons, faciles \u00e0 repasser et \u00e0 entretenir, offrent une utilisation pratique et sont id\u00e9ales pour vos clients qui souhaitent se pr\u00e9parer rapidement. En m\u00eame temps, ces combinaisons sont con\u00e7ues pour s&#8217;adapter \u00e0 diverses conditions m\u00e9t\u00e9orologiques, afin qu&#8217;elles puissent \u00eatre port\u00e9es confortablement en toute saison.<\/p>\n<h3>Prix des shorts et chemises \u00e0 rayures rouges et noires<\/h3>\n<p>Mandella Istanbul propose des shorts et chemises \u00e0 rayures rouges et noires \u00e0 des prix de gros abordables. Sans compromettre la qualit\u00e9, nous offrons \u00e0 nos clients commerciaux la possibilit\u00e9 de saisir l&#8217;\u00e9l\u00e9gance avec des options adapt\u00e9es \u00e0 leur budget. Dans notre collection, vous pouvez trouver une large gamme de produits dans diff\u00e9rentes gammes de prix et choisir les combinaisons qui conviennent le mieux au style de votre magasin. Vous pouvez acheter ces combinaisons \u00e9l\u00e9gantes \u00e0 des prix encore plus abordables avec des remises et des campagnes organis\u00e9es pendant certaines p\u00e9riodes. Vous pouvez suivre r\u00e9guli\u00e8rement notre site Web pour les campagnes en cours et les offres sp\u00e9ciales. Vous pouvez \u00e9galement b\u00e9n\u00e9ficier de remises et d&#8217;avantages sp\u00e9ciaux en rejoignant notre programme d&#8217;adh\u00e9sion.<\/p>\n<h3>Commander maintenant<\/h3>\n<p>Vous pouvez apporter l&#8217;\u00e9nergie et le dynamisme des shorts et chemises \u00e0 rayures rouges et noires \u00e0 votre magasin en passant imm\u00e9diatement une commande en gros sur notre site Web. N&#8217;oubliez pas, ayez toujours une longueur d&#8217;avance avec Mandella Istanbul et offrez \u00e0 vos clients les meilleurs produits. Avec l&#8217;importance que nous attachons \u00e0 la satisfaction du client, nous vous livrons vos commandes rapidement et en toute s\u00e9curit\u00e9. Renouvelez votre magasin et soyez toujours \u00e0 votre meilleur en faisant des achats en gros chez Mandella Istanbul, o\u00f9 qualit\u00e9 et \u00e9l\u00e9gance se rencontrent !<\/p>\n","protected":false},"excerpt":{"rendered":"<p>L&#8217;ensemble short et chemise \u00e0 rayures noires et blanches, sp\u00e9cialement con\u00e7u par Mandella Istanbul, allie l&#8217;\u00e9l\u00e9gance de la ligne classique au confort moderne. Une option \u00e9l\u00e9gante et styl\u00e9e.<\/p>\n","protected":false},"featured_media":13702,"comment_status":"open","ping_status":"closed","template":"","meta":[],"product_brand":[],"product_cat":[142,181],"product_tag":[],"class_list":{"0":"post-14684","1":"product","2":"type-product","3":"status-publish","4":"has-post-thumbnail","6":"product_cat-vente-en-gros-chemises","7":"product_cat-ensemble-short-et-chemise","8":"pa_beden-l-fr","9":"pa_beden-m-fr","10":"pa_beden-xl-fr","11":"pa_beden-xxl-fr","13":"first","14":"outofstock","15":"taxable","16":"shipping-taxable","17":"purchasable","18":"product-type-simple"},"_links":{"self":[{"href":"https:\/\/www.mandellaistanbul.com\/fr\/wp-json\/wp\/v2\/product\/14684","targetHints":{"allow":["GET"]}}],"collection":[{"href":"https:\/\/www.mandellaistanbul.com\/fr\/wp-json\/wp\/v2\/product"}],"about":[{"href":"https:\/\/www.mandellaistanbul.com\/fr\/wp-json\/wp\/v2\/types\/product"}],"replies":[{"embeddable":true,"href":"https:\/\/www.mandellaistanbul.com\/fr\/wp-json\/wp\/v2\/comments?post=14684"}],"version-history":[{"count":2,"href":"https:\/\/www.mandellaistanbul.com\/fr\/wp-json\/wp\/v2\/product\/14684\/revisions"}],"predecessor-version":[{"id":18210,"href":"https:\/\/www.mandellaistanbul.com\/fr\/wp-json\/wp\/v2\/product\/14684\/revisions\/18210"}],"wp:featuredmedia":[{"embeddable":true,"href":"https:\/\/www.mandellaistanbul.com\/fr\/wp-json\/wp\/v2\/media\/13702"}],"wp:attachment":[{"href":"https:\/\/www.mandellaistanbul.com\/fr\/wp-json\/wp\/v2\/media?parent=14684"}],"wp:term":[{"taxonomy":"product_brand","embeddable":true,"href":"https:\/\/www.mandellaistanbul.com\/fr\/wp-json\/wp\/v2\/product_brand?post=14684"},{"taxonomy":"product_cat","embeddable":true,"href":"https:\/\/www.mandellaistanbul.com\/fr\/wp-json\/wp\/v2\/product_cat?post=14684"},{"taxonomy":"product_tag","embeddable":true,"href":"https:\/\/www.mandellaistanbul.com\/fr\/wp-json\/wp\/v2\/product_tag?post=14684"}],"curies":[{"name":"wp","href":"https:\/\/api.w.org\/{rel}","templated":true}]}}