{"id":14682,"date":"2023-09-12T14:18:48","date_gmt":"2023-09-12T11:18:48","guid":{"rendered":"https:\/\/www.mandellaistanbul.com\/product\/chemise-noire-a-motifs-colores\/"},"modified":"2024-10-15T22:33:05","modified_gmt":"2024-10-15T19:33:05","slug":"chemise-noire-a-motifs-colores","status":"publish","type":"product","link":"https:\/\/www.mandellaistanbul.com\/fr\/produit\/chemise-noire-a-motifs-colores\/","title":{"rendered":"Chemise Noire \u00c0 Motifs Color\u00e9s"},"content":{"rendered":"<h2>Chemises color\u00e9es en gros : la rencontre de motifs vibrants et \u00e9nergiques<\/h2>\n<p>Mandella Istanbul vous pr\u00e9sente sa collection de chemises color\u00e9es en gros con\u00e7ues avec des motifs vibrants et \u00e9nergiques. \u00c0 la fois accrocheuses et confortables, ces chemises mettront en valeur votre style. Voici ce que vous devez savoir sur les chemises color\u00e9es en gros :<\/p>\n<h3>Ensembles de chemises color\u00e9es en gros<\/h3>\n<p><strong>Combinaisons uniques :<\/strong> Les ensembles de chemises color\u00e9es s&#8217;associent parfaitement \u00e0 une chemise et \u00e0 un pantalon ou \u00e0 un short. Ces ensembles sont con\u00e7us aussi bien pour un usage quotidien que pour des occasions sp\u00e9ciales.<\/p>\n<p><strong>Confortables et \u00e9l\u00e9gants :<\/strong> Refl\u00e9tant le style \u00e0 motifs color\u00e9s, ces ensembles offrent une utilisation \u00e0 la fois confortable et \u00e9l\u00e9gante. Fabriqu\u00e9s avec des tissus respirants et une finition soign\u00e9e, ces costumes vous assurent une journ\u00e9e confortable.<\/p>\n<h3>Mod\u00e8les de chemises \u00e0 motifs color\u00e9s en gros<\/h3>\n<p><strong>Divers mod\u00e8les\u00a0:<\/strong> Mandella Istanbul propose une large gamme de mod\u00e8les de <a href=\"https:\/\/www.mandellaistanbul.com\/toptan-gomlek\/\">chemises en gros<\/a> \u00e0 motifs color\u00e9s. Des mod\u00e8les qui plaisent \u00e0 tous les go\u00fbts avec diff\u00e9rentes options de col et de coupe enrichissent votre garde-robe.<\/p>\n<p><strong>Style intemporel\u00a0:<\/strong> Les chemises \u00e0 motifs color\u00e9s maintiennent votre \u00e9l\u00e9gance \u00e0 chaque \u00e9poque gr\u00e2ce \u00e0 leurs designs intemporels. Ces chemises, que vous pouvez utiliser aussi bien au quotidien que lors d&#8217;occasions sp\u00e9ciales, compl\u00e8tent votre style.<\/p>\n<h3>Chemises \u00e0 motifs color\u00e9s en gros<\/h3>\n<p><strong>Classique et moderne\u00a0:<\/strong> Les chemises \u00e0 motifs color\u00e9s en gros offrent des d\u00e9tails classiques et modernes \u00e0 la fois. Alliant l&#8217;\u00e9l\u00e9gance du pass\u00e9 au confort d&#8217;aujourd&#8217;hui, ces chemises mettent en valeur votre style.<\/p>\n<p><strong>Facilit\u00e9 d&#8217;utilisation :<\/strong> Faciles \u00e0 repasser et \u00e0 entretenir, les chemises \u00e0 motifs color\u00e9s offrent une utilisation pratique. Elles seront votre sauveur lorsque vous voudrez vous pr\u00e9parer rapidement.<\/p>\n<h3>Prix des chemises color\u00e9es<\/h3>\n<p><strong>Prix abordables :<\/strong> Mandella Istanbul propose des chemises \u00e0 motifs color\u00e9s \u00e0 des prix abordables. Vous pouvez atteindre l&#8217;\u00e9l\u00e9gance avec des options adapt\u00e9es \u00e0 votre budget sans compromettre la qualit\u00e9.<\/p>\n<p><strong>Remises et campagnes :<\/strong> Vous pouvez acheter des chemises \u00e0 motifs color\u00e9s \u00e0 des prix encore plus abordables avec des remises et des campagnes organis\u00e9es pendant certaines p\u00e9riodes. Vous pouvez suivre notre site Web pour les campagnes en cours.<\/p>\n<h3>Qualit\u00e9 Mandella Istanbul<\/h3>\n<p>En tant que Mandella Istanbul, nous accordons la priorit\u00e9 \u00e0 la qualit\u00e9 et \u00e0 la satisfaction du client dans chacun de nos produits. Nos chemises \u00e0 motifs color\u00e9s sont le reflet de cette compr\u00e9hension. Ces chemises, fabriqu\u00e9es avec des tissus soigneusement s\u00e9lectionn\u00e9s et une finition soign\u00e9e, offrent une utilisation durable et confortable.<\/p>\n<p>Vous pouvez apporter l&#8217;\u00e9nergie des chemises \u00e0 motifs color\u00e9s dans votre magasin en passant imm\u00e9diatement une commande en gros sur notre site Web. N&#8217;oubliez pas que votre \u00e9l\u00e9gance a toujours une longueur d&#8217;avance avec Mandella Istanbul !<\/p>\n","protected":false},"excerpt":{"rendered":"<p>\u00c9nergique et vivante : Ajoutez une touche color\u00e9e \u00e0 votre style avec la chemise noire \u00e0 motif color\u00e9.<\/p>\n","protected":false},"featured_media":13512,"comment_status":"open","ping_status":"closed","template":"","meta":[],"product_brand":[],"product_cat":[142,177],"product_tag":[],"class_list":{"0":"post-14682","1":"product","2":"type-product","3":"status-publish","4":"has-post-thumbnail","6":"product_cat-vente-en-gros-chemises","7":"product_cat-chemise-a-manches-courtes","8":"pa_beden-l-fr","9":"pa_beden-m-fr","10":"pa_beden-xl-fr","11":"pa_beden-xxl-fr","13":"first","14":"instock","15":"taxable","16":"shipping-taxable","17":"purchasable","18":"product-type-simple"},"_links":{"self":[{"href":"https:\/\/www.mandellaistanbul.com\/fr\/wp-json\/wp\/v2\/product\/14682","targetHints":{"allow":["GET"]}}],"collection":[{"href":"https:\/\/www.mandellaistanbul.com\/fr\/wp-json\/wp\/v2\/product"}],"about":[{"href":"https:\/\/www.mandellaistanbul.com\/fr\/wp-json\/wp\/v2\/types\/product"}],"replies":[{"embeddable":true,"href":"https:\/\/www.mandellaistanbul.com\/fr\/wp-json\/wp\/v2\/comments?post=14682"}],"version-history":[{"count":3,"href":"https:\/\/www.mandellaistanbul.com\/fr\/wp-json\/wp\/v2\/product\/14682\/revisions"}],"predecessor-version":[{"id":18665,"href":"https:\/\/www.mandellaistanbul.com\/fr\/wp-json\/wp\/v2\/product\/14682\/revisions\/18665"}],"wp:featuredmedia":[{"embeddable":true,"href":"https:\/\/www.mandellaistanbul.com\/fr\/wp-json\/wp\/v2\/media\/13512"}],"wp:attachment":[{"href":"https:\/\/www.mandellaistanbul.com\/fr\/wp-json\/wp\/v2\/media?parent=14682"}],"wp:term":[{"taxonomy":"product_brand","embeddable":true,"href":"https:\/\/www.mandellaistanbul.com\/fr\/wp-json\/wp\/v2\/product_brand?post=14682"},{"taxonomy":"product_cat","embeddable":true,"href":"https:\/\/www.mandellaistanbul.com\/fr\/wp-json\/wp\/v2\/product_cat?post=14682"},{"taxonomy":"product_tag","embeddable":true,"href":"https:\/\/www.mandellaistanbul.com\/fr\/wp-json\/wp\/v2\/product_tag?post=14682"}],"curies":[{"name":"wp","href":"https:\/\/api.w.org\/{rel}","templated":true}]}}