{"id":14680,"date":"2023-09-12T14:17:50","date_gmt":"2023-09-12T11:17:50","guid":{"rendered":"https:\/\/www.mandellaistanbul.com\/product\/ensemble-short-et-chemise-noirs-avec-lettrage-blanc\/"},"modified":"2024-10-13T13:32:52","modified_gmt":"2024-10-13T10:32:52","slug":"ensemble-short-et-chemise-noirs-avec-lettrage-blanc","status":"publish","type":"product","link":"https:\/\/www.mandellaistanbul.com\/fr\/produit\/ensemble-short-et-chemise-noirs-avec-lettrage-blanc\/","title":{"rendered":"Ensemble short et chemise noirs avec texte blanc"},"content":{"rendered":"<p>L&#8217;ensemble short et chemise noir avec texte blanc ajoute une touche sp\u00e9ciale \u00e0 votre style en offrant un style unique et \u00e9l\u00e9gant en parfait \u00e9quilibre. Cet ensemble de la collection sp\u00e9ciale de Mandella Istanbul offre une combinaison o\u00f9 l&#8217;\u00e9l\u00e9gance du blanc et la noblesse du noir rencontrent le confort moderne. Obtenez un look \u00e0 la fois \u00e9l\u00e9gant et moderne avec la position forte du noir et l&#8217;\u00e9l\u00e9gance du blanc.<\/p>\n<p>Mandella Istanbul est connue comme une marque leader dans le secteur de la vente en gros de v\u00eatements et vise \u00e0 offrir aux clients le plus haut niveau de qualit\u00e9. Cet ensemble noir avec texte blanc refl\u00e8te cet objectif. Combinant \u00e0 la fois \u00e9l\u00e9gance et confort, cet ensemble sera le point culminant de votre style.<\/p>\n<p>L&#8217;ensemble short et chemise noir avec texte blanc vous permet de vous d\u00e9marquer de mani\u00e8re originale et \u00e9l\u00e9gante partout, des \u00e9v\u00e9nements sp\u00e9ciaux \u00e0 la vie quotidienne. Cet ensemble, qui fait partie des produits sp\u00e9cialement con\u00e7us par Mandella Istanbul, offre un style original o\u00f9 l&#8217;\u00e9l\u00e9gance du blanc et la noblesse du noir rencontrent le confort moderne.<\/p>\n","protected":false},"excerpt":{"rendered":"<p>L&#8217;ensemble short et chemise noirs avec \u00e9criture blanche, sp\u00e9cialement con\u00e7u par Mandella Istanbul, offre un style \u00e9l\u00e9gant o\u00f9 le d\u00e9tail original de l&#8217;\u00e9criture et la noblesse du noir rencontrent le confort moderne. Une option originale et \u00e9l\u00e9gante.<\/p>\n","protected":false},"featured_media":13638,"comment_status":"open","ping_status":"closed","template":"","meta":[],"product_brand":[],"product_cat":[142,181],"product_tag":[],"class_list":{"0":"post-14680","1":"product","2":"type-product","3":"status-publish","4":"has-post-thumbnail","6":"product_cat-vente-en-gros-chemises","7":"product_cat-ensemble-short-et-chemise","8":"pa_beden-l-fr","9":"pa_beden-m-fr","10":"pa_beden-xl-fr","11":"pa_beden-xxl-fr","13":"first","14":"outofstock","15":"taxable","16":"shipping-taxable","17":"purchasable","18":"product-type-simple"},"_links":{"self":[{"href":"https:\/\/www.mandellaistanbul.com\/fr\/wp-json\/wp\/v2\/product\/14680","targetHints":{"allow":["GET"]}}],"collection":[{"href":"https:\/\/www.mandellaistanbul.com\/fr\/wp-json\/wp\/v2\/product"}],"about":[{"href":"https:\/\/www.mandellaistanbul.com\/fr\/wp-json\/wp\/v2\/types\/product"}],"replies":[{"embeddable":true,"href":"https:\/\/www.mandellaistanbul.com\/fr\/wp-json\/wp\/v2\/comments?post=14680"}],"version-history":[{"count":2,"href":"https:\/\/www.mandellaistanbul.com\/fr\/wp-json\/wp\/v2\/product\/14680\/revisions"}],"predecessor-version":[{"id":18279,"href":"https:\/\/www.mandellaistanbul.com\/fr\/wp-json\/wp\/v2\/product\/14680\/revisions\/18279"}],"wp:featuredmedia":[{"embeddable":true,"href":"https:\/\/www.mandellaistanbul.com\/fr\/wp-json\/wp\/v2\/media\/13638"}],"wp:attachment":[{"href":"https:\/\/www.mandellaistanbul.com\/fr\/wp-json\/wp\/v2\/media?parent=14680"}],"wp:term":[{"taxonomy":"product_brand","embeddable":true,"href":"https:\/\/www.mandellaistanbul.com\/fr\/wp-json\/wp\/v2\/product_brand?post=14680"},{"taxonomy":"product_cat","embeddable":true,"href":"https:\/\/www.mandellaistanbul.com\/fr\/wp-json\/wp\/v2\/product_cat?post=14680"},{"taxonomy":"product_tag","embeddable":true,"href":"https:\/\/www.mandellaistanbul.com\/fr\/wp-json\/wp\/v2\/product_tag?post=14680"}],"curies":[{"name":"wp","href":"https:\/\/api.w.org\/{rel}","templated":true}]}}