{"id":14668,"date":"2023-09-12T14:17:41","date_gmt":"2023-09-12T11:17:41","guid":{"rendered":"https:\/\/www.mandellaistanbul.com\/product\/ensemble-short-et-chemise-a-motifs-de-couleur-beige\/"},"modified":"2024-10-15T20:05:29","modified_gmt":"2024-10-15T17:05:29","slug":"ensemble-chemise-beige-a-motifs","status":"publish","type":"product","link":"https:\/\/www.mandellaistanbul.com\/fr\/produit\/ensemble-chemise-beige-a-motifs\/","title":{"rendered":"Ensemble chemise beige \u00e0 motifs"},"content":{"rendered":"<h3>Ensemble de chemises beiges \u00e0 motifs\u00a0: l&#8217;\u00e9quilibre parfait entre simplicit\u00e9 et \u00e9l\u00e9gance<\/h3>\n<h4>Ensemble de chemises beiges \u00e0 motifs<\/h4>\n<p>Les chemises beiges \u00e0 motifs se composent de pi\u00e8ces sp\u00e9ciales qui s&#8217;adaptent \u00e0 n&#8217;importe quel environnement en offrant \u00e9l\u00e9gance et simplicit\u00e9 \u00e0 la fois. Les tons naturels et chauds de la couleur beige, combin\u00e9s \u00e0 divers motifs, cr\u00e9ent un look \u00e0 la fois classique et moderne. Ces chemises offrent une utilisation confortable sans compromettre votre \u00e9l\u00e9gance aussi bien dans la vie quotidienne que lors d&#8217;\u00e9v\u00e9nements sp\u00e9ciaux.<\/p>\n<h4>Prix des chemises beiges \u00e0 motifs<\/h4>\n<p>Les prix des <a href=\"https:\/\/www.mandellaistanbul.com\/toptan-gomlek\/\">chemises en gros<\/a> beiges \u00e0 motifs peuvent varier en fonction de la qualit\u00e9 du tissu utilis\u00e9, des d\u00e9tails de conception et de la marque. Les tissus de qualit\u00e9 et les motifs sp\u00e9ciaux se trouvent g\u00e9n\u00e9ralement dans des gammes de prix plus \u00e9lev\u00e9es. Cependant, en tant que Mandella Istanbul, nous vous proposons des produits de la plus haute qualit\u00e9 aux prix les plus abordables pour les achats de chemises en gros. Vous pouvez nous contacter pour des chemises beiges \u00e0 motifs qui correspondent \u00e0 votre budget.<\/p>\n<h4>Mod\u00e8les de chemises beiges \u00e0 motifs<\/h4>\n<p>Les mod\u00e8les de chemises beiges \u00e0 motifs sont con\u00e7us pour plaire \u00e0 tous les go\u00fbts avec des coupes et des designs diff\u00e9rents. Propos\u00e9es dans une large gamme allant des mod\u00e8les \u00e0 col classique aux coupes modernes, ces chemises peuvent \u00eatre facilement pr\u00e9f\u00e9r\u00e9es aussi bien dans la vie professionnelle que lors d&#8217;\u00e9v\u00e9nements sociaux. Avec la vari\u00e9t\u00e9 que nous proposons chez Mandella Istanbul pour les achats de chemises en gros, vous pouvez trouver les mod\u00e8les de chemises beiges \u00e0 motifs les plus \u00e9l\u00e9gants et les plus modernes qui r\u00e9pondent \u00e0 vos besoins.<\/p>\n<h3>Pourquoi devriez-vous pr\u00e9f\u00e9rer les chemises beiges \u00e0 motifs ?<\/h3>\n<ul>\n<li><strong>\u00c9l\u00e9gant et styl\u00e9 :<\/strong> les tons naturels et chauds de la couleur beige cr\u00e9ent un style \u00e9l\u00e9gant et styl\u00e9 en se combinant avec divers motifs.<\/li>\n<li><strong>Possibilit\u00e9s de combinaison polyvalentes :<\/strong> les mod\u00e8les compatibles avec les combinaisons classiques et modernes offrent une utilisation polyvalente.<\/li>\n<li><strong>Qualit\u00e9 et confort :<\/strong> les chemises beiges \u00e0 motifs propos\u00e9es par Mandella Istanbul offrent une utilisation \u00e0 long terme avec leurs tissus de qualit\u00e9 et leurs coupes confortables.<\/li>\n<\/ul>\n<h3>Mandella Istanbul : l&#8217;adresse fiable pour l&#8217;achat de chemises en gros<\/h3>\n<p>En tant que Mandella Istanbul, nous vous proposons des produits de la plus haute qualit\u00e9 et \u00e9l\u00e9gants aux prix les plus abordables pour vos achats de chemises en gros. Avec nos mod\u00e8les de chemises beiges \u00e0 motifs, vous pouvez \u00e0 la fois cr\u00e9er votre propre style et proposer une large gamme de produits \u00e0 vos clients. Choisissez Mandella Istanbul pour des chemises beiges \u00e0 motifs de qualit\u00e9, \u00e9l\u00e9gantes et modernes et refl\u00e9tez votre style.<\/p>\n","protected":false},"excerpt":{"rendered":"<p>L&#8217;ensemble short et chemise \u00e0 motifs de couleur beige, sp\u00e9cialement con\u00e7u par Mandella Istanbul, offre un style \u00e9l\u00e9gant o\u00f9 les motifs et la couleur beige rencontrent le confort moderne. Une option \u00e9l\u00e9gante et confortable.<\/p>\n","protected":false},"featured_media":13629,"comment_status":"open","ping_status":"closed","template":"","meta":[],"product_brand":[],"product_cat":[142,181],"product_tag":[],"class_list":{"0":"post-14668","1":"product","2":"type-product","3":"status-publish","4":"has-post-thumbnail","6":"product_cat-vente-en-gros-chemises","7":"product_cat-ensemble-short-et-chemise","8":"pa_beden-l-fr","9":"pa_beden-m-fr","10":"pa_beden-xl-fr","11":"pa_beden-xxl-fr","13":"first","14":"outofstock","15":"taxable","16":"shipping-taxable","17":"purchasable","18":"product-type-simple"},"_links":{"self":[{"href":"https:\/\/www.mandellaistanbul.com\/fr\/wp-json\/wp\/v2\/product\/14668","targetHints":{"allow":["GET"]}}],"collection":[{"href":"https:\/\/www.mandellaistanbul.com\/fr\/wp-json\/wp\/v2\/product"}],"about":[{"href":"https:\/\/www.mandellaistanbul.com\/fr\/wp-json\/wp\/v2\/types\/product"}],"replies":[{"embeddable":true,"href":"https:\/\/www.mandellaistanbul.com\/fr\/wp-json\/wp\/v2\/comments?post=14668"}],"version-history":[{"count":3,"href":"https:\/\/www.mandellaistanbul.com\/fr\/wp-json\/wp\/v2\/product\/14668\/revisions"}],"predecessor-version":[{"id":18415,"href":"https:\/\/www.mandellaistanbul.com\/fr\/wp-json\/wp\/v2\/product\/14668\/revisions\/18415"}],"wp:featuredmedia":[{"embeddable":true,"href":"https:\/\/www.mandellaistanbul.com\/fr\/wp-json\/wp\/v2\/media\/13629"}],"wp:attachment":[{"href":"https:\/\/www.mandellaistanbul.com\/fr\/wp-json\/wp\/v2\/media?parent=14668"}],"wp:term":[{"taxonomy":"product_brand","embeddable":true,"href":"https:\/\/www.mandellaistanbul.com\/fr\/wp-json\/wp\/v2\/product_brand?post=14668"},{"taxonomy":"product_cat","embeddable":true,"href":"https:\/\/www.mandellaistanbul.com\/fr\/wp-json\/wp\/v2\/product_cat?post=14668"},{"taxonomy":"product_tag","embeddable":true,"href":"https:\/\/www.mandellaistanbul.com\/fr\/wp-json\/wp\/v2\/product_tag?post=14668"}],"curies":[{"name":"wp","href":"https:\/\/api.w.org\/{rel}","templated":true}]}}