{"id":14665,"date":"2023-09-12T14:17:51","date_gmt":"2023-09-12T11:17:51","guid":{"rendered":"https:\/\/www.mandellaistanbul.com\/product\/ensemble-short-et-chemise-noirs-a-motifs-colores\/"},"modified":"2024-10-15T22:05:13","modified_gmt":"2024-10-15T19:05:13","slug":"ensemble-short-et-chemise-noirs-a-motifs-colores","status":"publish","type":"product","link":"https:\/\/www.mandellaistanbul.com\/fr\/produit\/ensemble-short-et-chemise-noirs-a-motifs-colores\/","title":{"rendered":"Ensemble Short Et Chemise Noirs \u00c0 Motifs Color\u00e9s"},"content":{"rendered":"<p>L&#8217;ensemble short et chemise noirs \u00e0 motifs color\u00e9s ajoute de la vitalit\u00e9 \u00e0 votre style en offrant un \u00e9quilibre parfait entre un style \u00e9nergique et saisissant. Cet ensemble de la collection exclusive de Mandella Istanbul offre une combinaison de couleurs et de motifs diff\u00e9rents avec un confort moderne. Obtenez un look \u00e9nergique et sophistiqu\u00e9 gr\u00e2ce \u00e0 l&#8217;\u00e9nergie des couleurs vives et \u00e0 l&#8217;esth\u00e9tique des diff\u00e9rents motifs.<\/p>\n<p>  Mandella Istanbul est connue comme une marque de premier plan dans le secteur de la vente de v\u00eatements en gros et vise \u00e0 offrir \u00e0 ses clients le plus haut niveau de qualit\u00e9. Ce costume noir avec un motif color\u00e9 refl\u00e8te cet objectif. Alliant \u00e9l\u00e9gance et confort, ce costume sera l&#8217;\u00e9l\u00e9ment phare de votre style.<\/p>\n<p>  L&#8217;ensemble short et chemise noirs avec un motif color\u00e9 vous permet de vous d\u00e9marquer \u00e9nergiquement et de mani\u00e8re frappante partout, que ce soit lors d&#8217;\u00e9v\u00e9nements sp\u00e9ciaux ou dans la vie de tous les jours. Cet ensemble, qui fait partie des produits design sp\u00e9ciaux de Mandella Istanbul, offre un style unique qui combine diff\u00e9rentes couleurs et motifs avec un confort moderne.<\/p>\n","protected":false},"excerpt":{"rendered":"<p>L&#8217;ensemble short et chemise noirs \u00e0 motifs color\u00e9s, sp\u00e9cialement con\u00e7u par Mandella Istanbul, offre un style \u00e9nergique o\u00f9 les couleurs vives et les diff\u00e9rents motifs rencontrent le confort moderne. Une option \u00e9nergique et percutante.<\/p>\n","protected":false},"featured_media":13641,"comment_status":"open","ping_status":"closed","template":"","meta":[],"product_brand":[],"product_cat":[142,181],"product_tag":[],"class_list":{"0":"post-14665","1":"product","2":"type-product","3":"status-publish","4":"has-post-thumbnail","6":"product_cat-vente-en-gros-chemises","7":"product_cat-ensemble-short-et-chemise","8":"pa_beden-l-fr","9":"pa_beden-m-fr","10":"pa_beden-xl-fr","11":"pa_beden-xxl-fr","13":"first","14":"outofstock","15":"taxable","16":"shipping-taxable","17":"purchasable","18":"product-type-simple"},"_links":{"self":[{"href":"https:\/\/www.mandellaistanbul.com\/fr\/wp-json\/wp\/v2\/product\/14665","targetHints":{"allow":["GET"]}}],"collection":[{"href":"https:\/\/www.mandellaistanbul.com\/fr\/wp-json\/wp\/v2\/product"}],"about":[{"href":"https:\/\/www.mandellaistanbul.com\/fr\/wp-json\/wp\/v2\/types\/product"}],"replies":[{"embeddable":true,"href":"https:\/\/www.mandellaistanbul.com\/fr\/wp-json\/wp\/v2\/comments?post=14665"}],"version-history":[{"count":3,"href":"https:\/\/www.mandellaistanbul.com\/fr\/wp-json\/wp\/v2\/product\/14665\/revisions"}],"predecessor-version":[{"id":18612,"href":"https:\/\/www.mandellaistanbul.com\/fr\/wp-json\/wp\/v2\/product\/14665\/revisions\/18612"}],"wp:featuredmedia":[{"embeddable":true,"href":"https:\/\/www.mandellaistanbul.com\/fr\/wp-json\/wp\/v2\/media\/13641"}],"wp:attachment":[{"href":"https:\/\/www.mandellaistanbul.com\/fr\/wp-json\/wp\/v2\/media?parent=14665"}],"wp:term":[{"taxonomy":"product_brand","embeddable":true,"href":"https:\/\/www.mandellaistanbul.com\/fr\/wp-json\/wp\/v2\/product_brand?post=14665"},{"taxonomy":"product_cat","embeddable":true,"href":"https:\/\/www.mandellaistanbul.com\/fr\/wp-json\/wp\/v2\/product_cat?post=14665"},{"taxonomy":"product_tag","embeddable":true,"href":"https:\/\/www.mandellaistanbul.com\/fr\/wp-json\/wp\/v2\/product_tag?post=14665"}],"curies":[{"name":"wp","href":"https:\/\/api.w.org\/{rel}","templated":true}]}}