{"id":14661,"date":"2023-09-12T14:18:41","date_gmt":"2023-09-12T11:18:41","guid":{"rendered":"https:\/\/www.mandellaistanbul.com\/product\/chemise-noire-a-motif-de-diable\/"},"modified":"2024-10-15T20:20:41","modified_gmt":"2024-10-15T17:20:41","slug":"chemise-noire-a-motifs-de-diable","status":"publish","type":"product","link":"https:\/\/www.mandellaistanbul.com\/fr\/produit\/chemise-noire-a-motifs-de-diable\/","title":{"rendered":"Chemise noire \u00e0 motifs de diable"},"content":{"rendered":"<h3>Chemise noire \u00e0 motifs diable : des designs audacieux et frappants<\/h3>\n<h4>Collection de chemises noires \u00e0 motifs diable de Mandella Istanbul en gros<\/h4>\n<p>Mandella Istanbul r\u00e9v\u00e8le votre style avec ses chemises noires \u00e0 motifs diable audacieux et frappants. Ces chemises vous permettent de vous exprimer aussi bien dans la vie quotidienne que lors d&#8217;\u00e9v\u00e9nements sp\u00e9ciaux avec leurs designs diff\u00e9rents et accrocheurs. Voici ce que vous devez savoir sur les chemises noires \u00e0 motifs diable :<\/p>\n<h3>Mod\u00e8les de chemises noires \u00e0 motifs diable<\/h3>\n<p><strong>Divers mod\u00e8les :<\/strong> les mod\u00e8les de <a href=\"https:\/\/www.mandellaistanbul.com\/toptan-gomlek\/\">chemise toptan<\/a> noire \u00e0 motifs diable de Mandella Istanbul plaisent \u00e0 tous les go\u00fbts avec diff\u00e9rents styles de col et options de coupe. Propos\u00e9es dans des coupes classiques et modernes, ces chemises ajouteront un air diff\u00e9rent \u00e0 votre garde-robe.<\/p>\n<p><strong>Tissus de qualit\u00e9 :<\/strong> ces chemises sont faites de tissus de qualit\u00e9 et durables. Elle offre un confort tout au long de la journ\u00e9e gr\u00e2ce \u00e0 sa structure respirante et confortable. Offrant la noblesse du noir et le design frappant des motifs du diable ensemble, ces chemises vous permettent de faire la diff\u00e9rence dans n&#8217;importe quel environnement.<\/p>\n<h3>Chemise noire \u00e0 motifs du diable<\/h3>\n<p><strong>Combinaisons \u00e9l\u00e9gantes :<\/strong> les chemises noires \u00e0 motifs du diable s&#8217;associent parfaitement \u00e0 tous les types de bas, du jean au pantalon en cuir. Elles peuvent \u00eatre utilis\u00e9es facilement dans des combinaisons d\u00e9contract\u00e9es ou sp\u00e9ciales. Ces chemises, qui font la diff\u00e9rence avec leurs motifs audacieux, compl\u00e8tent votre style.<\/p>\n<p><strong>Entretien facile :<\/strong> nos chemises noires \u00e0 motifs du diable peuvent \u00eatre facilement repass\u00e9es et sont assez pratiques \u00e0 entretenir. Elles offrent une grande commodit\u00e9 dans les situations o\u00f9 vous devez vous pr\u00e9parer rapidement. Offrant \u00e0 la fois \u00e9l\u00e9gance et confort ensemble, ces chemises vous accompagneront \u00e0 chaque instant.<\/p>\n<h3>Prix des chemises noires \u00e0 motifs du diable<\/h3>\n<p><strong>Prix de gros abordables :<\/strong> Mandella Istanbul propose des chemises noires \u00e0 motifs du diable \u00e0 des prix de gros abordables. Nous vous offrons la possibilit\u00e9 de trouver l&#8217;\u00e9l\u00e9gance avec des options adapt\u00e9es \u00e0 votre budget sans compromettre la qualit\u00e9. Vous pouvez b\u00e9n\u00e9ficier de l&#8217;avantage de prix abordables lors de vos achats de chemises en gros.<\/p>\n<p><strong>Campagnes et remises\u00a0:<\/strong> Nous proposons des prix encore plus avantageux avec des campagnes et des remises effectu\u00e9es \u00e0 certaines p\u00e9riodes sur les chemises noires \u00e0 motifs de diable. Vous pouvez suivre notre site Web r\u00e9guli\u00e8rement pour les campagnes en cours et les offres sp\u00e9ciales. Vous pouvez obtenir des produits de qualit\u00e9 \u00e0 des prix abordables avec Mandella Istanbul.<\/p>\n<h3>Qualit\u00e9 Mandella Istanbul<\/h3>\n<p>Mandella Istanbul accorde la priorit\u00e9 \u00e0 la qualit\u00e9 et \u00e0 la satisfaction du client dans chaque produit. Nos chemises noires \u00e0 motifs de diable sont le reflet de cette compr\u00e9hension. Ces chemises, produites avec des tissus soigneusement s\u00e9lectionn\u00e9s et une finition m\u00e9ticuleuse, offrent une utilisation durable et confortable. Faites la diff\u00e9rence dans votre magasin en respectant la qualit\u00e9 Mandella Istanbul dans vos commandes de chemises en gros.<\/p>\n<h3>Commandez maintenant<\/h3>\n<p>Vous pouvez apporter le design audacieux et frappant des chemises noires \u00e0 motifs de diable \u00e0 votre magasin en commandant imm\u00e9diatement des chemises en gros sur notre site Web. N&#8217;oubliez pas, ayez toujours une longueur d&#8217;avance avec Mandella Istanbul et offrez les meilleurs produits \u00e0 vos clients. Renouvelez votre boutique et soyez toujours \u00e0 votre meilleur en achetant en gros chez Mandella Istanbul, o\u00f9 qualit\u00e9 et \u00e9l\u00e9gance se rencontrent !<\/p>\n","protected":false},"excerpt":{"rendered":"<p>La chemise noire \u00e0 motif de diable est une option parfaite pour ceux qui veulent refl\u00e9ter un style audacieux et remarquable.<\/p>\n","protected":false},"featured_media":13497,"comment_status":"open","ping_status":"closed","template":"","meta":[],"product_brand":[],"product_cat":[142,177],"product_tag":[],"class_list":{"0":"post-14661","1":"product","2":"type-product","3":"status-publish","4":"has-post-thumbnail","6":"product_cat-vente-en-gros-chemises","7":"product_cat-chemise-a-manches-courtes","8":"pa_beden-l-fr","9":"pa_beden-m-fr","10":"pa_beden-xl-fr","11":"pa_beden-xxl-fr","13":"first","14":"instock","15":"taxable","16":"shipping-taxable","17":"purchasable","18":"product-type-simple"},"_links":{"self":[{"href":"https:\/\/www.mandellaistanbul.com\/fr\/wp-json\/wp\/v2\/product\/14661","targetHints":{"allow":["GET"]}}],"collection":[{"href":"https:\/\/www.mandellaistanbul.com\/fr\/wp-json\/wp\/v2\/product"}],"about":[{"href":"https:\/\/www.mandellaistanbul.com\/fr\/wp-json\/wp\/v2\/types\/product"}],"replies":[{"embeddable":true,"href":"https:\/\/www.mandellaistanbul.com\/fr\/wp-json\/wp\/v2\/comments?post=14661"}],"version-history":[{"count":3,"href":"https:\/\/www.mandellaistanbul.com\/fr\/wp-json\/wp\/v2\/product\/14661\/revisions"}],"predecessor-version":[{"id":18438,"href":"https:\/\/www.mandellaistanbul.com\/fr\/wp-json\/wp\/v2\/product\/14661\/revisions\/18438"}],"wp:featuredmedia":[{"embeddable":true,"href":"https:\/\/www.mandellaistanbul.com\/fr\/wp-json\/wp\/v2\/media\/13497"}],"wp:attachment":[{"href":"https:\/\/www.mandellaistanbul.com\/fr\/wp-json\/wp\/v2\/media?parent=14661"}],"wp:term":[{"taxonomy":"product_brand","embeddable":true,"href":"https:\/\/www.mandellaistanbul.com\/fr\/wp-json\/wp\/v2\/product_brand?post=14661"},{"taxonomy":"product_cat","embeddable":true,"href":"https:\/\/www.mandellaistanbul.com\/fr\/wp-json\/wp\/v2\/product_cat?post=14661"},{"taxonomy":"product_tag","embeddable":true,"href":"https:\/\/www.mandellaistanbul.com\/fr\/wp-json\/wp\/v2\/product_tag?post=14661"}],"curies":[{"name":"wp","href":"https:\/\/api.w.org\/{rel}","templated":true}]}}