{"id":14060,"date":"2023-09-12T14:19:33","date_gmt":"2023-09-12T11:19:33","guid":{"rendered":"https:\/\/www.mandellaistanbul.com\/product\/chemise-a-motifs-colores\/"},"modified":"2024-10-15T22:08:29","modified_gmt":"2024-10-15T19:08:29","slug":"chemise-a-motifs-colores-2","status":"publish","type":"product","link":"https:\/\/www.mandellaistanbul.com\/fr\/produit\/chemise-a-motifs-colores-2\/","title":{"rendered":"Chemise \u00c0 Motifs Color\u00e9s"},"content":{"rendered":"<h2>Chemise \u00e0 motifs color\u00e9s : un style vivant et artistique<\/h2>\n<h3>Collection de chemises \u00e0 motifs color\u00e9s de Mandella Istanbul<\/h3>\n<p>Mandella Istanbul est l\u00e0 avec sa collection de chemises \u00e0 motifs color\u00e9s qui offre un style artistique et \u00e9nergique. Ces chemises, que vous pouvez facilement utiliser aussi bien dans la vie professionnelle que lors d&#8217;\u00e9v\u00e9nements sociaux, ajouteront une touche cr\u00e9ative et accrocheuse \u00e0 votre garde-robe. Voici ce que vous devez savoir sur les chemises \u00e0 motifs color\u00e9s :<\/p>\n<h3>Mod\u00e8les de chemises \u00e0 motifs color\u00e9s<\/h3>\n<p>Mandella Istanbul propose une large gamme de mod\u00e8les de <a href=\"https:\/\/www.mandellaistanbul.com\/toptan-gomlek\/\">chemises toptan<\/a> \u00e0 motifs color\u00e9s. Adapt\u00e9s \u00e0 tous les go\u00fbts avec diff\u00e9rentes options de motifs et de motifs, ces mod\u00e8les enrichissent votre garde-robe. Con\u00e7ues avec de nombreux motifs diff\u00e9rents, des fleurs aux motifs g\u00e9om\u00e9triques, ces chemises soulignent votre \u00e9l\u00e9gance et votre style unique \u00e0 chaque instant. Avec diff\u00e9rentes options de col et de coupe, ces chemises, que vous pouvez facilement utiliser dans n&#8217;importe quel environnement, sont con\u00e7ues avec des touches \u00e0 la fois classiques et modernes et compl\u00e8tent votre style.<\/p>\n<h3>Qualit\u00e9 et confort<\/h3>\n<p>En tant que Mandella Istanbul, nous accordons la priorit\u00e9 \u00e0 la qualit\u00e9 et \u00e0 la satisfaction du client dans chacun de nos produits. Nos chemises \u00e0 motifs color\u00e9s sont le reflet de cette compr\u00e9hension. Ces chemises, produites avec des tissus soigneusement s\u00e9lectionn\u00e9s et une finition m\u00e9ticuleuse, offrent une utilisation durable et confortable. Vous vous sentez \u00e0 l&#8217;aise toute la journ\u00e9e gr\u00e2ce aux tissus respirants. Ces chemises, faciles \u00e0 repasser et \u00e0 entretenir, offrent une utilisation pratique et deviennent votre sauveur lorsque vous souhaitez vous pr\u00e9parer rapidement. En m\u00eame temps, ces chemises sont con\u00e7ues pour diverses conditions m\u00e9t\u00e9orologiques, vous pouvez donc les porter confortablement en toute saison.<\/p>\n<h3>Prix des chemises \u00e0 motifs color\u00e9s<\/h3>\n<p>Mandella Istanbul propose des chemises \u00e0 motifs color\u00e9s \u00e0 des prix abordables. Vous pouvez atteindre l&#8217;\u00e9l\u00e9gance avec des options adapt\u00e9es \u00e0 votre budget sans compromettre la qualit\u00e9. Vous pouvez trouver une large gamme dans notre collection \u00e0 diff\u00e9rentes gammes de prix et choisir la chemise qui convient le mieux \u00e0 votre style. Avec des remises et des campagnes effectu\u00e9es pendant certaines p\u00e9riodes, vous pouvez acheter ces chemises \u00e9l\u00e9gantes \u00e0 des prix encore plus abordables. Vous pouvez suivre r\u00e9guli\u00e8rement notre site Web pour conna\u00eetre les campagnes en cours et les offres sp\u00e9ciales. Vous pouvez \u00e9galement b\u00e9n\u00e9ficier de remises et d&#8217;avantages sp\u00e9ciaux en rejoignant notre programme d&#8217;adh\u00e9sion.<\/p>\n<h3>Commandez maintenant<\/h3>\n<p>Vous pouvez porter l&#8217;\u00e9l\u00e9gance artistique et frappante des chemises \u00e0 motifs color\u00e9s en commandant imm\u00e9diatement sur notre site Web. N&#8217;oubliez pas, ayez toujours une longueur d&#8217;avance avec Mandella Istanbul et exprimez votre style de la meilleure fa\u00e7on. Avec l&#8217;importance que nous accordons \u00e0 la satisfaction du client, nous vous livrons vos commandes rapidement et en toute s\u00e9curit\u00e9. Renouvelez votre garde-robe et soyez toujours \u00e0 votre meilleur en achetant chez Mandella Istanbul, o\u00f9 qualit\u00e9 et \u00e9l\u00e9gance se rencontrent !<\/p>\n","protected":false},"excerpt":{"rendered":"<p>La chemise \u00e0 motifs color\u00e9s est une option con\u00e7ue avec des motifs color\u00e9s qui refl\u00e8tent votre style \u00e9nergique et original.<\/p>\n","protected":false},"featured_media":13563,"comment_status":"open","ping_status":"closed","template":"","meta":[],"product_brand":[],"product_cat":[142,177],"product_tag":[],"class_list":{"0":"post-14060","1":"product","2":"type-product","3":"status-publish","4":"has-post-thumbnail","6":"product_cat-vente-en-gros-chemises","7":"product_cat-chemise-a-manches-courtes","8":"pa_beden-l-fr","9":"pa_beden-m-fr","10":"pa_beden-xl-fr","11":"pa_beden-xxl-fr","13":"first","14":"instock","15":"taxable","16":"shipping-taxable","17":"purchasable","18":"product-type-simple"},"_links":{"self":[{"href":"https:\/\/www.mandellaistanbul.com\/fr\/wp-json\/wp\/v2\/product\/14060","targetHints":{"allow":["GET"]}}],"collection":[{"href":"https:\/\/www.mandellaistanbul.com\/fr\/wp-json\/wp\/v2\/product"}],"about":[{"href":"https:\/\/www.mandellaistanbul.com\/fr\/wp-json\/wp\/v2\/types\/product"}],"replies":[{"embeddable":true,"href":"https:\/\/www.mandellaistanbul.com\/fr\/wp-json\/wp\/v2\/comments?post=14060"}],"version-history":[{"count":3,"href":"https:\/\/www.mandellaistanbul.com\/fr\/wp-json\/wp\/v2\/product\/14060\/revisions"}],"predecessor-version":[{"id":18618,"href":"https:\/\/www.mandellaistanbul.com\/fr\/wp-json\/wp\/v2\/product\/14060\/revisions\/18618"}],"wp:featuredmedia":[{"embeddable":true,"href":"https:\/\/www.mandellaistanbul.com\/fr\/wp-json\/wp\/v2\/media\/13563"}],"wp:attachment":[{"href":"https:\/\/www.mandellaistanbul.com\/fr\/wp-json\/wp\/v2\/media?parent=14060"}],"wp:term":[{"taxonomy":"product_brand","embeddable":true,"href":"https:\/\/www.mandellaistanbul.com\/fr\/wp-json\/wp\/v2\/product_brand?post=14060"},{"taxonomy":"product_cat","embeddable":true,"href":"https:\/\/www.mandellaistanbul.com\/fr\/wp-json\/wp\/v2\/product_cat?post=14060"},{"taxonomy":"product_tag","embeddable":true,"href":"https:\/\/www.mandellaistanbul.com\/fr\/wp-json\/wp\/v2\/product_tag?post=14060"}],"curies":[{"name":"wp","href":"https:\/\/api.w.org\/{rel}","templated":true}]}}