{"id":14059,"date":"2023-09-12T14:19:42","date_gmt":"2023-09-12T11:19:42","guid":{"rendered":"https:\/\/www.mandellaistanbul.com\/product\/chemise-noire-a-motifs-colores-v2\/"},"modified":"2024-10-07T21:21:51","modified_gmt":"2024-10-07T18:21:51","slug":"chemise-noire-a-motifs-violets","status":"publish","type":"product","link":"https:\/\/www.mandellaistanbul.com\/fr\/produit\/chemise-noire-a-motifs-violets\/","title":{"rendered":"Chemise noire \u00e0 motifs violets"},"content":{"rendered":"<h2>Chemise noire \u00e0 motifs violets en gros : des designs \u00e9l\u00e9gants et frappants<\/h2>\n<p>Mandella Istanbul vous pr\u00e9sente sa collection de chemises noires \u00e0 motifs violets <a href=\"https:\/\/www.mandellaistanbul.com\/toptan-gomlek\/\">toptan<\/a> con\u00e7ues avec des motifs \u00e9l\u00e9gants et frappants. \u00c0 la fois accrocheuses et confortables, ces chemises mettront en valeur votre style. Voici ce que vous devez savoir sur les chemises noires \u00e0 motifs violets en gros :<\/p>\n<h3>Ensembles de chemises noires \u00e0 motifs violets en gros<\/h3>\n<p><strong>Combinaisons uniques :<\/strong> les ensembles de chemises noires \u00e0 motifs violets offrent une harmonie parfaite avec les chemises et les pantalons ou les shorts. Ces ensembles sont con\u00e7us pour un usage quotidien et pour des occasions sp\u00e9ciales.<\/p>\n<p><strong>Confortables et \u00e9l\u00e9gants :<\/strong> refl\u00e9tant le style \u00e0 motifs violets, ces ensembles offrent une utilisation \u00e0 la fois confortable et \u00e9l\u00e9gante. Fabriqu\u00e9es avec des tissus respirants et une finition soign\u00e9e, ces chemises vous garantissent une journ\u00e9e confortable.<\/p>\n<h3>Chemises violettes \u00e0 motifs en gros<\/h3>\n<p><strong>Divers mod\u00e8les :<\/strong> Mandella Istanbul propose une large gamme de mod\u00e8les de chemises violettes \u00e0 motifs en gros. Des mod\u00e8les qui plaisent \u00e0 tous les go\u00fbts avec diff\u00e9rentes options de col et de coupe enrichissent votre garde-robe.<\/p>\n<p><strong>Style intemporel :<\/strong> Les chemises \u00e0 motifs violets maintiennent votre \u00e9l\u00e9gance \u00e0 chaque \u00e9poque avec leurs designs intemporels. Ces chemises, que vous pouvez utiliser aussi bien au quotidien que lors d&#8217;occasions sp\u00e9ciales, compl\u00e8tent votre style.<\/p>\n<h3>Chemises violettes \u00e0 motifs en gros<\/h3>\n<p><strong>Classique et moderne :<\/strong> Les chemises violettes \u00e0 motifs en gros offrent des d\u00e9tails classiques et modernes \u00e0 la fois. Combinant l&#8217;\u00e9l\u00e9gance du pass\u00e9 avec le confort d&#8217;aujourd&#8217;hui, ces chemises mettent en valeur votre style.<\/p>\n<p><strong>Facilit\u00e9 d&#8217;utilisation :<\/strong> Les chemises violettes \u00e0 motifs faciles \u00e0 repasser et \u00e0 entretenir offrent une utilisation pratique. Ce sera votre sauveur lorsque vous voudrez vous pr\u00e9parer rapidement.<\/p>\n<h3>Prix des chemises noires \u00e0 motifs violets<\/h3>\n<p><strong>Prix abordables\u00a0:<\/strong> Mandella Istanbul propose des chemises noires \u00e0 motifs violets \u00e0 des prix abordables. Vous pouvez attraper l&#8217;\u00e9l\u00e9gance avec des options qui conviennent \u00e0 votre budget sans compromettre la qualit\u00e9.<\/p>\n<p><strong>Remises et campagnes\u00a0:<\/strong> Vous pouvez acheter des chemises noires \u00e0 motifs violets \u00e0 des prix encore plus abordables avec des remises et des campagnes organis\u00e9es \u00e0 certaines p\u00e9riodes. Vous pouvez suivre notre site Web pour les campagnes en cours.<\/p>\n<h3>Qualit\u00e9 Mandella Istanbul<\/h3>\n<p>En tant que Mandella Istanbul, nous accordons la priorit\u00e9 \u00e0 la qualit\u00e9 et \u00e0 la satisfaction du client dans chacun de nos produits. Nos chemises noires \u00e0 motifs violets sont le reflet de cette compr\u00e9hension. Ces chemises, produites avec des tissus soigneusement s\u00e9lectionn\u00e9s et une finition m\u00e9ticuleuse, offrent une utilisation durable et confortable.<\/p>\n<p>Vous pouvez porter l&#8217;\u00e9nergie des chemises noires \u00e0 motifs violets dans votre magasin en passant une commande en gros imm\u00e9diatement depuis notre site Web. N&#8217;oubliez pas, votre \u00e9l\u00e9gance a toujours une longueur d&#8217;avance avec Mandella Istanbul !<\/p>\n","protected":false},"excerpt":{"rendered":"<p>La Chemise Noire \u00e0 Motifs Color\u00e9s V2 met votre style au premier plan en alliant noblesse et originalit\u00e9.<\/p>\n","protected":false},"featured_media":13578,"comment_status":"open","ping_status":"closed","template":"","meta":[],"product_brand":[],"product_cat":[142,177],"product_tag":[],"class_list":{"0":"post-14059","1":"product","2":"type-product","3":"status-publish","4":"has-post-thumbnail","6":"product_cat-vente-en-gros-chemises","7":"product_cat-chemise-a-manches-courtes","8":"pa_beden-l-fr","9":"pa_beden-m-fr","10":"pa_beden-xl-fr","11":"pa_beden-xxl-fr","13":"first","14":"instock","15":"taxable","16":"shipping-taxable","17":"purchasable","18":"product-type-simple"},"_links":{"self":[{"href":"https:\/\/www.mandellaistanbul.com\/fr\/wp-json\/wp\/v2\/product\/14059","targetHints":{"allow":["GET"]}}],"collection":[{"href":"https:\/\/www.mandellaistanbul.com\/fr\/wp-json\/wp\/v2\/product"}],"about":[{"href":"https:\/\/www.mandellaistanbul.com\/fr\/wp-json\/wp\/v2\/types\/product"}],"replies":[{"embeddable":true,"href":"https:\/\/www.mandellaistanbul.com\/fr\/wp-json\/wp\/v2\/comments?post=14059"}],"version-history":[{"count":2,"href":"https:\/\/www.mandellaistanbul.com\/fr\/wp-json\/wp\/v2\/product\/14059\/revisions"}],"predecessor-version":[{"id":18098,"href":"https:\/\/www.mandellaistanbul.com\/fr\/wp-json\/wp\/v2\/product\/14059\/revisions\/18098"}],"wp:featuredmedia":[{"embeddable":true,"href":"https:\/\/www.mandellaistanbul.com\/fr\/wp-json\/wp\/v2\/media\/13578"}],"wp:attachment":[{"href":"https:\/\/www.mandellaistanbul.com\/fr\/wp-json\/wp\/v2\/media?parent=14059"}],"wp:term":[{"taxonomy":"product_brand","embeddable":true,"href":"https:\/\/www.mandellaistanbul.com\/fr\/wp-json\/wp\/v2\/product_brand?post=14059"},{"taxonomy":"product_cat","embeddable":true,"href":"https:\/\/www.mandellaistanbul.com\/fr\/wp-json\/wp\/v2\/product_cat?post=14059"},{"taxonomy":"product_tag","embeddable":true,"href":"https:\/\/www.mandellaistanbul.com\/fr\/wp-json\/wp\/v2\/product_tag?post=14059"}],"curies":[{"name":"wp","href":"https:\/\/api.w.org\/{rel}","templated":true}]}}