{"id":14055,"date":"2023-09-12T14:19:38","date_gmt":"2023-09-12T11:19:38","guid":{"rendered":"https:\/\/www.mandellaistanbul.com\/product\/chemise-bleu-marine-a-motifs-colores\/"},"modified":"2024-10-15T22:32:15","modified_gmt":"2024-10-15T19:32:15","slug":"chemise-bleu-marine-a-motifs-colores","status":"publish","type":"product","link":"https:\/\/www.mandellaistanbul.com\/fr\/produit\/chemise-bleu-marine-a-motifs-colores\/","title":{"rendered":"Chemise Bleu Marine \u00c0 Motifs Color\u00e9s"},"content":{"rendered":"<h2>Chemises \u00e0 motifs bleus en gros : des mod\u00e8les spacieux et \u00e9l\u00e9gants<\/h2>\n<p>Mandella Istanbul vous pr\u00e9sente sa collection de chemises \u00e0 motifs bleus en gros con\u00e7ues avec des motifs spacieux et \u00e9l\u00e9gants. \u00c0 la fois accrocheuses et confortables, ces chemises mettront en valeur votre style. Voici ce que vous devez savoir sur les <a href=\"https:\/\/www.mandellaistanbul.com\/toptan-gomlek\/\">chemises en gros<\/a> \u00e0 motifs bleus :<\/p>\n<h3>Ensembles de chemises \u00e0 motifs bleus en gros<\/h3>\n<p><strong>Combinaisons uniques :<\/strong> les ensembles de chemises \u00e0 motifs bleus offrent une harmonie parfaite avec une chemise et un pantalon ou un short. Ces ensembles sont con\u00e7us aussi bien pour un usage quotidien que pour des occasions sp\u00e9ciales.<\/p>\n<p><strong>Confortables et \u00e9l\u00e9gants :<\/strong> refl\u00e9tant le style \u00e0 motifs bleus, ces ensembles offrent une utilisation \u00e0 la fois confortable et \u00e9l\u00e9gante. Fabriqu\u00e9es avec des tissus respirants et une finition soign\u00e9e, ces chemises vous assurent une journ\u00e9e confortable.<\/p>\n<h3>Chemises \u00e0 motifs bleues en gros<\/h3>\n<p><strong>Divers mod\u00e8les :<\/strong> Mandella Istanbul propose une large gamme de mod\u00e8les de chemises \u00e0 motifs bleues en gros. Des mod\u00e8les qui plaisent \u00e0 tous les go\u00fbts avec diff\u00e9rentes options de col et de coupe enrichissent votre garde-robe.<\/p>\n<p><strong>Style intemporel :<\/strong> Les chemises \u00e0 motifs bleues maintiennent votre \u00e9l\u00e9gance \u00e0 chaque \u00e9poque avec leurs designs intemporels. Ces chemises, que vous pouvez utiliser aussi bien au quotidien que lors d&#8217;occasions sp\u00e9ciales, compl\u00e8tent votre style.<\/p>\n<h3>Chemises \u00e0 motifs bleues en gros<\/h3>\n<p><strong>Classique et moderne :<\/strong> Les chemises \u00e0 motifs bleues en gros offrent des d\u00e9tails classiques et modernes \u00e0 la fois. Combinant l&#8217;\u00e9l\u00e9gance du pass\u00e9 avec le confort d&#8217;aujourd&#8217;hui, ces chemises mettent en valeur votre style.<\/p>\n<p><strong>Facilit\u00e9 d&#8217;utilisation :<\/strong> Les chemises \u00e0 motifs bleues faciles \u00e0 repasser et \u00e0 entretenir offrent une utilisation pratique. Ce sera votre sauveur lorsque vous voudrez vous pr\u00e9parer rapidement.<\/p>\n<h3>Prix des chemises \u00e0 motifs bleus<\/h3>\n<p><strong>Prix abordables\u00a0:<\/strong> Mandella Istanbul propose des chemises \u00e0 motifs bleus \u00e0 des prix abordables. Vous pouvez attraper l&#8217;\u00e9l\u00e9gance avec des options qui conviennent \u00e0 votre budget sans compromettre la qualit\u00e9.<\/p>\n<p><strong>Remises et campagnes\u00a0:<\/strong> Vous pouvez acheter des chemises \u00e0 motifs bleus \u00e0 des prix encore plus abordables avec des remises et des campagnes organis\u00e9es \u00e0 certaines p\u00e9riodes. Vous pouvez suivre notre site Web pour les campagnes en cours.<\/p>\n<h3>Qualit\u00e9 Mandella Istanbul<\/h3>\n<p>En tant que Mandella Istanbul, nous accordons la priorit\u00e9 \u00e0 la qualit\u00e9 et \u00e0 la satisfaction du client dans chacun de nos produits. Nos chemises \u00e0 motifs bleus sont le reflet de cette compr\u00e9hension. Ces chemises, produites avec des tissus soigneusement s\u00e9lectionn\u00e9s et une finition m\u00e9ticuleuse, offrent une utilisation durable et confortable.<\/p>\n<p>Vous pouvez apporter la fra\u00eecheur des chemises \u00e0 motifs bleus dans votre magasin en passant imm\u00e9diatement une commande en gros sur notre site Web. N&#8217;oubliez pas, votre \u00e9l\u00e9gance a toujours une longueur d&#8217;avance avec Mandella Istanbul !<\/p>\n","protected":false},"excerpt":{"rendered":"<p>La chemise bleu marine \u00e0 motifs color\u00e9s allie un style noble et vivant, mettant en valeur votre \u00e9l\u00e9gance.<\/p>\n","protected":false},"featured_media":13572,"comment_status":"open","ping_status":"closed","template":"","meta":[],"product_brand":[],"product_cat":[142,177],"product_tag":[],"class_list":{"0":"post-14055","1":"product","2":"type-product","3":"status-publish","4":"has-post-thumbnail","6":"product_cat-vente-en-gros-chemises","7":"product_cat-chemise-a-manches-courtes","8":"pa_beden-l-fr","9":"pa_beden-m-fr","10":"pa_beden-xl-fr","11":"pa_beden-xxl-fr","13":"first","14":"instock","15":"taxable","16":"shipping-taxable","17":"purchasable","18":"product-type-simple"},"_links":{"self":[{"href":"https:\/\/www.mandellaistanbul.com\/fr\/wp-json\/wp\/v2\/product\/14055","targetHints":{"allow":["GET"]}}],"collection":[{"href":"https:\/\/www.mandellaistanbul.com\/fr\/wp-json\/wp\/v2\/product"}],"about":[{"href":"https:\/\/www.mandellaistanbul.com\/fr\/wp-json\/wp\/v2\/types\/product"}],"replies":[{"embeddable":true,"href":"https:\/\/www.mandellaistanbul.com\/fr\/wp-json\/wp\/v2\/comments?post=14055"}],"version-history":[{"count":3,"href":"https:\/\/www.mandellaistanbul.com\/fr\/wp-json\/wp\/v2\/product\/14055\/revisions"}],"predecessor-version":[{"id":18662,"href":"https:\/\/www.mandellaistanbul.com\/fr\/wp-json\/wp\/v2\/product\/14055\/revisions\/18662"}],"wp:featuredmedia":[{"embeddable":true,"href":"https:\/\/www.mandellaistanbul.com\/fr\/wp-json\/wp\/v2\/media\/13572"}],"wp:attachment":[{"href":"https:\/\/www.mandellaistanbul.com\/fr\/wp-json\/wp\/v2\/media?parent=14055"}],"wp:term":[{"taxonomy":"product_brand","embeddable":true,"href":"https:\/\/www.mandellaistanbul.com\/fr\/wp-json\/wp\/v2\/product_brand?post=14055"},{"taxonomy":"product_cat","embeddable":true,"href":"https:\/\/www.mandellaistanbul.com\/fr\/wp-json\/wp\/v2\/product_cat?post=14055"},{"taxonomy":"product_tag","embeddable":true,"href":"https:\/\/www.mandellaistanbul.com\/fr\/wp-json\/wp\/v2\/product_tag?post=14055"}],"curies":[{"name":"wp","href":"https:\/\/api.w.org\/{rel}","templated":true}]}}