{"id":14008,"date":"2023-09-12T14:20:03","date_gmt":"2023-09-12T11:20:03","guid":{"rendered":"https:\/\/www.mandellaistanbul.com\/product\/chemise-en-lin-a-manches-courtes-v3\/"},"modified":"2024-10-15T22:25:12","modified_gmt":"2024-10-15T19:25:12","slug":"chemise-en-lin-blanc-a-motifs-marron","status":"publish","type":"product","link":"https:\/\/www.mandellaistanbul.com\/fr\/produit\/chemise-en-lin-blanc-a-motifs-marron\/","title":{"rendered":"Chemise En Lin Blanc \u00c0 Motifs Marron"},"content":{"rendered":"<h2>Chemise en lin blanc \u00e0 motifs marron : naturelle et \u00e9l\u00e9gante<\/h2>\n<h3>Collection de chemises en lin blanc \u00e0 motifs marron de Mandella Istanbul<\/h3>\n<p>Mandella Istanbul est l\u00e0 avec sa collection de chemises en lin blanc \u00e0 motifs marron en gros qui allie naturel et \u00e9l\u00e9gance. Voici ce que vous devez savoir sur ces chemises qui gagneront l&#8217;appr\u00e9ciation de vos clients commerciaux qui souhaitent ajouter une touche sophistiqu\u00e9e et accrocheuse aux vitrines de votre magasin :<\/p>\n<h3>Mod\u00e8les de chemises en lin blanc \u00e0 motifs marron<\/h3>\n<p>Mandella Istanbul propose une large gamme de mod\u00e8les de chemises en lin blanc \u00e0 motifs marron. Combinant le naturel du lin avec l&#8217;\u00e9l\u00e9gance du blanc et la chaleur du marron, ces chemises plaisent \u00e0 tous les go\u00fbts et enrichissent les garde-robes. Elles peuvent \u00eatre utilis\u00e9es confortablement dans n&#8217;importe quel environnement avec diff\u00e9rentes options de motifs et de coupes et augmentent la gamme de produits de votre magasin. Con\u00e7ues avec des touches \u00e0 la fois classiques et modernes, ces chemises aident \u00e0 exprimer le style de la meilleure fa\u00e7on. Ces chemises, qui peuvent \u00eatre utilis\u00e9es confortablement au quotidien et lors d&#8217;occasions sp\u00e9ciales, soulignent l&#8217;\u00e9l\u00e9gance et le style de chaque client.<\/p>\n<h3>Qualit\u00e9 et confort<\/h3>\n<p>En tant que Mandella Istanbul, nous accordons la priorit\u00e9 \u00e0 la qualit\u00e9 et \u00e0 la satisfaction du client dans chacun de nos produits. Nos chemises en lin blanc \u00e0 motifs marron sont le reflet de cette compr\u00e9hension. Fabriqu\u00e9es avec des tissus en lin de haute qualit\u00e9 et une finition m\u00e9ticuleuse, ces chemises offrent une utilisation \u00e0 la fois durable et confortable. Gr\u00e2ce \u00e0 des tissus respirants et doux pour la peau, vos clients se sentent \u00e0 l&#8217;aise toute la journ\u00e9e. Ces chemises, faciles \u00e0 repasser et \u00e0 entretenir, offrent une utilisation pratique et sont id\u00e9ales pour vos clients qui souhaitent se pr\u00e9parer rapidement. En m\u00eame temps, ces chemises sont con\u00e7ues pour s&#8217;adapter \u00e0 diverses conditions m\u00e9t\u00e9orologiques, de sorte qu&#8217;elles peuvent \u00eatre port\u00e9es confortablement en toute saison.<\/p>\n<h3>Prix des chemises en lin blanc \u00e0 motifs marron<\/h3>\n<p>Mandella Istanbul propose des chemises en lin blanc \u00e0 motifs marron \u00e0 des prix de gros abordables. Sans compromettre la qualit\u00e9, nous offrons \u00e0 nos clients commerciaux la possibilit\u00e9 d&#8217;atteindre l&#8217;\u00e9l\u00e9gance avec des options adapt\u00e9es \u00e0 leur budget. Dans notre collection, vous pouvez trouver une large gamme de chemises dans diff\u00e9rentes gammes de prix et choisir les chemises qui conviennent le mieux au style de votre magasin. Vous pouvez acheter ces chemises \u00e9l\u00e9gantes \u00e0 des prix encore plus abordables avec des remises et des campagnes organis\u00e9es pendant certaines p\u00e9riodes. Vous pouvez suivre r\u00e9guli\u00e8rement notre site Web pour les campagnes en cours et les offres sp\u00e9ciales. Vous pouvez \u00e9galement b\u00e9n\u00e9ficier de remises et d&#8217;avantages sp\u00e9ciaux en rejoignant notre programme d&#8217;adh\u00e9sion.<\/p>\n<h3>Commander maintenant<\/h3>\n<p>Vous pouvez apporter l&#8217;\u00e9l\u00e9gance naturelle des chemises en lin blanc \u00e0 motifs marron dans votre magasin en passant imm\u00e9diatement une commande en gros sur notre site Web. N&#8217;oubliez pas, ayez toujours une longueur d&#8217;avance avec Mandella Istanbul et offrez \u00e0 vos clients les meilleurs produits. Avec l&#8217;importance que nous attachons \u00e0 la satisfaction du client, nous vous livrons vos commandes rapidement et en toute s\u00e9curit\u00e9. Renouvelez votre magasin et soyez toujours \u00e0 votre meilleur en achetant en gros chez Mandella Istanbul, o\u00f9 qualit\u00e9 et \u00e9l\u00e9gance se rencontrent !<\/p>\n","protected":false},"excerpt":{"rendered":"<p>La chemise en lin \u00e0 manches courtes V3 est une option id\u00e9ale pour ceux qui veulent avoir l&#8217;air cool et \u00e9l\u00e9gant pendant les chaudes journ\u00e9es d&#8217;\u00e9t\u00e9. Il se distingue par sa mati\u00e8re en lin l\u00e9ger et son design \u00e9l\u00e9gant.<\/p>\n","protected":false},"featured_media":13602,"comment_status":"open","ping_status":"closed","template":"","meta":[],"product_brand":[],"product_cat":[142,222],"product_tag":[],"class_list":{"0":"post-14008","1":"product","2":"type-product","3":"status-publish","4":"has-post-thumbnail","6":"product_cat-vente-en-gros-chemises","7":"product_cat-chemise-en-lin-a-manches-courtes","8":"pa_beden-l-fr","9":"pa_beden-m-fr","10":"pa_beden-xl-fr","11":"pa_beden-xxl-fr","13":"first","14":"outofstock","15":"taxable","16":"shipping-taxable","17":"purchasable","18":"product-type-simple"},"_links":{"self":[{"href":"https:\/\/www.mandellaistanbul.com\/fr\/wp-json\/wp\/v2\/product\/14008","targetHints":{"allow":["GET"]}}],"collection":[{"href":"https:\/\/www.mandellaistanbul.com\/fr\/wp-json\/wp\/v2\/product"}],"about":[{"href":"https:\/\/www.mandellaistanbul.com\/fr\/wp-json\/wp\/v2\/types\/product"}],"replies":[{"embeddable":true,"href":"https:\/\/www.mandellaistanbul.com\/fr\/wp-json\/wp\/v2\/comments?post=14008"}],"version-history":[{"count":3,"href":"https:\/\/www.mandellaistanbul.com\/fr\/wp-json\/wp\/v2\/product\/14008\/revisions"}],"predecessor-version":[{"id":18646,"href":"https:\/\/www.mandellaistanbul.com\/fr\/wp-json\/wp\/v2\/product\/14008\/revisions\/18646"}],"wp:featuredmedia":[{"embeddable":true,"href":"https:\/\/www.mandellaistanbul.com\/fr\/wp-json\/wp\/v2\/media\/13602"}],"wp:attachment":[{"href":"https:\/\/www.mandellaistanbul.com\/fr\/wp-json\/wp\/v2\/media?parent=14008"}],"wp:term":[{"taxonomy":"product_brand","embeddable":true,"href":"https:\/\/www.mandellaistanbul.com\/fr\/wp-json\/wp\/v2\/product_brand?post=14008"},{"taxonomy":"product_cat","embeddable":true,"href":"https:\/\/www.mandellaistanbul.com\/fr\/wp-json\/wp\/v2\/product_cat?post=14008"},{"taxonomy":"product_tag","embeddable":true,"href":"https:\/\/www.mandellaistanbul.com\/fr\/wp-json\/wp\/v2\/product_tag?post=14008"}],"curies":[{"name":"wp","href":"https:\/\/api.w.org\/{rel}","templated":true}]}}