{"id":13331,"date":"2023-02-23T14:10:20","date_gmt":"2023-02-23T11:10:20","guid":{"rendered":"https:\/\/www.mandellaistanbul.com\/product\/chemise-a-rayures-colorees\/"},"modified":"2024-10-15T22:38:19","modified_gmt":"2024-10-15T19:38:19","slug":"chemise-a-rayures-colorees","status":"publish","type":"product","link":"https:\/\/www.mandellaistanbul.com\/fr\/produit\/chemise-a-rayures-colorees\/","title":{"rendered":"Chemise \u00c0 Rayures Color\u00e9es"},"content":{"rendered":"<h2>Chemises \u00e0 rayures color\u00e9es : vivacit\u00e9 et \u00e9l\u00e9gance r\u00e9unies<\/h2>\n<p>Mandella Istanbul renouvelle votre style avec sa collection de chemises \u00e0 rayures color\u00e9es qui r\u00e9unit des mod\u00e8les vifs et styl\u00e9s. Orn\u00e9es de couleurs \u00e9nergiques et accrocheuses, ces chemises s&#8217;adapteront \u00e0 n&#8217;importe quel environnement. Voici ce que vous devez savoir sur les chemises \u00e0 rayures color\u00e9es :<\/p>\n<h3>Chemises \u00e0 rayures color\u00e9es<\/h3>\n<p><strong>Vivacit\u00e9 et \u00e9l\u00e9gance :<\/strong> les chemises \u00e0 rayures color\u00e9es ont toujours un style qui attire l&#8217;attention et ne se d\u00e9mode jamais. Ces chemises, que vous pouvez facilement pr\u00e9f\u00e9rer aussi bien pour un usage quotidien que pour des occasions sp\u00e9ciales, compl\u00e8teront votre style.<\/p>\n<p><strong>Facilit\u00e9 d&#8217;utilisation :<\/strong> les chemises \u00e0 rayures color\u00e9es sont fabriqu\u00e9es \u00e0 partir de tissus faciles \u00e0 repasser et \u00e0 entretenir. De cette fa\u00e7on, il offre une utilisation pratique et vous permet d&#8217;avoir un look \u00e9l\u00e9gant \u00e0 tout moment.<\/p>\n<h3>Mod\u00e8les de chemises \u00e0 rayures color\u00e9es<\/h3>\n<p><strong>Divers mod\u00e8les :<\/strong> Mandella Istanbul propose une large gamme de mod\u00e8les de <a href=\"https:\/\/www.mandellaistanbul.com\/toptan-gomlek\/\">chemises toptan<\/a> \u00e0 rayures color\u00e9es. Des mod\u00e8les qui plaisent \u00e0 tous les go\u00fbts avec diff\u00e9rentes options de col et de coupe enrichissent votre garde-robe.<\/p>\n<p><strong>Style intemporel :<\/strong> Les chemises \u00e0 rayures maintiennent votre \u00e9l\u00e9gance \u00e0 chaque \u00e9poque avec leurs designs intemporels. Ces chemises, que vous pouvez utiliser aussi bien au quotidien que lors d&#8217;occasions sp\u00e9ciales, compl\u00e8tent votre style.<\/p>\n<h3>Prix des chemises \u00e0 rayures color\u00e9es<\/h3>\n<p><strong>Prix abordables :<\/strong> Mandella Istanbul propose des chemises \u00e0 rayures color\u00e9es \u00e0 des prix abordables. Vous pouvez atteindre l&#8217;\u00e9l\u00e9gance avec des options adapt\u00e9es \u00e0 votre budget sans compromettre la qualit\u00e9.<\/p>\n<p><strong>Remises et campagnes\u00a0:<\/strong> vous pouvez acheter des chemises \u00e0 rayures color\u00e9es \u00e0 des prix encore plus abordables gr\u00e2ce aux remises et aux campagnes organis\u00e9es pendant certaines p\u00e9riodes. Vous pouvez suivre notre site Web pour conna\u00eetre les campagnes en cours.<\/p>\n<h3>Qualit\u00e9 Mandella Istanbul<\/h3>\n<p>En tant que Mandella Istanbul, nous accordons la priorit\u00e9 \u00e0 la qualit\u00e9 et \u00e0 la satisfaction du client dans chacun de nos produits. Nos chemises \u00e0 rayures color\u00e9es sont le reflet de cette compr\u00e9hension. Fabriqu\u00e9es avec des tissus soigneusement s\u00e9lectionn\u00e9s et une finition m\u00e9ticuleuse, ces chemises offrent une utilisation durable et confortable.<\/p>\n<p>Vous pouvez apporter l&#8217;\u00e9nergie des chemises \u00e0 rayures color\u00e9es dans votre magasin en passant imm\u00e9diatement une commande en gros sur notre site Web. N&#8217;oubliez pas que votre \u00e9l\u00e9gance a toujours une longueur d&#8217;avance avec Mandella Istanbul\u00a0!<\/p>\n","protected":false},"excerpt":{"rendered":"<p>La chemise \u00e0 rayures color\u00e9es est une option id\u00e9ale pour refl\u00e9ter votre style \u00e9nergique et color\u00e9.<\/p>\n","protected":false},"featured_media":13160,"comment_status":"open","ping_status":"closed","template":"","meta":[],"product_brand":[],"product_cat":[142,177],"product_tag":[],"class_list":{"0":"post-13331","1":"product","2":"type-product","3":"status-publish","4":"has-post-thumbnail","6":"product_cat-vente-en-gros-chemises","7":"product_cat-chemise-a-manches-courtes","8":"pa_beden-l-fr","9":"pa_beden-m-fr","10":"pa_beden-xl-fr","11":"pa_beden-xxl-fr","13":"first","14":"instock","15":"taxable","16":"shipping-taxable","17":"purchasable","18":"product-type-simple"},"_links":{"self":[{"href":"https:\/\/www.mandellaistanbul.com\/fr\/wp-json\/wp\/v2\/product\/13331","targetHints":{"allow":["GET"]}}],"collection":[{"href":"https:\/\/www.mandellaistanbul.com\/fr\/wp-json\/wp\/v2\/product"}],"about":[{"href":"https:\/\/www.mandellaistanbul.com\/fr\/wp-json\/wp\/v2\/types\/product"}],"replies":[{"embeddable":true,"href":"https:\/\/www.mandellaistanbul.com\/fr\/wp-json\/wp\/v2\/comments?post=13331"}],"version-history":[{"count":2,"href":"https:\/\/www.mandellaistanbul.com\/fr\/wp-json\/wp\/v2\/product\/13331\/revisions"}],"predecessor-version":[{"id":18679,"href":"https:\/\/www.mandellaistanbul.com\/fr\/wp-json\/wp\/v2\/product\/13331\/revisions\/18679"}],"wp:featuredmedia":[{"embeddable":true,"href":"https:\/\/www.mandellaistanbul.com\/fr\/wp-json\/wp\/v2\/media\/13160"}],"wp:attachment":[{"href":"https:\/\/www.mandellaistanbul.com\/fr\/wp-json\/wp\/v2\/media?parent=13331"}],"wp:term":[{"taxonomy":"product_brand","embeddable":true,"href":"https:\/\/www.mandellaistanbul.com\/fr\/wp-json\/wp\/v2\/product_brand?post=13331"},{"taxonomy":"product_cat","embeddable":true,"href":"https:\/\/www.mandellaistanbul.com\/fr\/wp-json\/wp\/v2\/product_cat?post=13331"},{"taxonomy":"product_tag","embeddable":true,"href":"https:\/\/www.mandellaistanbul.com\/fr\/wp-json\/wp\/v2\/product_tag?post=13331"}],"curies":[{"name":"wp","href":"https:\/\/api.w.org\/{rel}","templated":true}]}}