{"id":13330,"date":"2023-02-23T14:11:41","date_gmt":"2023-02-23T11:11:41","guid":{"rendered":"https:\/\/www.mandellaistanbul.com\/product\/chemise-verte-a-fleurs\/"},"modified":"2024-10-15T19:36:04","modified_gmt":"2024-10-15T16:36:04","slug":"chemise-verte-fleurie","status":"publish","type":"product","link":"https:\/\/www.mandellaistanbul.com\/fr\/produit\/chemise-verte-fleurie\/","title":{"rendered":"Chemise verte fleurie"},"content":{"rendered":"<h3>Chemise verte \u00e0 fleurs : Une touche de nature rafra\u00eechissante<\/h3>\n<p><strong>Collection en gros de chemises vertes \u00e0 fleurs de Mandella<\/strong> Istanbul Mandella Istanbul pr\u00e9sente sa collection de chemises vertes \u00e0 fleurs, qui allie l&#8217;effet rafra\u00eechissant de la nature \u00e0 l&#8217;\u00e9l\u00e9gance. Inspir\u00e9es par la nature, ces chemises attirent vos clients qui recherchent la beaut\u00e9 naturelle et l&#8217;\u00e9l\u00e9gance dans votre magasin. L&#8217;\u00e9nergie rafra\u00eechissante des motifs floraux et la nuance apaisante du vert rendent ces chemises indispensables \u00e0 toute garde-robe.<\/p>\n<h4>Mod\u00e8les de chemises vertes \u00e0 fleurs<\/h4>\n<p>Mandella Istanbul propose une large gamme de mod\u00e8les de chemises vertes \u00e0 fleurs. Cette collection, qui comprend des mod\u00e8les classiques et modernes, offre des options pour tous les go\u00fbts. Les mod\u00e8les pr\u00e9par\u00e9s avec d&#8217;\u00e9l\u00e9gants motifs floraux et diff\u00e9rentes nuances de vert sont id\u00e9aux pour une tenue de travail ou une tenue de tous les jours. Ces chemises, qui enrichiront votre garde-robe et augmenteront la gamme de produits de votre magasin, s&#8217;adressent \u00e0 des clients de tous \u00e2ges et de tous styles.<\/p>\n<h4>Qualit\u00e9 et confort<\/h4>\n<p>En tant que Mandella Istanbul, nous donnons la priorit\u00e9 \u00e0 la qualit\u00e9 et \u00e0 la satisfaction du client dans la production de nos chemises vertes \u00e0 fleurs. Fabriqu\u00e9es avec des tissus respirants de haute qualit\u00e9 et une finition soign\u00e9e, ces chemises offrent une utilisation durable et confortable. Gr\u00e2ce \u00e0 sa structure respectueuse de la peau, vos clients se sentent \u00e0 l&#8217;aise tout au long de la journ\u00e9e. En outre, ces chemises, faciles \u00e0 repasser et \u00e0 entretenir, offrent l&#8217;avantage d&#8217;une utilisation pratique.<\/p>\n<h4>Chemise florale verte Prix<\/h4>\n<p>Mandella Istanbul offre des opportunit\u00e9s attrayantes \u00e0 ses clients en proposant ses chemises vertes \u00e0 fleurs \u00e0 des prix de gros abordables. Nous vous offrons la possibilit\u00e9 de proposer des produits styl\u00e9s et \u00e9l\u00e9gants adapt\u00e9s \u00e0 votre budget sans sacrifier la qualit\u00e9. Vous trouverez dans notre collection un large \u00e9ventail de chemises dans diff\u00e9rentes gammes de prix et pourrez choisir celles qui correspondent le mieux au style de votre magasin et aux exigences de vos clients. Gr\u00e2ce \u00e0 nos remises et campagnes r\u00e9guli\u00e8res, vous pouvez obtenir ces chemises \u00e9l\u00e9gantes \u00e0 des prix plus avantageux. Suivez notre site web pour conna\u00eetre les campagnes en cours et les offres sp\u00e9ciales.<\/p>\n<h4>Commander<\/h4>\n<p>Vous pouvez apporter l&#8217;\u00e9l\u00e9gance inspir\u00e9e par la nature des chemises vertes \u00e0 fleurs \u00e0 votre magasin en passant imm\u00e9diatement une commande en gros sur notre site Web. Avec Mandella Istanbul, ayez toujours une longueur d&#8217;avance et offrez \u00e0 vos clients les meilleurs produits. Compte tenu de l&#8217;importance que nous attachons \u00e0 la satisfaction de nos clients, nous livrons vos commandes rapidement et en toute s\u00e9curit\u00e9. Renouvelez votre magasin et offrez \u00e0 vos clients une exp\u00e9rience de style unique en achetant en gros chez Mandella Istanbul, o\u00f9 la qualit\u00e9 et le naturel se rencontrent ! 100% coton Chemise \u00e0 manches courtes. Nos produits sont vendus en s\u00e9rie. Il y a 5 produits dans 1 s\u00e9rie. Tailles des produits dans la s\u00e9rie 1 pi\u00e8ce (M) &#8211; 2 pi\u00e8ces (L) &#8211; 1 pi\u00e8ce (XL) &#8211; 1 pi\u00e8ce (XXL) Une facture sp\u00e9ciale sera \u00e9tablie pour toutes vos commandes. Les frais d&#8217;exp\u00e9dition varient d&#8217;un pays \u00e0 l&#8217;autre. Une fois la commande effectu\u00e9e, les informations relatives au chargement vous seront envoy\u00e9es par Whatsapp.<\/p>\n","protected":false},"excerpt":{"rendered":"<p>1 Produit de s\u00e9rie. (5 PCS) Tailles : M L XL XXL Tissu utilis\u00e9 : 100% coton Vous ne pouvez commander que par s\u00e9ries. ( 5 pi\u00e8ces)<\/p>\n","protected":false},"featured_media":13166,"comment_status":"open","ping_status":"closed","template":"","meta":[],"product_brand":[],"product_cat":[142,177],"product_tag":[],"class_list":{"0":"post-13330","1":"product","2":"type-product","3":"status-publish","4":"has-post-thumbnail","6":"product_cat-vente-en-gros-chemises","7":"product_cat-chemise-a-manches-courtes","8":"pa_beden-l-fr","9":"pa_beden-m-fr","10":"pa_beden-xl-fr","11":"pa_beden-xxl-fr","13":"first","14":"outofstock","15":"taxable","16":"shipping-taxable","17":"purchasable","18":"product-type-simple"},"_links":{"self":[{"href":"https:\/\/www.mandellaistanbul.com\/fr\/wp-json\/wp\/v2\/product\/13330","targetHints":{"allow":["GET"]}}],"collection":[{"href":"https:\/\/www.mandellaistanbul.com\/fr\/wp-json\/wp\/v2\/product"}],"about":[{"href":"https:\/\/www.mandellaistanbul.com\/fr\/wp-json\/wp\/v2\/types\/product"}],"replies":[{"embeddable":true,"href":"https:\/\/www.mandellaistanbul.com\/fr\/wp-json\/wp\/v2\/comments?post=13330"}],"version-history":[{"count":4,"href":"https:\/\/www.mandellaistanbul.com\/fr\/wp-json\/wp\/v2\/product\/13330\/revisions"}],"predecessor-version":[{"id":18382,"href":"https:\/\/www.mandellaistanbul.com\/fr\/wp-json\/wp\/v2\/product\/13330\/revisions\/18382"}],"wp:featuredmedia":[{"embeddable":true,"href":"https:\/\/www.mandellaistanbul.com\/fr\/wp-json\/wp\/v2\/media\/13166"}],"wp:attachment":[{"href":"https:\/\/www.mandellaistanbul.com\/fr\/wp-json\/wp\/v2\/media?parent=13330"}],"wp:term":[{"taxonomy":"product_brand","embeddable":true,"href":"https:\/\/www.mandellaistanbul.com\/fr\/wp-json\/wp\/v2\/product_brand?post=13330"},{"taxonomy":"product_cat","embeddable":true,"href":"https:\/\/www.mandellaistanbul.com\/fr\/wp-json\/wp\/v2\/product_cat?post=13330"},{"taxonomy":"product_tag","embeddable":true,"href":"https:\/\/www.mandellaistanbul.com\/fr\/wp-json\/wp\/v2\/product_tag?post=13330"}],"curies":[{"name":"wp","href":"https:\/\/api.w.org\/{rel}","templated":true}]}}