{"id":13328,"date":"2023-02-23T14:13:28","date_gmt":"2023-02-23T11:13:28","guid":{"rendered":"https:\/\/www.mandellaistanbul.com\/product\/chemise-a-fleurs-noires-et-blanches\/"},"modified":"2024-10-15T22:24:12","modified_gmt":"2024-10-15T19:24:12","slug":"chemise-fleurie-noire-et-blanche","status":"publish","type":"product","link":"https:\/\/www.mandellaistanbul.com\/fr\/produit\/chemise-fleurie-noire-et-blanche\/","title":{"rendered":"Chemise Fleurie Noire Et Blanche"},"content":{"rendered":"<p><span data-sheets-root=\"1\" data-sheets-userformat=\"{\"2\":513,\"3\":{\"1\":0},\"12\":0}\" data-sheets-value=\"{\"1\":2,\"2\":\"Chemise fleurie noire et blanche : l'\u00e9l\u00e9gance de la nature sur vous\\nCollection de chemises fleuries de Mandella \u0130stanbul\\nMandella \u0130stanbul pr\u00e9sente une collection de chemises fleuries noire et blanche qui apporte l'\u00e9l\u00e9gance de la nature \u00e0 votre style. Con\u00e7ues avec des touches \u00e0 la fois classiques et modernes, ces chemises deviendront indispensables dans votre garde-robe. Voici ce que vous devez savoir sur les chemises fleuries noires et blanches :\\n\\nChemise fleurie noire et blanche\\nMotifs uniques\\nMandella \u0130stanbul propose une large gamme de mod\u00e8les de chemises fleuries noires et blanches. Chaque motif soigneusement con\u00e7u ajoute une touche \u00e9l\u00e9gante \u00e0 votre garde-robe.\\n\\nStyle intemporel\\nLes chemises fleuries noires et blanches offrent un look tendance et \u00e9l\u00e9gant \u00e0 chaque \u00e9poque. Ces chemises, que vous pouvez facilement utiliser dans la vie quotidienne et lors d'occasions sp\u00e9ciales, compl\u00e8tent votre style.\\n\\nMod\u00e8les de chemises noires \u00e0 fleurs\\nDivers mod\u00e8les\\nMandella Istanbul propose diff\u00e9rents mod\u00e8les de chemises noires \u00e0 fleurs. Des mod\u00e8les qui plaisent \u00e0 tous les go\u00fbts avec diff\u00e9rentes options de col et de coupe enrichissent votre garde-robe.\\n\\nCombinaison facile\\nLes chemises noires \u00e0 fleurs peuvent \u00eatre facilement combin\u00e9es avec diff\u00e9rents pantalons et vestes. Ces chemises, que vous pouvez facilement utiliser lors de r\u00e9unions d'affaires, d'invitations ou de la vie quotidienne, renforcent votre \u00e9l\u00e9gance.\\n\\nPrix des chemises \u00e0 fleurs\\nOptions de prix abordables\\nMandella Istanbul propose des chemises \u00e0 fleurs \u00e0 des prix abordables. Vous pouvez atteindre l'\u00e9l\u00e9gance avec des options adapt\u00e9es \u00e0 votre budget sans compromettre la qualit\u00e9.\\n\\nRemises et campagnes\\nVous pouvez acheter des chemises \u00e0 fleurs \u00e0 des prix encore plus abordables avec des remises et des campagnes r\u00e9alis\u00e9es \u00e0 certaines p\u00e9riodes. Vous pouvez suivre notre site Web pour les campagnes en cours.\\n\\nQualit\u00e9 Mandella Istanbul\\nEn tant que Mandella Istanbul, nous accordons la priorit\u00e9 \u00e0 la qualit\u00e9 et \u00e0 la satisfaction du client dans chacun de nos produits. Nos chemises \u00e0 fleurs noires et blanches sont le reflet de cette compr\u00e9hension. Fabriqu\u00e9es avec des tissus soigneusement s\u00e9lectionn\u00e9s et une finition m\u00e9ticuleuse, ces chemises offrent une utilisation durable et confortable.\\n\\nCommandez maintenant\\nVous pouvez porter l'\u00e9l\u00e9gance des chemises \u00e0 fleurs noires et blanches en commandant d\u00e8s maintenant sur notre site Web. N'oubliez pas, votre \u00e9l\u00e9gance a toujours une longueur d'avance avec Mandella Istanbul ! \"}\">Chemise \u00e0 fleurs noires et blanches : l&#8217;\u00e9l\u00e9gance de la nature sur vous<br \/> Collection de chemises \u00e0 fleurs Mandella Istanbul<br \/> Mandella Istanbul est l\u00e0 avec sa collection de chemises \u00e0 fleurs noires et blanches qui apporte l&#8217;\u00e9l\u00e9gance de la nature \u00e0 votre style. Con\u00e7ues avec des touches \u00e0 la fois classiques et modernes, ces chemises seront indispensables dans votre garde-robe. Voici ce que vous devez savoir sur les chemises \u00e0 fleurs noires et blanches :<\/span><\/p>\n<p>Chemise \u00e0 fleurs noires et blanches<br \/> Motifs uniques<br \/> Mandella Istanbul propose une large gamme de mod\u00e8les de chemises \u00e0 fleurs noires et blanches. Chaque motif soigneusement con\u00e7u ajoute une touche \u00e9l\u00e9gante \u00e0 votre garde-robe.<\/p>\n<p>Style intemporel<br \/> Les chemises \u00e0 fleurs noires et blanches offrent un look tendance et \u00e9l\u00e9gant \u00e0 chaque \u00e9poque. Ces chemises, que vous pouvez facilement porter au quotidien et lors d&#8217;occasions sp\u00e9ciales, compl\u00e8tent votre style.<\/p>\n<p>Mod\u00e8les de chemises \u00e0 fleurs noires<br \/> Diff\u00e9rents mod\u00e8les<br \/> Mandella Istanbul propose diff\u00e9rents mod\u00e8les de <a href=\"https:\/\/www.mandellaistanbul.com\/toptan-gomlek\/\">chemises toptan<\/a> \u00e0 fleurs noires. Des mod\u00e8les qui plaisent \u00e0 tous les go\u00fbts avec diff\u00e9rentes options de col et de coupe enrichissent votre garde-robe.<\/p>\n<p>Facilit\u00e9 de combinaison<br \/> Les chemises \u00e0 fleurs noires peuvent \u00eatre facilement combin\u00e9es avec diff\u00e9rents pantalons et vestes. Ces chemises, que vous pouvez facilement utiliser lors de r\u00e9unions d&#8217;affaires, d&#8217;invitations ou de la vie quotidienne, renforcent votre \u00e9l\u00e9gance.<\/p>\n<p>Prix des chemises \u00e0 fleurs<br \/> Options de prix abordables<br \/> Mandella Istanbul propose des chemises \u00e0 fleurs \u00e0 des prix abordables. Vous pouvez atteindre l&#8217;\u00e9l\u00e9gance avec des options qui conviennent \u00e0 votre budget sans compromettre la qualit\u00e9.<\/p>\n<p>Remises et campagnes<br \/> Vous pouvez acheter des chemises \u00e0 fleurs \u00e0 des prix encore plus abordables gr\u00e2ce aux remises et aux campagnes organis\u00e9es \u00e0 certaines p\u00e9riodes. Vous pouvez suivre notre site Web pour conna\u00eetre les campagnes en cours.<\/p>\n<p>Qualit\u00e9 Mandella Istanbul<br \/> Chez Mandella Istanbul, nous accordons la priorit\u00e9 \u00e0 la qualit\u00e9 et \u00e0 la satisfaction du client dans chacun de nos produits. Nos chemises \u00e0 fleurs noires et blanches sont le reflet de cette compr\u00e9hension. Ces chemises, produites avec des tissus soigneusement s\u00e9lectionn\u00e9s et une finition m\u00e9ticuleuse, offrent une utilisation durable et confortable.<\/p>\n<p>Commander maintenant<br \/> Vous pouvez emporter l&#8217;\u00e9l\u00e9gance des chemises \u00e0 fleurs noires et blanches avec vous en commandant imm\u00e9diatement sur notre site Web. N&#8217;oubliez pas que votre \u00e9l\u00e9gance a toujours une longueur d&#8217;avance avec Mandella Istanbul !<\/p>\n","protected":false},"excerpt":{"rendered":"<p>1 Produit de s\u00e9rie. (5 PCS)<br \/>\n  Tailles : M L XL XXL<br \/>\n  Tissu utilis\u00e9 : 100% coton<br \/>\n  Vous ne pouvez commander que des s\u00e9ries. ( 5 pi\u00e8ces)<\/p>\n","protected":false},"featured_media":13172,"comment_status":"open","ping_status":"closed","template":"","meta":[],"product_brand":[],"product_cat":[142,177],"product_tag":[],"class_list":{"0":"post-13328","1":"product","2":"type-product","3":"status-publish","4":"has-post-thumbnail","6":"product_cat-vente-en-gros-chemises","7":"product_cat-chemise-a-manches-courtes","8":"pa_beden-l-fr","9":"pa_beden-m-fr","10":"pa_beden-xl-fr","11":"pa_beden-xxl-fr","13":"first","14":"outofstock","15":"taxable","16":"shipping-taxable","17":"purchasable","18":"product-type-simple"},"_links":{"self":[{"href":"https:\/\/www.mandellaistanbul.com\/fr\/wp-json\/wp\/v2\/product\/13328","targetHints":{"allow":["GET"]}}],"collection":[{"href":"https:\/\/www.mandellaistanbul.com\/fr\/wp-json\/wp\/v2\/product"}],"about":[{"href":"https:\/\/www.mandellaistanbul.com\/fr\/wp-json\/wp\/v2\/types\/product"}],"replies":[{"embeddable":true,"href":"https:\/\/www.mandellaistanbul.com\/fr\/wp-json\/wp\/v2\/comments?post=13328"}],"version-history":[{"count":3,"href":"https:\/\/www.mandellaistanbul.com\/fr\/wp-json\/wp\/v2\/product\/13328\/revisions"}],"predecessor-version":[{"id":18643,"href":"https:\/\/www.mandellaistanbul.com\/fr\/wp-json\/wp\/v2\/product\/13328\/revisions\/18643"}],"wp:featuredmedia":[{"embeddable":true,"href":"https:\/\/www.mandellaistanbul.com\/fr\/wp-json\/wp\/v2\/media\/13172"}],"wp:attachment":[{"href":"https:\/\/www.mandellaistanbul.com\/fr\/wp-json\/wp\/v2\/media?parent=13328"}],"wp:term":[{"taxonomy":"product_brand","embeddable":true,"href":"https:\/\/www.mandellaistanbul.com\/fr\/wp-json\/wp\/v2\/product_brand?post=13328"},{"taxonomy":"product_cat","embeddable":true,"href":"https:\/\/www.mandellaistanbul.com\/fr\/wp-json\/wp\/v2\/product_cat?post=13328"},{"taxonomy":"product_tag","embeddable":true,"href":"https:\/\/www.mandellaistanbul.com\/fr\/wp-json\/wp\/v2\/product_tag?post=13328"}],"curies":[{"name":"wp","href":"https:\/\/api.w.org\/{rel}","templated":true}]}}