{"id":13325,"date":"2023-02-23T14:13:36","date_gmt":"2023-02-23T11:13:36","guid":{"rendered":"https:\/\/www.mandellaistanbul.com\/product\/chemise-blanche-avec-photographie\/"},"modified":"2024-10-07T20:53:31","modified_gmt":"2024-10-07T17:53:31","slug":"chemise-blanche-avec-photo","status":"publish","type":"product","link":"https:\/\/www.mandellaistanbul.com\/fr\/produit\/chemise-blanche-avec-photo\/","title":{"rendered":"Chemise blanche avec photo"},"content":{"rendered":"<h3>Chemise blanche avec photo : mod\u00e8les personnalis\u00e9s et sp\u00e9ciaux<\/h3>\n<h4>Collection de chemises blanches avec photo en gros de Mandella Istanbul<\/h4>\n<p>Mandella Istanbul propose une collection en gros de chemises blanches avec photos qui ajoutent une touche unique \u00e0 votre style. Chacune personnalis\u00e9e avec des motifs sp\u00e9ciaux, ces chemises sont id\u00e9ales pour un usage quotidien et des \u00e9v\u00e9nements sp\u00e9ciaux. Voici ce que vous devez savoir sur ces chemises accrocheuses\u00a0:<\/p>\n<h3>Mod\u00e8les de chemises blanches avec photo<\/h3>\n<p><strong>Mod\u00e8les personnalis\u00e9s\u00a0:<\/strong> Mandella Istanbul propose une large gamme de mod\u00e8les de chemises blanches avec photos <a href=\"https:\/\/www.mandellaistanbul.com\/toptan-gomlek\/\">chemise en gros<\/a>. Convenant \u00e0 tous les go\u00fbts avec diff\u00e9rentes options de photo et de design, ces chemises enrichissent les garde-robes. Vous pouvez transporter vos souvenirs sp\u00e9ciaux ou vos images pr\u00e9f\u00e9r\u00e9es sur vos chemises. Gr\u00e2ce \u00e0 l&#8217;impression de photos de haute qualit\u00e9, une image vive et claire est obtenue. Ces chemises sont l&#8217;une des fa\u00e7ons les plus uniques d&#8217;exprimer votre style personnel.<\/p>\n<h3>Qualit\u00e9 et confort<\/h3>\n<p>En tant que Mandella Istanbul, nous accordons la priorit\u00e9 \u00e0 la qualit\u00e9 et \u00e0 la satisfaction du client dans chacun de nos produits. Nos chemises blanches avec photos sont le reflet de cette compr\u00e9hension. Fabriqu\u00e9es avec des tissus de haute qualit\u00e9 et une finition m\u00e9ticuleuse, ces chemises offrent une utilisation durable et confortable. Gr\u00e2ce aux tissus respirants et doux pour la peau, vos clients se sentent \u00e0 l&#8217;aise toute la journ\u00e9e. Ces chemises, faciles \u00e0 repasser et \u00e0 entretenir, offrent une utilisation pratique et sont id\u00e9ales pour vos clients qui souhaitent se pr\u00e9parer rapidement. Offrant \u00e0 la fois \u00e9l\u00e9gance et confort, ces chemises seront l&#8217;un des produits les plus populaires de votre magasin.<\/p>\n<h3>Prix des chemises blanches avec photos<\/h3>\n<p>Mandella Istanbul propose des chemises blanches avec photos \u00e0 des prix de gros abordables. Sans compromettre la qualit\u00e9, nous offrons \u00e0 nos clients commerciaux la possibilit\u00e9 d&#8217;atteindre l&#8217;\u00e9l\u00e9gance avec des options adapt\u00e9es \u00e0 leur budget. Dans notre collection, vous pouvez trouver une large gamme dans diff\u00e9rentes gammes de prix et choisir les chemises qui conviennent le mieux au style de votre magasin. Avec des remises et des campagnes effectu\u00e9es pendant certaines p\u00e9riodes, vous pouvez acheter ces chemises \u00e9l\u00e9gantes \u00e0 des prix encore plus abordables. Vous pouvez suivre r\u00e9guli\u00e8rement notre site Web pour les campagnes en cours et les offres sp\u00e9ciales. Mandella Istanbul allie haute qualit\u00e9 et prix abordables et vous permet d&#8217;offrir les meilleurs produits \u00e0 vos clients.<\/p>\n<h3>Commandez maintenant<\/h3>\n<p>Vous pouvez proposer les designs personnalis\u00e9s et sp\u00e9ciaux de chemises blanches avec photos dans votre magasin en commandant imm\u00e9diatement des chemises en gros sur notre site Web. N&#8217;oubliez pas, ayez toujours une longueur d&#8217;avance avec Mandella Istanbul et offrez \u00e0 vos clients les meilleurs produits. Avec l&#8217;importance que nous attachons \u00e0 la satisfaction client, nous vous livrons vos commandes rapidement et en toute s\u00e9curit\u00e9. Renouvelez votre magasin et soyez toujours \u00e0 votre meilleur en achetant en gros chez Mandella Istanbul, o\u00f9 qualit\u00e9 et \u00e9l\u00e9gance se rencontrent !<\/p>\n<p>Chemise \u00e0 manches courtes 100 % coton.<br \/> Nos produits sont vendus en s\u00e9rie. Il y a 5 produits dans 1 s\u00e9rie.<br \/> Tailles des produits dans la s\u00e9rie<br \/> 1 pi\u00e8ce (M) \u2013 2 pi\u00e8ces (L) \u2013 1 pi\u00e8ce (XL) \u2013 1 pi\u00e8ce (XXL)<\/p>\n<p>Une facture sp\u00e9ciale sera \u00e9mise pour toutes vos commandes.<br \/> Les frais d&#8217;exp\u00e9dition sont diff\u00e9rents pour chaque pays. Une fois la commande termin\u00e9e, des informations sur la cargaison vous seront envoy\u00e9es via Whatsapp.<\/p>\n","protected":false},"excerpt":{"rendered":"<p>1 Produit de s\u00e9rie. (5 PCS)<br \/>\n  Tailles : M L XL XXL<br \/>\n  Tissu utilis\u00e9 : 100% coton<br \/>\n  Vous ne pouvez commander que des s\u00e9ries. ( 5 pi\u00e8ces)<\/p>\n","protected":false},"featured_media":13181,"comment_status":"open","ping_status":"closed","template":"","meta":[],"product_brand":[],"product_cat":[142,177],"product_tag":[],"class_list":{"0":"post-13325","1":"product","2":"type-product","3":"status-publish","4":"has-post-thumbnail","6":"product_cat-vente-en-gros-chemises","7":"product_cat-chemise-a-manches-courtes","8":"pa_beden-l-fr","9":"pa_beden-m-fr","10":"pa_beden-xl-fr","11":"pa_beden-xxl-fr","13":"first","14":"outofstock","15":"taxable","16":"shipping-taxable","17":"purchasable","18":"product-type-simple"},"_links":{"self":[{"href":"https:\/\/www.mandellaistanbul.com\/fr\/wp-json\/wp\/v2\/product\/13325","targetHints":{"allow":["GET"]}}],"collection":[{"href":"https:\/\/www.mandellaistanbul.com\/fr\/wp-json\/wp\/v2\/product"}],"about":[{"href":"https:\/\/www.mandellaistanbul.com\/fr\/wp-json\/wp\/v2\/types\/product"}],"replies":[{"embeddable":true,"href":"https:\/\/www.mandellaistanbul.com\/fr\/wp-json\/wp\/v2\/comments?post=13325"}],"version-history":[{"count":3,"href":"https:\/\/www.mandellaistanbul.com\/fr\/wp-json\/wp\/v2\/product\/13325\/revisions"}],"predecessor-version":[{"id":18073,"href":"https:\/\/www.mandellaistanbul.com\/fr\/wp-json\/wp\/v2\/product\/13325\/revisions\/18073"}],"wp:featuredmedia":[{"embeddable":true,"href":"https:\/\/www.mandellaistanbul.com\/fr\/wp-json\/wp\/v2\/media\/13181"}],"wp:attachment":[{"href":"https:\/\/www.mandellaistanbul.com\/fr\/wp-json\/wp\/v2\/media?parent=13325"}],"wp:term":[{"taxonomy":"product_brand","embeddable":true,"href":"https:\/\/www.mandellaistanbul.com\/fr\/wp-json\/wp\/v2\/product_brand?post=13325"},{"taxonomy":"product_cat","embeddable":true,"href":"https:\/\/www.mandellaistanbul.com\/fr\/wp-json\/wp\/v2\/product_cat?post=13325"},{"taxonomy":"product_tag","embeddable":true,"href":"https:\/\/www.mandellaistanbul.com\/fr\/wp-json\/wp\/v2\/product_tag?post=13325"}],"curies":[{"name":"wp","href":"https:\/\/api.w.org\/{rel}","templated":true}]}}