{"id":13321,"date":"2023-02-23T14:13:44","date_gmt":"2023-02-23T11:13:44","guid":{"rendered":"https:\/\/www.mandellaistanbul.com\/product\/chemise-verte-a-motifs-tricotes\/"},"modified":"2024-10-15T21:05:01","modified_gmt":"2024-10-15T18:05:01","slug":"chemise-tricotee-verte-a-motifs","status":"publish","type":"product","link":"https:\/\/www.mandellaistanbul.com\/fr\/produit\/chemise-tricotee-verte-a-motifs\/","title":{"rendered":"Chemise tricot\u00e9e verte \u00e0 motifs"},"content":{"rendered":"<p><strong>Chemises tricot\u00e9es vertes : symboles d&#8217;\u00e9l\u00e9gance et de chic<\/strong><\/p>\n<p>Les chemises tricot\u00e9es vertes sont des v\u00eatements fabriqu\u00e9s avec des techniques de tissage sp\u00e9ciales et se distinguent par leur \u00e9l\u00e9gance. Propos\u00e9es dans divers styles pour femmes et hommes, ces chemises peuvent \u00eatre une pi\u00e8ce indispensable de votre garde-robe. Voici des informations d\u00e9taill\u00e9es sur les chemises tricot\u00e9es vertes :<\/p>\n<p><strong>1. Qu&#8217;est-ce qu&#8217;une chemise tricot\u00e9e verte ?<\/strong><\/p>\n<p>Les chemises tricot\u00e9es vertes sont des chemises produites avec une technique de tissage sp\u00e9ciale. La texture du tissu de ces chemises est cr\u00e9\u00e9e avec des motifs r\u00e9guli\u00e8rement plac\u00e9s, ce qui ajoute de la profondeur et du caract\u00e8re \u00e0 la chemise.<\/p>\n<p><strong>2. Diff\u00e9rents mod\u00e8les de chemises tricot\u00e9es vertes<\/strong><\/p>\n<p>La collection de <a href=\"https:\/\/www.mandellaistanbul.com\/toptan-gomlek\/\">chemises toptan<\/a> tricot\u00e9es vertes de Mandella Istanbul pr\u00e9sente une grande vari\u00e9t\u00e9 :<\/p>\n<ul>\n<li><strong>Chemises vertes en tricot fin\u00a0:<\/strong> chemises \u00e0 texture l\u00e9g\u00e8re que vous pouvez facilement choisir pendant les mois d&#8217;\u00e9t\u00e9.<\/li>\n<li><strong>Chemises vertes en tricot \u00e9pais\u00a0:<\/strong> chemises \u00e0 texture plus \u00e9paisse qui vous gardent au chaud pendant les mois d&#8217;hiver.<\/li>\n<li><strong>Chemises tricot\u00e9es vertes \u00e0 col polo\u00a0:<\/strong> chemises \u00e0 col polo id\u00e9ales pour les combinaisons sportives et d\u00e9contract\u00e9es.<\/li>\n<li><strong>Chemises tricot\u00e9es vertes \u00e0 coupe classique\u00a0:<\/strong> chemises au design classique adapt\u00e9es \u00e0 une utilisation en toutes saisons.<\/li>\n<li><strong>Chemises tricot\u00e9es vertes \u00e0 la mode\u00a0:<\/strong> chemises enrichies de d\u00e9tails sp\u00e9ciaux qui refl\u00e8tent les derni\u00e8res tendances de la mode.<\/li>\n<\/ul>\n<p><strong>3. Combinaisons de chemises tricot\u00e9es vertes<\/strong><\/p>\n<p>Les combinaisons qui peuvent \u00eatre faites avec des chemises tricot\u00e9es vertes vous permettent de refl\u00e9ter votre style et vos go\u00fbts personnels\u00a0:<\/p>\n<ul>\n<li><strong>Combinaisons quotidiennes\u00a0:<\/strong> vous pouvez obtenir un look adapt\u00e9 \u00e0 un usage quotidien en l&#8217;associant \u00e0 un jean ou \u00e0 un short.<\/li>\n<li><strong>Look professionnel\u00a0:<\/strong> vous pouvez cr\u00e9er un look professionnel en l&#8217;associant \u00e0 un pantalon de coupe classique et \u00e0 une veste blazer.<\/li>\n<li><strong>Occasions sp\u00e9ciales\u00a0:<\/strong> vous pouvez facilement le pr\u00e9f\u00e9rer lors d&#8217;occasions sp\u00e9ciales en l&#8217;associant \u00e0 une jupe ou un pantalon \u00e9l\u00e9gant.<\/li>\n<\/ul>\n<p><strong>4. Qualit\u00e9 Mandella Istanbul\u00a0: confiance et satisfaction<\/strong><\/p>\n<p>Mandella Istanbul accorde la priorit\u00e9 \u00e0 la qualit\u00e9 et \u00e0 la satisfaction du client dans chaque produit. Les produits fabriqu\u00e9s avec des mat\u00e9riaux de qualit\u00e9 et une finition m\u00e9ticuleuse dans des chemises tricot\u00e9es vertes offrent une utilisation durable et \u00e9l\u00e9gante.<\/p>\n<p>Chemise \u00e0 manches courtes 100\u00a0% coton.<br \/>\nNos produits sont vendus en s\u00e9rie. Il y a 5 produits dans 1 s\u00e9rie.<br \/>\nTailles des produits dans la s\u00e9rie<br \/>\n1 pi\u00e8ce (M) \u2013 2 pi\u00e8ces (L) \u2013 1 pi\u00e8ce (XL) \u2013 1 pi\u00e8ce (XXL)<\/p>\n<p>Une facture sp\u00e9ciale sera \u00e9mise pour toutes vos commandes.<br \/>\nLes frais d&#8217;exp\u00e9dition sont diff\u00e9rents pour chaque pays. Une fois la commande termin\u00e9e, des informations sur la cargaison vous seront envoy\u00e9es via Whatsapp.<\/p>\n","protected":false},"excerpt":{"rendered":"<p>1 Produit de s\u00e9rie. (5 PCS)<br \/>\nTailles : M L XL XXL<br \/>\nTissu utilis\u00e9 : 100% coton<br \/>\nVous ne pouvez commander que des s\u00e9ries. ( 5 pi\u00e8ces)<\/p>\n","protected":false},"featured_media":13193,"comment_status":"closed","ping_status":"closed","template":"","meta":[],"product_brand":[],"product_cat":[142,177],"product_tag":[],"class_list":{"0":"post-13321","1":"product","2":"type-product","3":"status-publish","4":"has-post-thumbnail","6":"product_cat-vente-en-gros-chemises","7":"product_cat-chemise-a-manches-courtes","8":"pa_beden-l-fr","9":"pa_beden-m-fr","10":"pa_beden-xl-fr","11":"pa_beden-xxl-fr","13":"first","14":"outofstock","15":"taxable","16":"shipping-taxable","17":"purchasable","18":"product-type-simple"},"_links":{"self":[{"href":"https:\/\/www.mandellaistanbul.com\/fr\/wp-json\/wp\/v2\/product\/13321","targetHints":{"allow":["GET"]}}],"collection":[{"href":"https:\/\/www.mandellaistanbul.com\/fr\/wp-json\/wp\/v2\/product"}],"about":[{"href":"https:\/\/www.mandellaistanbul.com\/fr\/wp-json\/wp\/v2\/types\/product"}],"replies":[{"embeddable":true,"href":"https:\/\/www.mandellaistanbul.com\/fr\/wp-json\/wp\/v2\/comments?post=13321"}],"version-history":[{"count":2,"href":"https:\/\/www.mandellaistanbul.com\/fr\/wp-json\/wp\/v2\/product\/13321\/revisions"}],"predecessor-version":[{"id":18479,"href":"https:\/\/www.mandellaistanbul.com\/fr\/wp-json\/wp\/v2\/product\/13321\/revisions\/18479"}],"wp:featuredmedia":[{"embeddable":true,"href":"https:\/\/www.mandellaistanbul.com\/fr\/wp-json\/wp\/v2\/media\/13193"}],"wp:attachment":[{"href":"https:\/\/www.mandellaistanbul.com\/fr\/wp-json\/wp\/v2\/media?parent=13321"}],"wp:term":[{"taxonomy":"product_brand","embeddable":true,"href":"https:\/\/www.mandellaistanbul.com\/fr\/wp-json\/wp\/v2\/product_brand?post=13321"},{"taxonomy":"product_cat","embeddable":true,"href":"https:\/\/www.mandellaistanbul.com\/fr\/wp-json\/wp\/v2\/product_cat?post=13321"},{"taxonomy":"product_tag","embeddable":true,"href":"https:\/\/www.mandellaistanbul.com\/fr\/wp-json\/wp\/v2\/product_tag?post=13321"}],"curies":[{"name":"wp","href":"https:\/\/api.w.org\/{rel}","templated":true}]}}