{"id":13319,"date":"2023-02-23T14:13:47","date_gmt":"2023-02-23T11:13:47","guid":{"rendered":"https:\/\/www.mandellaistanbul.com\/product\/gilet-a-poches-bicolore-v10\/"},"modified":"2024-10-08T22:28:00","modified_gmt":"2024-10-08T19:28:00","slug":"chemise-noire-et-blanche","status":"publish","type":"product","link":"https:\/\/www.mandellaistanbul.com\/fr\/produit\/chemise-noire-et-blanche\/","title":{"rendered":"Chemise noire et blanche"},"content":{"rendered":"<h3>Chemise noire et blanche : \u00e9l\u00e9gance classique et \u00e9l\u00e9gante<\/h3>\n<p><strong>Collection de chemises noires et blanches en gros de Mandella Istanbul<\/strong><\/p>\n<p>Mandella Istanbul rencontre ses clients commerciaux avec sa collection de chemises noires et blanches, symbole d&#8217;\u00e9l\u00e9gance classique et intemporelle. Nous proposons une option id\u00e9ale pour vos clients \u00e0 la recherche de designs classiques et d&#8217;\u00e9l\u00e9gance dans votre magasin. Con\u00e7ues avec la combinaison sophistiqu\u00e9e du noir et du blanc, ces chemises font la diff\u00e9rence aussi bien dans les affaires que dans la vie quotidienne.<\/p>\n<h4>Mod\u00e8les de chemises noires et blanches<\/h4>\n<p>Mandella Istanbul propose une large gamme de mod\u00e8les de chemises noires et blanches. Il existe de nombreuses options de mod\u00e8les diff\u00e9rents, des lignes classiques aux designs modernes. Ces chemises plaisent \u00e0 tous les go\u00fbts et \u00e0 tous les styles. Pr\u00e9par\u00e9s avec l&#8217;harmonie parfaite du noir et du blanc, ces mod\u00e8les peuvent \u00eatre utilis\u00e9s confortablement dans chaque environnement et deviennent indispensables dans les garde-robes. Notre collection, qui propose des options adapt\u00e9es aux hommes et aux femmes, augmente la vari\u00e9t\u00e9 de produits de votre magasin.<\/p>\n<h4>Qualit\u00e9 et confort<\/h4>\n<p>En tant que Mandella Istanbul, nous accordons la priorit\u00e9 \u00e0 la qualit\u00e9 et \u00e0 la satisfaction du client dans chacun de nos produits. Nos chemises noires et blanches sont le reflet de cette compr\u00e9hension. Fabriqu\u00e9es avec des tissus de haute qualit\u00e9 et une finition m\u00e9ticuleuse, ces chemises offrent une utilisation \u00e0 la fois durable et confortable. Gr\u00e2ce aux tissus doux pour la peau et respirants, vos clients se sentent \u00e0 l&#8217;aise toute la journ\u00e9e. En m\u00eame temps, ces chemises sont faciles \u00e0 repasser et \u00e0 entretenir, ce qui offre une utilisation pratique.<\/p>\n<h4>Prix des chemises noires et blanches<\/h4>\n<p>Mandella Istanbul propose ses chemises noires et blanches \u00e0 des prix de gros abordables. Nous offrons \u00e0 nos clients commerciaux la possibilit\u00e9 de proposer des produits de qualit\u00e9 et \u00e9l\u00e9gants avec des options adapt\u00e9es \u00e0 leur budget. Vous pouvez trouver une large gamme dans diff\u00e9rentes gammes de prix dans notre collection et choisir les chemises qui conviennent le mieux au style de votre magasin. Gr\u00e2ce aux remises et aux campagnes que nous proposons \u00e0 certaines p\u00e9riodes, vous pouvez acheter ces chemises \u00e9l\u00e9gantes \u00e0 des prix plus abordables. Visitez r\u00e9guli\u00e8rement notre site Web pour conna\u00eetre les campagnes en cours et les offres sp\u00e9ciales.<\/p>\n<h4>Commandez maintenant<\/h4>\n<p>Vous pouvez apporter l&#8217;\u00e9l\u00e9gance intemporelle des chemises noires et blanches \u00e0 votre magasin en passant une commande en gros sur notre site Web. Ayez toujours une longueur d&#8217;avance avec Mandella Istanbul et offrez \u00e0 vos clients les meilleurs produits. Gr\u00e2ce \u00e0 l&#8217;importance que nous accordons \u00e0 la satisfaction de nos clients, nous vous livrons vos commandes rapidement et en toute s\u00e9curit\u00e9. Renouvelez votre magasin et soyez toujours \u00e0 votre meilleur en achetant en gros chez Mandella Istanbul, o\u00f9 qualit\u00e9 et style se rencontrent !<\/p>\n","protected":false},"excerpt":{"rendered":"<p>Chemise \u00e0 poche double V10 se distingue par son design moderne et ses poches utiles.<\/p>\n","protected":false},"featured_media":13199,"comment_status":"open","ping_status":"closed","template":"","meta":[],"product_brand":[],"product_cat":[142,197],"product_tag":[],"class_list":{"0":"post-13319","1":"product","2":"type-product","3":"status-publish","4":"has-post-thumbnail","6":"product_cat-vente-en-gros-chemises","7":"product_cat-chemises-a-poches","8":"pa_beden-l-fr","9":"pa_beden-m-fr","10":"pa_beden-xl-fr","11":"pa_beden-xxl-fr","13":"first","14":"instock","15":"taxable","16":"shipping-taxable","17":"purchasable","18":"product-type-simple"},"_links":{"self":[{"href":"https:\/\/www.mandellaistanbul.com\/fr\/wp-json\/wp\/v2\/product\/13319","targetHints":{"allow":["GET"]}}],"collection":[{"href":"https:\/\/www.mandellaistanbul.com\/fr\/wp-json\/wp\/v2\/product"}],"about":[{"href":"https:\/\/www.mandellaistanbul.com\/fr\/wp-json\/wp\/v2\/types\/product"}],"replies":[{"embeddable":true,"href":"https:\/\/www.mandellaistanbul.com\/fr\/wp-json\/wp\/v2\/comments?post=13319"}],"version-history":[{"count":2,"href":"https:\/\/www.mandellaistanbul.com\/fr\/wp-json\/wp\/v2\/product\/13319\/revisions"}],"predecessor-version":[{"id":18220,"href":"https:\/\/www.mandellaistanbul.com\/fr\/wp-json\/wp\/v2\/product\/13319\/revisions\/18220"}],"wp:featuredmedia":[{"embeddable":true,"href":"https:\/\/www.mandellaistanbul.com\/fr\/wp-json\/wp\/v2\/media\/13199"}],"wp:attachment":[{"href":"https:\/\/www.mandellaistanbul.com\/fr\/wp-json\/wp\/v2\/media?parent=13319"}],"wp:term":[{"taxonomy":"product_brand","embeddable":true,"href":"https:\/\/www.mandellaistanbul.com\/fr\/wp-json\/wp\/v2\/product_brand?post=13319"},{"taxonomy":"product_cat","embeddable":true,"href":"https:\/\/www.mandellaistanbul.com\/fr\/wp-json\/wp\/v2\/product_cat?post=13319"},{"taxonomy":"product_tag","embeddable":true,"href":"https:\/\/www.mandellaistanbul.com\/fr\/wp-json\/wp\/v2\/product_tag?post=13319"}],"curies":[{"name":"wp","href":"https:\/\/api.w.org\/{rel}","templated":true}]}}