{"id":13317,"date":"2023-02-23T14:13:54","date_gmt":"2023-02-23T11:13:54","guid":{"rendered":"https:\/\/www.mandellaistanbul.com\/product\/chemise-noire-a-motif-en-maille\/"},"modified":"2024-10-15T21:57:51","modified_gmt":"2024-10-15T18:57:51","slug":"chemise-tricotee-noire-a-motifs","status":"publish","type":"product","link":"https:\/\/www.mandellaistanbul.com\/fr\/produit\/chemise-tricotee-noire-a-motifs\/","title":{"rendered":"Chemise Tricot\u00e9e Noire \u00c0 Motifs"},"content":{"rendered":"<h2>Chemise tricot\u00e9e noire \u00e0 motifs : combinaison d&#8217;\u00e9l\u00e9gance et de confort<\/h2>\n<p>Mandella Istanbul vous pr\u00e9sente sa collection de chemises tricot\u00e9es noires \u00e0 motifs con\u00e7ues avec des touches \u00e9l\u00e9gantes et modernes. Offrant \u00e0 la fois \u00e9l\u00e9gance et confort, ces chemises mettront en valeur votre style. Voici ce que vous devez savoir sur les chemises tricot\u00e9es noires \u00e0 motifs :<\/p>\n<h3>Ensembles de chemises tricot\u00e9es noires \u00e0 motifs<\/h3>\n<p><strong>Combinaisons uniques :<\/strong> Les ensembles de chemises tricot\u00e9es noires \u00e0 motifs offrent une harmonie parfaite avec une chemise et un pantalon ou un short. Ces ensembles sont con\u00e7us aussi bien pour un usage quotidien que pour des occasions sp\u00e9ciales.<\/p>\n<p><strong>Confortables et \u00e9l\u00e9gants :<\/strong> Refl\u00e9tant le style \u00e0 motifs tricot\u00e9s, ces ensembles offrent une utilisation \u00e0 la fois confortable et \u00e9l\u00e9gante. Fabriqu\u00e9s avec des tissus respirants et une finition soign\u00e9e, ces costumes vous assurent une journ\u00e9e confortable.<\/p>\n<h3>Mod\u00e8les de chemises tricot\u00e9es noires \u00e0 motifs<\/h3>\n<p><strong>Divers mod\u00e8les\u00a0:<\/strong> Mandella Istanbul propose une large gamme de mod\u00e8les de <a href=\"https:\/\/www.mandellaistanbul.com\/toptan-gomlek\/\">chemises toptan<\/a> noires \u00e0 motifs. Des mod\u00e8les qui plaisent \u00e0 tous les go\u00fbts avec diff\u00e9rentes options de col et de coupe enrichissent votre garde-robe.<\/p>\n<p><strong>Style intemporel\u00a0:<\/strong> les chemises tricot\u00e9es noires \u00e0 motifs maintiennent votre \u00e9l\u00e9gance \u00e0 chaque \u00e9poque avec leurs designs intemporels. Ces chemises, que vous pouvez utiliser aussi bien au quotidien que lors d&#8217;occasions sp\u00e9ciales, compl\u00e8tent votre style.<\/p>\n<h3>Chemise tricot\u00e9e \u00e0 motifs<\/h3>\n<p><strong>Classique et moderne\u00a0:<\/strong> les chemises tricot\u00e9es noires \u00e0 motifs offrent des d\u00e9tails classiques et modernes \u00e0 la fois. Alliant l&#8217;\u00e9l\u00e9gance du pass\u00e9 au confort d&#8217;aujourd&#8217;hui, ces chemises mettent en valeur votre style.<\/p>\n<p><strong>Facilit\u00e9 d&#8217;utilisation :<\/strong> Faciles \u00e0 repasser et \u00e0 entretenir, les chemises noires \u00e0 motifs en tricot offrent une utilisation pratique. Elles seront votre sauveur lorsque vous voudrez vous pr\u00e9parer rapidement.<\/p>\n<h3>Prix des chemises noires \u00e0 motifs en tricot<\/h3>\n<p><strong>Prix abordables :<\/strong> Mandella Istanbul propose des chemises noires \u00e0 motifs en tricot \u00e0 des prix abordables. Vous pouvez atteindre l&#8217;\u00e9l\u00e9gance avec des options adapt\u00e9es \u00e0 votre budget sans compromettre la qualit\u00e9.<\/p>\n<p><strong>Remises et campagnes :<\/strong> Vous pouvez acheter des chemises noires \u00e0 motifs en tricot \u00e0 des prix encore plus abordables avec des remises et des campagnes organis\u00e9es pendant certaines p\u00e9riodes. Vous pouvez suivre notre site Web pour les campagnes en cours.<\/p>\n<h3>Qualit\u00e9 Mandella Istanbul<\/h3>\n<p>En tant que Mandella Istanbul, nous accordons la priorit\u00e9 \u00e0 la qualit\u00e9 et \u00e0 la satisfaction du client dans chacun de nos produits. Nos chemises noires \u00e0 motifs en tricot sont le reflet de cette compr\u00e9hension. Ces chemises, fabriqu\u00e9es avec des tissus soigneusement s\u00e9lectionn\u00e9s et une finition soign\u00e9e, offrent une utilisation durable et confortable.<\/p>\n<p>Vous pouvez porter l&#8217;\u00e9l\u00e9gance des chemises \u00e0 motifs tricot\u00e9s noirs en commandant imm\u00e9diatement sur notre site Web. N&#8217;oubliez pas, votre \u00e9l\u00e9gance a toujours une longueur d&#8217;avance avec Mandella Istanbul !<\/p>\n","protected":false},"excerpt":{"rendered":"<p>1 Produit de s\u00e9rie. (5 PCS)<br \/>\n  Tailles : M L XL XXL<br \/>\n  Tissu utilis\u00e9 : 100% coton<br \/>\n  Vous ne pouvez commander que des s\u00e9ries. ( 5 pi\u00e8ces)<\/p>\n","protected":false},"featured_media":13205,"comment_status":"closed","ping_status":"closed","template":"","meta":[],"product_brand":[],"product_cat":[142,177],"product_tag":[],"class_list":{"0":"post-13317","1":"product","2":"type-product","3":"status-publish","4":"has-post-thumbnail","6":"product_cat-vente-en-gros-chemises","7":"product_cat-chemise-a-manches-courtes","8":"pa_beden-l-fr","9":"pa_beden-m-fr","10":"pa_beden-xl-fr","11":"pa_beden-xxl-fr","13":"first","14":"outofstock","15":"taxable","16":"shipping-taxable","17":"purchasable","18":"product-type-simple"},"_links":{"self":[{"href":"https:\/\/www.mandellaistanbul.com\/fr\/wp-json\/wp\/v2\/product\/13317","targetHints":{"allow":["GET"]}}],"collection":[{"href":"https:\/\/www.mandellaistanbul.com\/fr\/wp-json\/wp\/v2\/product"}],"about":[{"href":"https:\/\/www.mandellaistanbul.com\/fr\/wp-json\/wp\/v2\/types\/product"}],"replies":[{"embeddable":true,"href":"https:\/\/www.mandellaistanbul.com\/fr\/wp-json\/wp\/v2\/comments?post=13317"}],"version-history":[{"count":3,"href":"https:\/\/www.mandellaistanbul.com\/fr\/wp-json\/wp\/v2\/product\/13317\/revisions"}],"predecessor-version":[{"id":18588,"href":"https:\/\/www.mandellaistanbul.com\/fr\/wp-json\/wp\/v2\/product\/13317\/revisions\/18588"}],"wp:featuredmedia":[{"embeddable":true,"href":"https:\/\/www.mandellaistanbul.com\/fr\/wp-json\/wp\/v2\/media\/13205"}],"wp:attachment":[{"href":"https:\/\/www.mandellaistanbul.com\/fr\/wp-json\/wp\/v2\/media?parent=13317"}],"wp:term":[{"taxonomy":"product_brand","embeddable":true,"href":"https:\/\/www.mandellaistanbul.com\/fr\/wp-json\/wp\/v2\/product_brand?post=13317"},{"taxonomy":"product_cat","embeddable":true,"href":"https:\/\/www.mandellaistanbul.com\/fr\/wp-json\/wp\/v2\/product_cat?post=13317"},{"taxonomy":"product_tag","embeddable":true,"href":"https:\/\/www.mandellaistanbul.com\/fr\/wp-json\/wp\/v2\/product_tag?post=13317"}],"curies":[{"name":"wp","href":"https:\/\/api.w.org\/{rel}","templated":true}]}}