{"id":13314,"date":"2023-02-23T14:13:57","date_gmt":"2023-02-23T11:13:57","guid":{"rendered":"https:\/\/www.mandellaistanbul.com\/product\/chemise-a-motifs-zebres\/"},"modified":"2024-10-15T20:55:37","modified_gmt":"2024-10-15T17:55:37","slug":"chemise-a-motif-zebre","status":"publish","type":"product","link":"https:\/\/www.mandellaistanbul.com\/fr\/produit\/chemise-a-motif-zebre\/","title":{"rendered":"Chemise \u00e0 motif z\u00e8bre"},"content":{"rendered":"<p><strong>Chemises \u00e0 motifs z\u00e9br\u00e9s\u00a0: l&#8217;\u00e9l\u00e9gance de la nature dans votre garde-robe<\/strong><\/p>\n<p>Les chemises \u00e0 motifs z\u00e9br\u00e9s sont des pi\u00e8ces sp\u00e9ciales inspir\u00e9es des motifs inspirants de la nature et se distinguent par leur \u00e9l\u00e9gance. Propos\u00e9es dans diff\u00e9rents styles pour femmes et hommes, ces chemises font partie de la collection sp\u00e9ciale de Mandella Istanbul. Voici des informations d\u00e9taill\u00e9es sur les chemises \u00e0 motifs z\u00e9br\u00e9s\u00a0:<\/p>\n<p><strong>Mod\u00e8les de chemises \u00e0 motifs z\u00e9br\u00e9s\u00a0: esth\u00e9tique et diversit\u00e9 r\u00e9unies<\/strong><\/p>\n<p>La collection <a href=\"https:\/\/www.mandellaistanbul.com\/toptan-gomlek\/\">toptan G\u00f6mlek<\/a> \u00e0 motifs z\u00e9br\u00e9s de Mandella Istanbul est tr\u00e8s vari\u00e9e. Enrichies de diff\u00e9rentes coupes, cols et d\u00e9tails, ces chemises sont con\u00e7ues pour plaire \u00e0 tous les go\u00fbts. Vous pouvez choisir parmi des mod\u00e8les enrichis de motifs unis ou color\u00e9s.<\/p>\n<p><strong>Prix des chemises \u00e0 motifs z\u00e9br\u00e9s : \u00e9quilibre entre qualit\u00e9 et prix abordable<\/strong><\/p>\n<p>Les chemises \u00e0 motifs z\u00e9br\u00e9s de Mandella Istanbul sont fabriqu\u00e9es avec des mat\u00e9riaux de qualit\u00e9 et propos\u00e9es \u00e0 des prix abordables. Ces chemises refl\u00e8tent \u00e0 la fois votre style et vous aident \u00e0 prot\u00e9ger votre budget.<\/p>\n<p><strong>Combinaisons de chemises \u00e0 motifs z\u00e9br\u00e9s : un look naturel et \u00e9l\u00e9gant<\/strong><\/p>\n<p>Les combinaisons qui peuvent \u00eatre faites avec des chemises \u00e0 motifs z\u00e9br\u00e9s vous aident \u00e0 obtenir un look naturel et \u00e9l\u00e9gant. Voici quelques suggestions de combinaisons pour vous :<\/p>\n<ul>\n<li><strong>Style classique :<\/strong> Vous pouvez obtenir un look professionnel \u00e9l\u00e9gant en combinant une chemise \u00e0 motifs z\u00e9br\u00e9s avec un pantalon noir ou blanc. Cette combinaison peut \u00e9galement \u00eatre facilement pr\u00e9f\u00e9r\u00e9e dans des environnements formels.<\/li>\n<li><strong>Style d\u00e9contract\u00e9 :<\/strong> Vous pouvez obtenir un look confortable et \u00e9l\u00e9gant en combinant une chemise \u00e0 motifs z\u00e9br\u00e9s avec un jean ou un short chino pour un usage quotidien. Cette combinaison convient aussi bien aux promenades en ville qu&#8217;aux r\u00e9unions entre amis.<\/li>\n<li><strong>Pour les occasions sp\u00e9ciales :<\/strong> Pour les occasions sp\u00e9ciales ou les invitations, vous pouvez compl\u00e9ter votre \u00e9l\u00e9gance en associant une chemise \u00e0 motifs z\u00e9br\u00e9s \u00e0 une veste blazer de coupe classique. Cette combinaison vous donne un look sophistiqu\u00e9.<\/li>\n<\/ul>\n<p><strong>Qualit\u00e9 Mandella Istanbul : confiance et satisfaction<\/strong><\/p>\n<p>Mandella Istanbul accorde la priorit\u00e9 \u00e0 la qualit\u00e9 et \u00e0 la satisfaction du client dans chaque produit. Chaque chemise est fabriqu\u00e9e avec des mat\u00e9riaux soigneusement s\u00e9lectionn\u00e9s et une finition soign\u00e9e. Ces chemises, id\u00e9ales pour les entreprises, r\u00e9pondent \u00e0 la fois aux attentes des utilisateurs et renforcent l&#8217;image de votre entreprise.<\/p>\n","protected":false},"excerpt":{"rendered":"<p>Chemise moderne et confortable \u00e0 imprim\u00e9 z\u00e9br\u00e9, qualit\u00e9 Mandella Istanbul. Mod\u00e8le \u00e0 manches courtes id\u00e9al pour l&#8217;\u00e9t\u00e9. Nous sommes un pionnier dans le domaine de la vente en gros, les meilleures options de vente en gros de v\u00eatements sont ici.<\/p>\n","protected":false},"featured_media":13157,"comment_status":"open","ping_status":"closed","template":"","meta":[],"product_brand":[],"product_cat":[142,177],"product_tag":[],"class_list":{"0":"post-13314","1":"product","2":"type-product","3":"status-publish","4":"has-post-thumbnail","6":"product_cat-vente-en-gros-chemises","7":"product_cat-chemise-a-manches-courtes","8":"pa_beden-l-fr","9":"pa_beden-m-fr","10":"pa_beden-xl-fr","11":"pa_beden-xxl-fr","13":"first","14":"outofstock","15":"taxable","16":"shipping-taxable","17":"purchasable","18":"product-type-simple"},"_links":{"self":[{"href":"https:\/\/www.mandellaistanbul.com\/fr\/wp-json\/wp\/v2\/product\/13314","targetHints":{"allow":["GET"]}}],"collection":[{"href":"https:\/\/www.mandellaistanbul.com\/fr\/wp-json\/wp\/v2\/product"}],"about":[{"href":"https:\/\/www.mandellaistanbul.com\/fr\/wp-json\/wp\/v2\/types\/product"}],"replies":[{"embeddable":true,"href":"https:\/\/www.mandellaistanbul.com\/fr\/wp-json\/wp\/v2\/comments?post=13314"}],"version-history":[{"count":3,"href":"https:\/\/www.mandellaistanbul.com\/fr\/wp-json\/wp\/v2\/product\/13314\/revisions"}],"predecessor-version":[{"id":18472,"href":"https:\/\/www.mandellaistanbul.com\/fr\/wp-json\/wp\/v2\/product\/13314\/revisions\/18472"}],"wp:featuredmedia":[{"embeddable":true,"href":"https:\/\/www.mandellaistanbul.com\/fr\/wp-json\/wp\/v2\/media\/13157"}],"wp:attachment":[{"href":"https:\/\/www.mandellaistanbul.com\/fr\/wp-json\/wp\/v2\/media?parent=13314"}],"wp:term":[{"taxonomy":"product_brand","embeddable":true,"href":"https:\/\/www.mandellaistanbul.com\/fr\/wp-json\/wp\/v2\/product_brand?post=13314"},{"taxonomy":"product_cat","embeddable":true,"href":"https:\/\/www.mandellaistanbul.com\/fr\/wp-json\/wp\/v2\/product_cat?post=13314"},{"taxonomy":"product_tag","embeddable":true,"href":"https:\/\/www.mandellaistanbul.com\/fr\/wp-json\/wp\/v2\/product_tag?post=13314"}],"curies":[{"name":"wp","href":"https:\/\/api.w.org\/{rel}","templated":true}]}}