{"id":13066,"date":"2023-01-05T15:46:19","date_gmt":"2023-01-05T12:46:19","guid":{"rendered":"https:\/\/www.mandellaistanbul.com\/product\/poche-chemise-bicolore-v2\/"},"modified":"2024-10-15T22:21:06","modified_gmt":"2024-10-15T19:21:06","slug":"chemise-a-poche-noire-a-rayures-rouges","status":"publish","type":"product","link":"https:\/\/www.mandellaistanbul.com\/fr\/produit\/chemise-a-poche-noire-a-rayures-rouges\/","title":{"rendered":"Chemise \u00c0 Poche Noire \u00c0 Rayures Rouges"},"content":{"rendered":"<h3>Chemise \u00e0 poche noire \u00e0 rayures rouges\u00a0: style dynamique et fonctionnel<\/h3>\n<h4>Collection de chemises \u00e0 poche noire \u00e0 rayures rouges de Mandella Istanbul<\/h4>\n<p>Mandella Istanbul propose des chemises \u00e0 poche noire \u00e0 rayures rouges pour ceux qui veulent ajouter de l&#8217;\u00e9nergie \u00e0 leur style. Combinant un look dynamique avec des lignes rouges vibrantes et un design de poche fonctionnel, ces chemises attireront l&#8217;attention dans n&#8217;importe quel environnement. Voici ce que vous devez savoir sur les chemises \u00e0 poche noire \u00e0 rayures rouges\u00a0:<\/p>\n<h3>Mod\u00e8les de chemises \u00e0 poche noire \u00e0 rayures rouges<\/h3>\n<p><strong>Diverses options de conception\u00a0:<\/strong> les mod\u00e8les de chemises \u00e0 poche noire \u00e0 rayures rouges de Mandella Istanbul plaisent \u00e0 tous les go\u00fbts avec diff\u00e9rentes options de col et de coupe. Les designs sportifs et \u00e9l\u00e9gants peuvent \u00eatre utilis\u00e9s confortablement dans n&#8217;importe quel environnement, de la vie quotidienne aux invitations sp\u00e9ciales.<\/p>\n<p><strong>Couleurs \u00e9clatantes\u00a0:<\/strong> le contraste des lignes rouges avec le fond noir donne \u00e0 ces chemises un look \u00e9nergique et moderne. Ajoutez de la vivacit\u00e9 \u00e0 votre style avec son design accrocheur.<\/p>\n<h3>Chemise \u00e0 poche noire \u00e0 rayures rouges<\/h3>\n<p><strong>Pratique et \u00e9l\u00e9gante :<\/strong> les chemises \u00e0 poche noire \u00e0 rayures rouges offrent un look \u00e0 la fois pratique et \u00e9l\u00e9gant avec leur design \u00e0 poche. Les d\u00e9tails de poche compl\u00e8tent votre style en ajoutant un air moderne \u00e0 la chemise.<\/p>\n<p><strong>Confortable et flexible :<\/strong> fabriqu\u00e9es \u00e0 partir de tissus de haute qualit\u00e9, ces chemises offrent un confort tout au long de la journ\u00e9e. Il vous aide \u00e0 rester au frais pendant les mois d&#8217;\u00e9t\u00e9 gr\u00e2ce \u00e0 sa structure flexible et respirante.<\/p>\n<h3>Prix des chemises \u00e0 poche noire \u00e0 rayures rouges<\/h3>\n<p><strong>Prix de gros abordables :<\/strong> Mandella Istanbul propose des chemises \u00e0 poche noire \u00e0 rayures rouges \u00e0 des prix abordables <a href=\"https:\/\/www.mandellaistanbul.com\/toptan-gomlek\/\">toptan G\u00f6mlek<\/a>. Nous vous offrons la possibilit\u00e9 de saisir l&#8217;\u00e9l\u00e9gance avec des options qui conviennent \u00e0 votre budget sans compromettre la qualit\u00e9. Vous pouvez b\u00e9n\u00e9ficier de l&#8217;avantage de prix abordables lors de vos achats de chemises en gros.<\/p>\n<p><strong>Campagnes et remises :<\/strong> Nous proposons des prix encore plus avantageux avec des campagnes et des remises effectu\u00e9es \u00e0 certaines p\u00e9riodes sur les chemises \u00e0 poches noires \u00e0 rayures rouges. Vous pouvez suivre r\u00e9guli\u00e8rement notre site Web pour conna\u00eetre les campagnes en cours et les offres sp\u00e9ciales. Vous pouvez obtenir des produits de qualit\u00e9 \u00e0 des prix abordables avec Mandella Istanbul.<\/p>\n<h3>La qualit\u00e9 Mandella Istanbul<\/h3>\n<p>Mandella Istanbul accorde la priorit\u00e9 \u00e0 la qualit\u00e9 et \u00e0 la satisfaction du client dans chaque produit. Nos chemises \u00e0 poches noires \u00e0 rayures rouges sont le reflet de cette compr\u00e9hension. Ces chemises, produites avec des tissus soigneusement s\u00e9lectionn\u00e9s et une finition m\u00e9ticuleuse, offrent une utilisation durable et confortable. Faites la diff\u00e9rence dans votre magasin en respectant la qualit\u00e9 Mandella Istanbul dans vos commandes de chemises en gros.<\/p>\n<h3>Commandez maintenant<\/h3>\n<p>Vous pouvez apporter le style \u00e9nergique et moderne des chemises \u00e0 poches noires \u00e0 rayures rouges \u00e0 votre magasin en commandant imm\u00e9diatement des chemises en gros sur notre site Web. N&#8217;oubliez pas d&#8217;avoir toujours une longueur d&#8217;avance avec Mandella Istanbul et d&#8217;offrir les meilleurs produits \u00e0 vos clients. Renouvelez votre boutique et soyez toujours \u00e0 votre meilleur en achetant en gros chez Mandella Istanbul, o\u00f9 qualit\u00e9 et \u00e9l\u00e9gance se rencontrent\u00a0!<\/p>\n","protected":false},"excerpt":{"rendered":"<p>Pocket &#8211; Chemise double couleur V2 se distingue par son style moderne et ses d\u00e9tails fonctionnels.<\/p>\n","protected":false},"featured_media":13004,"comment_status":"open","ping_status":"closed","template":"","meta":[],"product_brand":[],"product_cat":[142,197],"product_tag":[],"class_list":{"0":"post-13066","1":"product","2":"type-product","3":"status-publish","4":"has-post-thumbnail","6":"product_cat-vente-en-gros-chemises","7":"product_cat-chemises-a-poches","8":"pa_beden-l-fr","9":"pa_beden-m-fr","10":"pa_beden-xl-fr","11":"pa_beden-xxl-fr","13":"first","14":"instock","15":"taxable","16":"shipping-taxable","17":"purchasable","18":"product-type-simple"},"_links":{"self":[{"href":"https:\/\/www.mandellaistanbul.com\/fr\/wp-json\/wp\/v2\/product\/13066","targetHints":{"allow":["GET"]}}],"collection":[{"href":"https:\/\/www.mandellaistanbul.com\/fr\/wp-json\/wp\/v2\/product"}],"about":[{"href":"https:\/\/www.mandellaistanbul.com\/fr\/wp-json\/wp\/v2\/types\/product"}],"replies":[{"embeddable":true,"href":"https:\/\/www.mandellaistanbul.com\/fr\/wp-json\/wp\/v2\/comments?post=13066"}],"version-history":[{"count":4,"href":"https:\/\/www.mandellaistanbul.com\/fr\/wp-json\/wp\/v2\/product\/13066\/revisions"}],"predecessor-version":[{"id":18635,"href":"https:\/\/www.mandellaistanbul.com\/fr\/wp-json\/wp\/v2\/product\/13066\/revisions\/18635"}],"wp:featuredmedia":[{"embeddable":true,"href":"https:\/\/www.mandellaistanbul.com\/fr\/wp-json\/wp\/v2\/media\/13004"}],"wp:attachment":[{"href":"https:\/\/www.mandellaistanbul.com\/fr\/wp-json\/wp\/v2\/media?parent=13066"}],"wp:term":[{"taxonomy":"product_brand","embeddable":true,"href":"https:\/\/www.mandellaistanbul.com\/fr\/wp-json\/wp\/v2\/product_brand?post=13066"},{"taxonomy":"product_cat","embeddable":true,"href":"https:\/\/www.mandellaistanbul.com\/fr\/wp-json\/wp\/v2\/product_cat?post=13066"},{"taxonomy":"product_tag","embeddable":true,"href":"https:\/\/www.mandellaistanbul.com\/fr\/wp-json\/wp\/v2\/product_tag?post=13066"}],"curies":[{"name":"wp","href":"https:\/\/api.w.org\/{rel}","templated":true}]}}