{"id":13065,"date":"2023-01-05T15:46:17","date_gmt":"2023-01-05T12:46:17","guid":{"rendered":"https:\/\/www.mandellaistanbul.com\/product\/poche-chemise-bicolore-v1\/"},"modified":"2024-10-07T21:20:37","modified_gmt":"2024-10-07T18:20:37","slug":"chemise-bleue-noire","status":"publish","type":"product","link":"https:\/\/www.mandellaistanbul.com\/fr\/produit\/chemise-bleue-noire\/","title":{"rendered":"Chemise Bleue Noire"},"content":{"rendered":"<p><strong>Chemises bleues et noires : des options qui refl\u00e8tent votre style<\/strong><\/p>\n<p>Les chemises bleues et noires sont des mod\u00e8les sp\u00e9ciaux qui allient \u00e9l\u00e9gance et style. Produites dans divers styles et mati\u00e8res pour hommes et femmes, ces chemises peuvent \u00eatre des pi\u00e8ces indispensables de votre garde-robe. La collection de <a href=\"https:\/\/www.mandellaistanbul.com\/toptan-gomlek\/\">chemises toptan<\/a> bleues et noires de Mandella Istanbul offre une large gamme d&#8217;options qui r\u00e9pondent \u00e0 diff\u00e9rents besoins et go\u00fbts.<\/p>\n<p><strong>Mod\u00e8les de chemises bleues et noires pour hommes : alliez \u00e9l\u00e9gance et praticit\u00e9<\/strong><\/p>\n<p>Les mod\u00e8les de chemises bleues et noires pour hommes offrent des options \u00e9l\u00e9gantes et fonctionnelles que vous pouvez facilement utiliser dans la vie quotidienne. Produites \u00e0 partir de diff\u00e9rentes mati\u00e8res telles que le coton, le lin ou le polyester, ces chemises vous permettent de compl\u00e9ter votre style en \u00e9t\u00e9 comme en hiver. Voici quelques options populaires\u00a0:<\/p>\n<ol>\n<li><strong>Chemises en lin\u00a0:<\/strong> les chemises en lin bleues et noires apportent de la fra\u00eecheur pendant les mois d&#8217;\u00e9t\u00e9 gr\u00e2ce \u00e0 leur structure l\u00e9g\u00e8re, tandis que leur aspect \u00e9l\u00e9gant peut \u00eatre pr\u00e9f\u00e9r\u00e9 lors d&#8217;occasions sp\u00e9ciales.<\/li>\n<li><strong>Chemises \u00e0 rayures\u00a0:<\/strong> les chemises \u00e0 rayures bleues et noires ajoutent un air dynamique \u00e0 votre \u00e9l\u00e9gance quotidienne en offrant une combinaison de style classique et moderne.<\/li>\n<\/ol>\n<p><strong>Combinaisons de chemises bleues et noires\u00a0: mettez en valeur votre style<\/strong><\/p>\n<p>Les combinaisons qui peuvent \u00eatre faites avec des chemises bleues et noires vous permettent de mettre en valeur votre style. Voici quelques suggestions de combinaisons pour vous\u00a0:<\/p>\n<ul>\n<li><strong>Style classique\u00a0:<\/strong> vous pouvez obtenir un look \u00e9l\u00e9gant dans un environnement d\u00e9contract\u00e9 ou professionnel en combinant une chemise bleue et noire avec un pantalon noir ou un jean de coupe classique.<\/li>\n<li><strong>Style d\u00e9contract\u00e9\u00a0:<\/strong> pour un usage quotidien, vous pouvez obtenir un look confortable et \u00e9l\u00e9gant en combinant une chemise bleue et noire avec un pantalon chino beige ou un short en jean.<\/li>\n<li><strong>Style sportif\u00a0:<\/strong> pour les \u00e9v\u00e9nements sportifs ou les activit\u00e9s de week-end, vous pouvez cr\u00e9er un style confortable et cool en combinant une chemise bleue et noire avec un short de sport ou un pantalon de surv\u00eatement.<\/li>\n<\/ul>\n<p><strong>Qualit\u00e9 Mandella Istanbul\u00a0: confiance et satisfaction<\/strong><\/p>\n<p>Mandella Istanbul accorde la priorit\u00e9 \u00e0 la qualit\u00e9 et \u00e0 la satisfaction du client en mati\u00e8re de chemises. Chaque chemise est produite avec des mat\u00e9riaux soigneusement s\u00e9lectionn\u00e9s et une finition m\u00e9ticuleuse. Ces chemises, id\u00e9ales pour les entreprises, r\u00e9pondent \u00e0 la fois aux attentes des utilisateurs et renforcent l&#8217;image de votre entreprise.<\/p>\n<p>Les mod\u00e8les attrayants de chemises \u00e0 manches courtes de Mandella Istanbul.<br \/> Chemise \u00e0 manches courtes 100 % coton.<br \/> Nos produits sont vendus en s\u00e9rie. Il y a 5 produits dans 1 s\u00e9rie.<br \/> Tailles des produits dans la s\u00e9rie<br \/> 1 pi\u00e8ce (M) &#8211; 2 pi\u00e8ces ( L ) &#8211; 1 pi\u00e8ce (XL) &#8211; 1 pi\u00e8ce (XXL)<\/p>\n<p>Une facture sp\u00e9ciale sera \u00e9mise pour toutes vos commandes.<br \/> Les frais d&#8217;exp\u00e9dition sont diff\u00e9rents pour chaque pays. Une fois la commande termin\u00e9e, des informations sur la cargaison vous seront envoy\u00e9es via Whatsapp.<\/p>\n","protected":false},"excerpt":{"rendered":"<p>1 Produit de s\u00e9rie. (5 PCS)<br \/>\nTailles : M L XL XXL<br \/>\nTissu utilis\u00e9 : 100% coton<br \/>\nVous ne pouvez commander que des s\u00e9ries. ( 5 pi\u00e8ces)<\/p>\n","protected":false},"featured_media":13001,"comment_status":"open","ping_status":"closed","template":"","meta":[],"product_brand":[],"product_cat":[142,177,197],"product_tag":[],"class_list":{"0":"post-13065","1":"product","2":"type-product","3":"status-publish","4":"has-post-thumbnail","6":"product_cat-vente-en-gros-chemises","7":"product_cat-chemise-a-manches-courtes","8":"product_cat-chemises-a-poches","9":"pa_beden-l-fr","10":"pa_beden-m-fr","11":"pa_beden-xl-fr","12":"pa_beden-xxl-fr","14":"first","15":"outofstock","16":"taxable","17":"shipping-taxable","18":"purchasable","19":"product-type-simple"},"_links":{"self":[{"href":"https:\/\/www.mandellaistanbul.com\/fr\/wp-json\/wp\/v2\/product\/13065","targetHints":{"allow":["GET"]}}],"collection":[{"href":"https:\/\/www.mandellaistanbul.com\/fr\/wp-json\/wp\/v2\/product"}],"about":[{"href":"https:\/\/www.mandellaistanbul.com\/fr\/wp-json\/wp\/v2\/types\/product"}],"replies":[{"embeddable":true,"href":"https:\/\/www.mandellaistanbul.com\/fr\/wp-json\/wp\/v2\/comments?post=13065"}],"version-history":[{"count":4,"href":"https:\/\/www.mandellaistanbul.com\/fr\/wp-json\/wp\/v2\/product\/13065\/revisions"}],"predecessor-version":[{"id":18097,"href":"https:\/\/www.mandellaistanbul.com\/fr\/wp-json\/wp\/v2\/product\/13065\/revisions\/18097"}],"wp:featuredmedia":[{"embeddable":true,"href":"https:\/\/www.mandellaistanbul.com\/fr\/wp-json\/wp\/v2\/media\/13001"}],"wp:attachment":[{"href":"https:\/\/www.mandellaistanbul.com\/fr\/wp-json\/wp\/v2\/media?parent=13065"}],"wp:term":[{"taxonomy":"product_brand","embeddable":true,"href":"https:\/\/www.mandellaistanbul.com\/fr\/wp-json\/wp\/v2\/product_brand?post=13065"},{"taxonomy":"product_cat","embeddable":true,"href":"https:\/\/www.mandellaistanbul.com\/fr\/wp-json\/wp\/v2\/product_cat?post=13065"},{"taxonomy":"product_tag","embeddable":true,"href":"https:\/\/www.mandellaistanbul.com\/fr\/wp-json\/wp\/v2\/product_tag?post=13065"}],"curies":[{"name":"wp","href":"https:\/\/api.w.org\/{rel}","templated":true}]}}