{"id":13062,"date":"2023-01-05T15:46:23","date_gmt":"2023-01-05T12:46:23","guid":{"rendered":"https:\/\/www.mandellaistanbul.com\/product\/poche-chemise-bicolore-v5\/"},"modified":"2024-10-15T21:59:18","modified_gmt":"2024-10-15T18:59:18","slug":"chemise-a-manches-courtes-avec-poche-jaune-et-noire","status":"publish","type":"product","link":"https:\/\/www.mandellaistanbul.com\/fr\/produit\/chemise-a-manches-courtes-avec-poche-jaune-et-noire\/","title":{"rendered":"Chemise \u00c0 Manches Courtes Avec Poche Jaune Et Noire"},"content":{"rendered":"<h3>Chemise \u00e0 manches courtes jaune et noire avec poche : dynamique et \u00e9l\u00e9gante<\/h3>\n<h4>Collection de chemises \u00e0 manches courtes jaune et noire avec poche de Mandella Istanbul<\/h4>\n<p>Mandella Istanbul propose des chemises \u00e0 manches courtes jaune et noire avec poche pour ceux qui recherchent un style \u00e9nergique et accrocheur. Se d\u00e9marquant par leur combinaison de couleurs vives et leur design de poche fonctionnel, ces chemises attireront l&#8217;attention dans n&#8217;importe quel environnement. Voici ce que vous devez savoir sur la chemise \u00e0 manches courtes jaune et noire avec poche <a href=\"https:\/\/www.mandellaistanbul.com\/toptan-gomlek\/\">toptan<\/a> :<\/p>\n<h3>Mod\u00e8les de chemises \u00e0 manches courtes jaune et noire avec poche<\/h3>\n<p><strong>Diverses options de conception :<\/strong> les mod\u00e8les de chemises \u00e0 manches courtes jaune et noire avec poche de Mandella Istanbul plaisent \u00e0 tous les go\u00fbts avec diff\u00e9rentes options de col et de coupe. Les designs sportifs et \u00e9l\u00e9gants peuvent \u00eatre utilis\u00e9s confortablement dans tous les environnements, de la vie quotidienne aux invitations sp\u00e9ciales.<\/p>\n<p><strong>Couleurs accrocheuses :<\/strong> le contraste du jaune et du noir donne \u00e0 ces chemises un look dynamique et moderne. Ajoutez de la vivacit\u00e9 \u00e0 votre style avec son design accrocheur.<\/p>\n<h3>Chemise \u00e0 poche jaune noire \u00e0 manches courtes<\/h3>\n<p><strong>Pratique et \u00e9l\u00e9gante :<\/strong> les chemises \u00e0 poche jaune noire \u00e0 manches courtes offrent un look \u00e0 la fois pratique et \u00e9l\u00e9gant avec leur design \u00e0 poche. Les d\u00e9tails de poche compl\u00e8tent votre style en ajoutant un air moderne \u00e0 la chemise.<\/p>\n<p><strong>Confortable et flexible :<\/strong> fabriqu\u00e9es \u00e0 partir de tissus de haute qualit\u00e9, ces chemises offrent un confort tout au long de la journ\u00e9e. Avec leur structure flexible et respirante, elles vous aident \u00e0 rester au frais pendant les mois d&#8217;\u00e9t\u00e9.<\/p>\n<h3>Prix des chemises \u00e0 poche jaune noire \u00e0 manches courtes<\/h3>\n<p><strong>Prix de gros abordables :<\/strong> Mandella Istanbul propose des chemises \u00e0 poche jaune noire \u00e0 manches courtes \u00e0 des prix de gros abordables. Sans compromettre la qualit\u00e9, nous offrons la possibilit\u00e9 de saisir l&#8217;\u00e9l\u00e9gance avec des options adapt\u00e9es \u00e0 votre budget. Vous pouvez b\u00e9n\u00e9ficier de l&#8217;avantage de prix abordables lors de vos achats de chemises en gros.<\/p>\n<p><strong>Campagnes et remises :<\/strong> Nous proposons des prix encore plus avantageux avec des campagnes et des remises effectu\u00e9es \u00e0 certaines p\u00e9riodes sur les chemises \u00e0 poches jaunes et noires \u00e0 manches courtes. Vous pouvez suivre r\u00e9guli\u00e8rement notre site Web pour conna\u00eetre les campagnes en cours et les offres sp\u00e9ciales. Vous pouvez obtenir des produits de qualit\u00e9 \u00e0 des prix abordables avec Mandella Istanbul.<\/p>\n<h3>La qualit\u00e9 Mandella Istanbul<\/h3>\n<p>Mandella Istanbul accorde la priorit\u00e9 \u00e0 la qualit\u00e9 et \u00e0 la satisfaction du client dans chaque produit. Nos chemises \u00e0 poches jaunes et noires \u00e0 manches courtes sont le reflet de cette compr\u00e9hension. Ces chemises, produites avec des tissus soigneusement s\u00e9lectionn\u00e9s et une finition m\u00e9ticuleuse, offrent une utilisation durable et confortable. D\u00e9couvrez la qualit\u00e9 Mandella Istanbul dans vos commandes de chemises en gros et faites la diff\u00e9rence dans votre magasin.<\/p>\n<h3>Commandez maintenant<\/h3>\n<p>Vous pouvez apporter le style \u00e9nergique et moderne des chemises \u00e0 poches jaunes et noires \u00e0 manches courtes \u00e0 votre magasin en commandant imm\u00e9diatement des chemises en gros sur notre site Web. N&#8217;oubliez pas d&#8217;avoir toujours une longueur d&#8217;avance avec Mandella Istanbul et d&#8217;offrir \u00e0 vos clients les meilleurs produits. Renouvelez votre boutique et soyez toujours \u00e0 votre meilleur en faisant des achats en gros chez Mandella Istanbul, o\u00f9 qualit\u00e9 et \u00e9l\u00e9gance se rencontrent\u00a0!<\/p>\n","protected":false},"excerpt":{"rendered":"<p>Pocket &#8211; Chemise double couleur V5 est une pi\u00e8ce sp\u00e9ciale qui attire l&#8217;attention par son design moderne et ses d\u00e9tails fonctionnels.<\/p>\n","protected":false},"featured_media":13013,"comment_status":"open","ping_status":"closed","template":"","meta":[],"product_brand":[],"product_cat":[142,197],"product_tag":[],"class_list":{"0":"post-13062","1":"product","2":"type-product","3":"status-publish","4":"has-post-thumbnail","6":"product_cat-vente-en-gros-chemises","7":"product_cat-chemises-a-poches","8":"pa_beden-l-fr","9":"pa_beden-m-fr","10":"pa_beden-xl-fr","11":"pa_beden-xxl-fr","13":"first","14":"instock","15":"taxable","16":"shipping-taxable","17":"purchasable","18":"product-type-simple"},"_links":{"self":[{"href":"https:\/\/www.mandellaistanbul.com\/fr\/wp-json\/wp\/v2\/product\/13062","targetHints":{"allow":["GET"]}}],"collection":[{"href":"https:\/\/www.mandellaistanbul.com\/fr\/wp-json\/wp\/v2\/product"}],"about":[{"href":"https:\/\/www.mandellaistanbul.com\/fr\/wp-json\/wp\/v2\/types\/product"}],"replies":[{"embeddable":true,"href":"https:\/\/www.mandellaistanbul.com\/fr\/wp-json\/wp\/v2\/comments?post=13062"}],"version-history":[{"count":3,"href":"https:\/\/www.mandellaistanbul.com\/fr\/wp-json\/wp\/v2\/product\/13062\/revisions"}],"predecessor-version":[{"id":18594,"href":"https:\/\/www.mandellaistanbul.com\/fr\/wp-json\/wp\/v2\/product\/13062\/revisions\/18594"}],"wp:featuredmedia":[{"embeddable":true,"href":"https:\/\/www.mandellaistanbul.com\/fr\/wp-json\/wp\/v2\/media\/13013"}],"wp:attachment":[{"href":"https:\/\/www.mandellaistanbul.com\/fr\/wp-json\/wp\/v2\/media?parent=13062"}],"wp:term":[{"taxonomy":"product_brand","embeddable":true,"href":"https:\/\/www.mandellaistanbul.com\/fr\/wp-json\/wp\/v2\/product_brand?post=13062"},{"taxonomy":"product_cat","embeddable":true,"href":"https:\/\/www.mandellaistanbul.com\/fr\/wp-json\/wp\/v2\/product_cat?post=13062"},{"taxonomy":"product_tag","embeddable":true,"href":"https:\/\/www.mandellaistanbul.com\/fr\/wp-json\/wp\/v2\/product_tag?post=13062"}],"curies":[{"name":"wp","href":"https:\/\/api.w.org\/{rel}","templated":true}]}}