{"id":13059,"date":"2023-01-05T15:46:27","date_gmt":"2023-01-05T12:46:27","guid":{"rendered":"https:\/\/www.mandellaistanbul.com\/product\/poche-chemise-bicolore-v8\/"},"modified":"2024-10-15T19:20:36","modified_gmt":"2024-10-15T16:20:36","slug":"chemise-bleue-noire-avec-poche","status":"publish","type":"product","link":"https:\/\/www.mandellaistanbul.com\/fr\/produit\/chemise-bleue-noire-avec-poche\/","title":{"rendered":"Chemise Bleue Noire avec Poche"},"content":{"rendered":"<h3>Chemise Bleue Noire avec Poches : L&#8217;alliance de l&#8217;\u00e9l\u00e9gance et de la fonctionnalit\u00e9<\/h3>\n<h4>Collection de chemises Bleue Noire avec Poches de Mandella Istanbul<\/h4>\n<p>Mandella Istanbul allie \u00e9l\u00e9gance et fonctionnalit\u00e9 avec des chemises bleu noir avec poches. Ces chemises, qui ajouteront une touche diff\u00e9rente \u00e0 votre style quotidien avec leur design moderne et leurs poches utiles, privil\u00e9gient \u00e0 la fois l&#8217;\u00e9l\u00e9gance et le confort. Voici ce que vous devez savoir sur les <a href=\"https:\/\/www.mandellaistanbul.com\/toptan-gomlek\/\">chemises toptan<\/a> bleu noir avec poches :<\/p>\n<h3>Mod\u00e8les de chemises bleu noir avec poches<\/h3>\n<p><strong>Large gamme d&#8217;options de conception :<\/strong> les mod\u00e8les de chemises bleu noir avec poches de Mandella Istanbul plaisent \u00e0 tous les go\u00fbts avec diff\u00e9rentes options de col et de coupe. Ces chemises, propos\u00e9es dans des coupes classiques, modernes, slim fit et regular fit, trouveront une place dans chaque garde-robe.<\/p>\n<p><strong>Combinaison de couleurs \u00e9l\u00e9gante :<\/strong> refl\u00e9tant l&#8217;harmonie \u00e9l\u00e9gante du bleu et du noir, les chemises \u00e0 poches s&#8217;associent parfaitement \u00e0 tous les types de bas. Cette combinaison de couleurs offre un look accrocheur dans tous les environnements, du quotidien aux invitations sp\u00e9ciales.<\/p>\n<h3>Chemise bleu noir avec poches<\/h3>\n<p><strong>Confortable et \u00e9l\u00e9gante :<\/strong> les chemises bleu noir avec poches peuvent \u00eatre facilement utilis\u00e9es avec toutes sortes de combinaisons, du jean au pantalon classique. Elle compl\u00e8te votre \u00e9l\u00e9gance aussi bien au quotidien qu&#8217;au travail. Elle offre une utilisation pratique gr\u00e2ce \u00e0 ses poches.<\/p>\n<p><strong>Tissus respirants :<\/strong> fabriqu\u00e9es \u00e0 partir de tissus respirants de haute qualit\u00e9, les chemises bleu noir avec poches offrent une utilisation confortable en toutes saisons. Elle vous garde \u00e0 l&#8217;aise toute la journ\u00e9e avec sa structure l\u00e9g\u00e8re et confortable.<\/p>\n<h3>Chemise Bleue Noire avec Poches Prix<\/h3>\n<p><strong>Prix de gros abordables :<\/strong> Mandella Istanbul propose des chemises bleues noires avec poches \u00e0 des prix de gros abordables. Nous vous offrons la possibilit\u00e9 de saisir l&#8217;\u00e9l\u00e9gance avec des options adapt\u00e9es \u00e0 votre budget sans compromettre la qualit\u00e9. Vous pouvez b\u00e9n\u00e9ficier de l&#8217;avantage du prix abordable lors de vos achats de chemises en gros.<\/p>\n<p><strong>Campagnes et remises :<\/strong> Nous proposons des prix encore plus avantageux avec des campagnes et des remises effectu\u00e9es \u00e0 certaines p\u00e9riodes sur les chemises bleues noires avec poches. Vous pouvez suivre r\u00e9guli\u00e8rement notre site Web pour les campagnes en cours et les offres sp\u00e9ciales. Vous pouvez obtenir des produits de qualit\u00e9 \u00e0 des prix abordables avec Mandella Istanbul.<\/p>\n<h3>Qualit\u00e9 Mandella Istanbul<\/h3>\n<p>Mandella Istanbul accorde la priorit\u00e9 \u00e0 la qualit\u00e9 et \u00e0 la satisfaction du client dans chaque produit. Nos chemises bleues noires avec poches sont le reflet de cette compr\u00e9hension. Ces chemises, produites avec des tissus soigneusement s\u00e9lectionn\u00e9s et une finition m\u00e9ticuleuse, offrent une utilisation durable et confortable. Faites la diff\u00e9rence dans votre magasin en b\u00e9n\u00e9ficiant de la qualit\u00e9 de Mandella Istanbul dans vos commandes de chemises en gros.<\/p>\n<h3>Commandez maintenant<\/h3>\n<p>Vous pouvez apporter l&#8217;\u00e9l\u00e9gance et la fonctionnalit\u00e9 des chemises bleues et noires avec poches \u00e0 votre magasin en commandant imm\u00e9diatement des chemises en gros sur notre site Web. N&#8217;oubliez pas, ayez toujours une longueur d&#8217;avance avec Mandella Istanbul et offrez les meilleurs produits \u00e0 vos clients. Renouvelez votre magasin et soyez toujours \u00e0 votre meilleur en faisant des achats en gros chez Mandella Istanbul, o\u00f9 qualit\u00e9 et \u00e9l\u00e9gance se rencontrent !<\/p>\n","protected":false},"excerpt":{"rendered":"<p>Pocket &#8211; Chemise bicolore V8 s&#8217;adapte \u00e0 tous les styles gr\u00e2ce \u00e0 son design moderne et \u00e0 ses poches utiles.<\/p>\n","protected":false},"featured_media":13022,"comment_status":"open","ping_status":"closed","template":"","meta":[],"product_brand":[],"product_cat":[142,197],"product_tag":[],"class_list":{"0":"post-13059","1":"product","2":"type-product","3":"status-publish","4":"has-post-thumbnail","6":"product_cat-vente-en-gros-chemises","7":"product_cat-chemises-a-poches","8":"pa_beden-l-fr","9":"pa_beden-m-fr","10":"pa_beden-xl-fr","11":"pa_beden-xxl-fr","13":"first","14":"instock","15":"taxable","16":"shipping-taxable","17":"purchasable","18":"product-type-simple"},"_links":{"self":[{"href":"https:\/\/www.mandellaistanbul.com\/fr\/wp-json\/wp\/v2\/product\/13059","targetHints":{"allow":["GET"]}}],"collection":[{"href":"https:\/\/www.mandellaistanbul.com\/fr\/wp-json\/wp\/v2\/product"}],"about":[{"href":"https:\/\/www.mandellaistanbul.com\/fr\/wp-json\/wp\/v2\/types\/product"}],"replies":[{"embeddable":true,"href":"https:\/\/www.mandellaistanbul.com\/fr\/wp-json\/wp\/v2\/comments?post=13059"}],"version-history":[{"count":4,"href":"https:\/\/www.mandellaistanbul.com\/fr\/wp-json\/wp\/v2\/product\/13059\/revisions"}],"predecessor-version":[{"id":18364,"href":"https:\/\/www.mandellaistanbul.com\/fr\/wp-json\/wp\/v2\/product\/13059\/revisions\/18364"}],"wp:featuredmedia":[{"embeddable":true,"href":"https:\/\/www.mandellaistanbul.com\/fr\/wp-json\/wp\/v2\/media\/13022"}],"wp:attachment":[{"href":"https:\/\/www.mandellaistanbul.com\/fr\/wp-json\/wp\/v2\/media?parent=13059"}],"wp:term":[{"taxonomy":"product_brand","embeddable":true,"href":"https:\/\/www.mandellaistanbul.com\/fr\/wp-json\/wp\/v2\/product_brand?post=13059"},{"taxonomy":"product_cat","embeddable":true,"href":"https:\/\/www.mandellaistanbul.com\/fr\/wp-json\/wp\/v2\/product_cat?post=13059"},{"taxonomy":"product_tag","embeddable":true,"href":"https:\/\/www.mandellaistanbul.com\/fr\/wp-json\/wp\/v2\/product_tag?post=13059"}],"curies":[{"name":"wp","href":"https:\/\/api.w.org\/{rel}","templated":true}]}}