{"id":13058,"date":"2023-01-05T15:46:26","date_gmt":"2023-01-05T12:46:26","guid":{"rendered":"https:\/\/www.mandellaistanbul.com\/product\/poche-chemise-bicolore-v7\/"},"modified":"2023-09-18T15:25:04","modified_gmt":"2023-09-18T12:25:04","slug":"poche-double-couleur-chemise-v7","status":"publish","type":"product","link":"https:\/\/www.mandellaistanbul.com\/fr\/produit\/poche-double-couleur-chemise-v7\/","title":{"rendered":"Poche &#8211; Chemise double couleur V7"},"content":{"rendered":"<p>Mod\u00e8les de chemises \u00e0 manches courtes attrayantes de Mandella Istanbul.<br \/>\n100% coton Chemise \u00e0 manches courtes.<br \/>\nNos produits sont vendus en s\u00e9rie. Il y a 5 produits dans 1 s\u00e9rie.<br \/>\nTailles des produits de la s\u00e9rie<br \/>\n1 pi\u00e8ce (M) &#8211; 2 pi\u00e8ces (L) &#8211; 1 pi\u00e8ce (XL) &#8211; 1 pi\u00e8ce (XXL)<\/p>\n<p>Une facture sp\u00e9ciale sera \u00e9tablie pour toutes vos commandes.<br \/>\nLes frais d&#8217;exp\u00e9dition varient d&#8217;un pays \u00e0 l&#8217;autre. Une fois la commande effectu\u00e9e, les informations relatives au chargement vous seront envoy\u00e9es par Whatsapp.<\/p>\n","protected":false},"excerpt":{"rendered":"<p>1 Produit de s\u00e9rie. (5 PCS)<br \/>\nTailles : M L XL XXL<br \/>\nTissu utilis\u00e9 : 100% coton<br \/>\nVous ne pouvez commander que des s\u00e9ries. ( 5 pi\u00e8ces)<\/p>\n","protected":false},"featured_media":13019,"comment_status":"open","ping_status":"closed","template":"","meta":[],"product_brand":[],"product_cat":[142,177,197],"product_tag":[],"class_list":{"0":"post-13058","1":"product","2":"type-product","3":"status-publish","4":"has-post-thumbnail","6":"product_cat-vente-en-gros-chemises","7":"product_cat-chemise-a-manches-courtes","8":"product_cat-chemises-a-poches","9":"pa_beden-l-fr","10":"pa_beden-m-fr","11":"pa_beden-xl-fr","12":"pa_beden-xxl-fr","14":"first","15":"outofstock","16":"taxable","17":"shipping-taxable","18":"purchasable","19":"product-type-simple"},"_links":{"self":[{"href":"https:\/\/www.mandellaistanbul.com\/fr\/wp-json\/wp\/v2\/product\/13058","targetHints":{"allow":["GET"]}}],"collection":[{"href":"https:\/\/www.mandellaistanbul.com\/fr\/wp-json\/wp\/v2\/product"}],"about":[{"href":"https:\/\/www.mandellaistanbul.com\/fr\/wp-json\/wp\/v2\/types\/product"}],"replies":[{"embeddable":true,"href":"https:\/\/www.mandellaistanbul.com\/fr\/wp-json\/wp\/v2\/comments?post=13058"}],"version-history":[{"count":2,"href":"https:\/\/www.mandellaistanbul.com\/fr\/wp-json\/wp\/v2\/product\/13058\/revisions"}],"predecessor-version":[{"id":14826,"href":"https:\/\/www.mandellaistanbul.com\/fr\/wp-json\/wp\/v2\/product\/13058\/revisions\/14826"}],"wp:featuredmedia":[{"embeddable":true,"href":"https:\/\/www.mandellaistanbul.com\/fr\/wp-json\/wp\/v2\/media\/13019"}],"wp:attachment":[{"href":"https:\/\/www.mandellaistanbul.com\/fr\/wp-json\/wp\/v2\/media?parent=13058"}],"wp:term":[{"taxonomy":"product_brand","embeddable":true,"href":"https:\/\/www.mandellaistanbul.com\/fr\/wp-json\/wp\/v2\/product_brand?post=13058"},{"taxonomy":"product_cat","embeddable":true,"href":"https:\/\/www.mandellaistanbul.com\/fr\/wp-json\/wp\/v2\/product_cat?post=13058"},{"taxonomy":"product_tag","embeddable":true,"href":"https:\/\/www.mandellaistanbul.com\/fr\/wp-json\/wp\/v2\/product_tag?post=13058"}],"curies":[{"name":"wp","href":"https:\/\/api.w.org\/{rel}","templated":true}]}}