{"id":13055,"date":"2023-01-05T15:46:32","date_gmt":"2023-01-05T12:46:32","guid":{"rendered":"https:\/\/www.mandellaistanbul.com\/product\/poche-chemise-bicolore-v12\/"},"modified":"2024-10-07T21:15:59","modified_gmt":"2024-10-07T18:15:59","slug":"chemise-fleurie-bleu-noir","status":"publish","type":"product","link":"https:\/\/www.mandellaistanbul.com\/fr\/produit\/chemise-fleurie-bleu-noir\/","title":{"rendered":"Chemise fleurie bleu noir"},"content":{"rendered":"<h3>Chemise fleurie bleu noir : o\u00f9 l&#8217;\u00e9l\u00e9gance et le style se rencontrent<\/h3>\n<h4>Collection de chemises fleuries bleu noir de Mandella Istanbul<\/h4>\n<p>Mandella Istanbul allie \u00e9l\u00e9gance et style avec sa collection de chemises fleuries bleu noir. L&#8217;harmonie parfaite des couleurs vives et des motifs floraux ajoutera une touche sophistiqu\u00e9e \u00e0 votre style. Voici ce que vous devez savoir sur les chemises fleuries bleu noir :<\/p>\n<h3>Mod\u00e8les de chemises fleuries bleu noir<\/h3>\n<p><strong>Diverses options de design :<\/strong> les mod\u00e8les de chemises fleuries bleu noir de Mandella Istanbul plaisent \u00e0 tous les go\u00fbts avec diff\u00e9rentes options de col et de coupe. Les designs classiques et modernes compl\u00e8tent votre \u00e9l\u00e9gance dans tous les environnements, de la vie quotidienne aux invitations sp\u00e9ciales.<\/p>\n<p><strong>Motifs frappants :<\/strong> la combinaison du bleu et du noir avec des motifs floraux donne \u00e0 ces chemises un look \u00e9l\u00e9gant et attrayant. Ajoutez une touche esth\u00e9tique \u00e0 votre style avec son design accrocheur.<\/p>\n<h3>Chemise fleurie bleu noir<\/h3>\n<p><strong>Classique et moderne\u00a0:<\/strong> les chemises fleuries bleu noir r\u00e9unissent des d\u00e9tails classiques et modernes. Ces chemises ajoutent un air sophistiqu\u00e9 \u00e0 votre style en m\u00e9langeant l&#8217;\u00e9l\u00e9gance du pass\u00e9 avec le confort d&#8217;aujourd&#8217;hui.<\/p>\n<p><strong>Facilit\u00e9 d&#8217;utilisation\u00a0:<\/strong> faciles \u00e0 repasser et \u00e0 entretenir, ces chemises se distinguent par leur utilisation pratique. Elles seront votre sauveur lorsque vous aurez besoin de vous pr\u00e9parer rapidement.<\/p>\n<h3>Prix des chemises fleuries bleu noir<\/h3>\n<p><strong>Prix de gros abordables\u00a0:<\/strong> Mandella Istanbul propose des chemises fleuries bleu noir \u00e0 des prix de gros abordables. Nous vous offrons la possibilit\u00e9 de saisir l&#8217;\u00e9l\u00e9gance avec des options adapt\u00e9es \u00e0 votre budget sans compromettre la qualit\u00e9. <a href=\"https:\/\/www.mandellaistanbul.com\/toptan-gomlek\/\">Chemise en gros<\/a> Vous pouvez b\u00e9n\u00e9ficier de l&#8217;avantage de prix abordables lors de vos achats.<\/p>\n<p><strong>Campagnes et remises\u00a0:<\/strong> Nous proposons des prix encore plus avantageux avec des campagnes et des remises effectu\u00e9es \u00e0 certaines p\u00e9riodes sur les chemises \u00e0 fleurs bleues et noires. Vous pouvez suivre r\u00e9guli\u00e8rement notre site Web pour conna\u00eetre les campagnes en cours et les offres sp\u00e9ciales. Vous pouvez obtenir des produits de qualit\u00e9 \u00e0 des prix abordables avec Mandella Istanbul.<\/p>\n<h3>Qualit\u00e9 Mandella Istanbul<\/h3>\n<p>Mandella Istanbul accorde la priorit\u00e9 \u00e0 la qualit\u00e9 et \u00e0 la satisfaction du client dans chaque produit. Nos chemises \u00e0 fleurs bleues et noires sont le reflet de cette compr\u00e9hension. Ces chemises, produites avec des tissus soigneusement s\u00e9lectionn\u00e9s et une finition m\u00e9ticuleuse, offrent une utilisation durable et confortable. D\u00e9couvrez la qualit\u00e9 Mandella Istanbul dans vos commandes de chemises en gros et faites la diff\u00e9rence dans votre magasin.<\/p>\n<h3>Commandez maintenant<\/h3>\n<p>Vous pouvez apporter le style \u00e9l\u00e9gant et styl\u00e9 des chemises \u00e0 fleurs bleues et noires \u00e0 votre magasin en commandant imm\u00e9diatement des chemises en gros sur notre site Web. N&#8217;oubliez pas, ayez toujours une longueur d&#8217;avance avec Mandella Istanbul et offrez \u00e0 vos clients les meilleurs produits. Renouvelez votre boutique et soyez toujours \u00e0 votre meilleur en faisant des achats en gros chez Mandella Istanbul, o\u00f9 qualit\u00e9 et \u00e9l\u00e9gance se rencontrent !<\/p>\n","protected":false},"excerpt":{"rendered":"<p>Pocket &#8211; Chemise double couleur V12 est un produit qui se distingue par son design moderne et ses poches fonctionnelles.<\/p>\n","protected":false},"featured_media":12998,"comment_status":"open","ping_status":"closed","template":"","meta":[],"product_brand":[],"product_cat":[142,197],"product_tag":[],"class_list":{"0":"post-13055","1":"product","2":"type-product","3":"status-publish","4":"has-post-thumbnail","6":"product_cat-vente-en-gros-chemises","7":"product_cat-chemises-a-poches","8":"pa_beden-l-fr","9":"pa_beden-m-fr","10":"pa_beden-xl-fr","11":"pa_beden-xxl-fr","13":"first","14":"outofstock","15":"taxable","16":"shipping-taxable","17":"purchasable","18":"product-type-simple"},"_links":{"self":[{"href":"https:\/\/www.mandellaistanbul.com\/fr\/wp-json\/wp\/v2\/product\/13055","targetHints":{"allow":["GET"]}}],"collection":[{"href":"https:\/\/www.mandellaistanbul.com\/fr\/wp-json\/wp\/v2\/product"}],"about":[{"href":"https:\/\/www.mandellaistanbul.com\/fr\/wp-json\/wp\/v2\/types\/product"}],"replies":[{"embeddable":true,"href":"https:\/\/www.mandellaistanbul.com\/fr\/wp-json\/wp\/v2\/comments?post=13055"}],"version-history":[{"count":4,"href":"https:\/\/www.mandellaistanbul.com\/fr\/wp-json\/wp\/v2\/product\/13055\/revisions"}],"predecessor-version":[{"id":18092,"href":"https:\/\/www.mandellaistanbul.com\/fr\/wp-json\/wp\/v2\/product\/13055\/revisions\/18092"}],"wp:featuredmedia":[{"embeddable":true,"href":"https:\/\/www.mandellaistanbul.com\/fr\/wp-json\/wp\/v2\/media\/12998"}],"wp:attachment":[{"href":"https:\/\/www.mandellaistanbul.com\/fr\/wp-json\/wp\/v2\/media?parent=13055"}],"wp:term":[{"taxonomy":"product_brand","embeddable":true,"href":"https:\/\/www.mandellaistanbul.com\/fr\/wp-json\/wp\/v2\/product_brand?post=13055"},{"taxonomy":"product_cat","embeddable":true,"href":"https:\/\/www.mandellaistanbul.com\/fr\/wp-json\/wp\/v2\/product_cat?post=13055"},{"taxonomy":"product_tag","embeddable":true,"href":"https:\/\/www.mandellaistanbul.com\/fr\/wp-json\/wp\/v2\/product_tag?post=13055"}],"curies":[{"name":"wp","href":"https:\/\/api.w.org\/{rel}","templated":true}]}}