{"id":12957,"date":"2022-12-13T17:43:29","date_gmt":"2022-12-13T14:43:29","guid":{"rendered":"https:\/\/www.mandellaistanbul.com\/product\/chemise-rayee-avec-poche-orange-noir\/"},"modified":"2024-10-15T19:30:08","modified_gmt":"2024-10-15T16:30:08","slug":"chemise-rayee-orange-noire-avec-poches","status":"publish","type":"product","link":"https:\/\/www.mandellaistanbul.com\/fr\/produit\/chemise-rayee-orange-noire-avec-poches\/","title":{"rendered":"Chemise ray\u00e9e orange noire avec poches"},"content":{"rendered":"<h3>Chemise ray\u00e9e orange et noire avec poches : \u00e9nergie et \u00e9l\u00e9gance r\u00e9unies<\/h3>\n<h4>Collection de chemises ray\u00e9es orange et noire avec poches de Mandella \u0130stanbul<\/h4>\n<p>Mandella \u0130stanbul allie dynamisme et \u00e9l\u00e9gance avec ses chemises ray\u00e9es orange et noire avec poches. Ces chemises, que vous pouvez choisir aussi bien pour un usage quotidien que pour des invitations sp\u00e9ciales, porteront votre style au plus haut niveau avec leurs designs uniques. Voici ce que vous devez savoir sur les chemises ray\u00e9es orange et noire avec poches <a href=\"https:\/\/www.mandellaistanbul.com\/toptan-gomlek\/\">toptan<\/a> :<\/p>\n<h3>Mod\u00e8les de chemises ray\u00e9es orange et noire avec poches<\/h3>\n<p><strong>Nombreuses options de conception :<\/strong> les mod\u00e8les de chemises ray\u00e9es orange et noire avec poches de Mandella \u0130stanbul plaisent \u00e0 tous les styles avec diff\u00e9rentes options de col et de coupe. Ces chemises, propos\u00e9es dans des coupes classiques, modernes, slim fit et regular fit, ajouteront de la vivacit\u00e9 \u00e0 votre garde-robe.<\/p>\n<p><strong>Tissus de qualit\u00e9 :<\/strong> Ces chemises sont fabriqu\u00e9es \u00e0 partir de tissus de haute qualit\u00e9 et durables. Ils offrent un confort tout au long de la journ\u00e9e gr\u00e2ce \u00e0 leur structure respirante et confortable. Combinant l&#8217;\u00e9nergie de l&#8217;orange et l&#8217;\u00e9l\u00e9gance du noir, ces chemises attireront l&#8217;attention dans n&#8217;importe quel environnement.<\/p>\n<h3>Chemise ray\u00e9e orange noire avec poches<\/h3>\n<p><strong>Combinaisons \u00e9l\u00e9gantes :<\/strong> Les chemises ray\u00e9es orange noire avec poches s&#8217;associent parfaitement \u00e0 tous les types de bas, des jeans aux pantalons en tissu. Elles peuvent \u00eatre utilis\u00e9es facilement dans des combinaisons d\u00e9contract\u00e9es ou sp\u00e9ciales. Ces chemises, qui font la diff\u00e9rence avec leurs rayures color\u00e9es et leurs poches fonctionnelles, compl\u00e8tent votre style.<\/p>\n<p><strong>Entretien facile :<\/strong> Nos chemises ray\u00e9es orange noire avec poches sont faciles \u00e0 repasser et tr\u00e8s pratiques \u00e0 entretenir. Elles offrent une grande commodit\u00e9 dans les situations o\u00f9 vous devez vous pr\u00e9parer rapidement. Offrant \u00e0 la fois \u00e9l\u00e9gance et confort, ces chemises vous accompagneront \u00e0 chaque instant.<\/p>\n<h3>Prix des chemises \u00e0 rayures orange et noires \u00e0 poches<\/h3>\n<p><strong>Prix de gros abordables :<\/strong> Mandella Istanbul propose des chemises \u00e0 rayures orange et noires \u00e0 poches \u00e0 des prix de gros abordables. Nous vous offrons la possibilit\u00e9 d&#8217;atteindre l&#8217;\u00e9l\u00e9gance avec des options adapt\u00e9es \u00e0 votre budget sans compromettre la qualit\u00e9. Vous pouvez b\u00e9n\u00e9ficier de l&#8217;avantage du prix abordable lors de vos achats de chemises en gros.<\/p>\n<p><strong>Campagnes et remises :<\/strong> Nous proposons des prix encore plus avantageux avec des campagnes et des remises effectu\u00e9es \u00e0 certaines p\u00e9riodes sur les chemises \u00e0 rayures orange et noires \u00e0 poches. Vous pouvez suivre r\u00e9guli\u00e8rement notre site Web pour les campagnes en cours et les offres sp\u00e9ciales. Vous pouvez obtenir des produits de qualit\u00e9 \u00e0 des prix abordables avec Mandella Istanbul.<\/p>\n<h3>Qualit\u00e9 Mandella Istanbul<\/h3>\n<p>Mandella Istanbul accorde la priorit\u00e9 \u00e0 la qualit\u00e9 et \u00e0 la satisfaction du client dans chaque produit. Nos chemises \u00e0 rayures orange et noires \u00e0 poches sont le reflet de cette compr\u00e9hension. Ces chemises, produites avec des tissus soigneusement s\u00e9lectionn\u00e9s et une finition m\u00e9ticuleuse, offrent une utilisation durable et confortable. D\u00e9couvrez la qualit\u00e9 Mandella Istanbul dans vos commandes de chemises en gros et faites la diff\u00e9rence dans votre magasin.<\/p>\n<h3>Commandez maintenant<\/h3>\n<p>Vous pouvez apporter l&#8217;\u00e9l\u00e9gance et le style des chemises ray\u00e9es orange et noires avec poches \u00e0 votre magasin en commandant imm\u00e9diatement des chemises en gros sur notre site Web. N&#8217;oubliez pas, ayez toujours une longueur d&#8217;avance avec Mandella Istanbul et offrez \u00e0 vos clients les meilleurs produits. Renouvelez votre magasin et soyez toujours \u00e0 votre meilleur en achetant en gros chez Mandella Istanbul, o\u00f9 la qualit\u00e9 et le style se rencontrent !<\/p>\n","protected":false},"excerpt":{"rendered":"<p>La chemise ray\u00e9e avec poches (orange &#8211; noir) est con\u00e7ue pour ceux qui souhaitent obtenir un look moderne et \u00e9nergique gr\u00e2ce \u00e0 son motif ray\u00e9 frappant refl\u00e9tant le contraste entre l&#8217;orange vibrant et les couleurs noires \u00e9l\u00e9gantes.<\/p>\n","protected":false},"featured_media":12877,"comment_status":"open","ping_status":"closed","template":"","meta":[],"product_brand":[],"product_cat":[142,197],"product_tag":[],"class_list":{"0":"post-12957","1":"product","2":"type-product","3":"status-publish","4":"has-post-thumbnail","6":"product_cat-vente-en-gros-chemises","7":"product_cat-chemises-a-poches","8":"pa_beden-l-fr","9":"pa_beden-m-fr","10":"pa_beden-xl-fr","11":"pa_beden-xxl-fr","13":"first","14":"instock","15":"taxable","16":"shipping-taxable","17":"purchasable","18":"product-type-simple"},"_links":{"self":[{"href":"https:\/\/www.mandellaistanbul.com\/fr\/wp-json\/wp\/v2\/product\/12957","targetHints":{"allow":["GET"]}}],"collection":[{"href":"https:\/\/www.mandellaistanbul.com\/fr\/wp-json\/wp\/v2\/product"}],"about":[{"href":"https:\/\/www.mandellaistanbul.com\/fr\/wp-json\/wp\/v2\/types\/product"}],"replies":[{"embeddable":true,"href":"https:\/\/www.mandellaistanbul.com\/fr\/wp-json\/wp\/v2\/comments?post=12957"}],"version-history":[{"count":4,"href":"https:\/\/www.mandellaistanbul.com\/fr\/wp-json\/wp\/v2\/product\/12957\/revisions"}],"predecessor-version":[{"id":18376,"href":"https:\/\/www.mandellaistanbul.com\/fr\/wp-json\/wp\/v2\/product\/12957\/revisions\/18376"}],"wp:featuredmedia":[{"embeddable":true,"href":"https:\/\/www.mandellaistanbul.com\/fr\/wp-json\/wp\/v2\/media\/12877"}],"wp:attachment":[{"href":"https:\/\/www.mandellaistanbul.com\/fr\/wp-json\/wp\/v2\/media?parent=12957"}],"wp:term":[{"taxonomy":"product_brand","embeddable":true,"href":"https:\/\/www.mandellaistanbul.com\/fr\/wp-json\/wp\/v2\/product_brand?post=12957"},{"taxonomy":"product_cat","embeddable":true,"href":"https:\/\/www.mandellaistanbul.com\/fr\/wp-json\/wp\/v2\/product_cat?post=12957"},{"taxonomy":"product_tag","embeddable":true,"href":"https:\/\/www.mandellaistanbul.com\/fr\/wp-json\/wp\/v2\/product_tag?post=12957"}],"curies":[{"name":"wp","href":"https:\/\/api.w.org\/{rel}","templated":true}]}}