{"id":12952,"date":"2022-12-13T17:43:26","date_gmt":"2022-12-13T14:43:26","guid":{"rendered":"https:\/\/www.mandellaistanbul.com\/product\/chemise-poche-double-motif-palmier-jaune-vert-noir\/"},"modified":"2024-10-08T22:24:28","modified_gmt":"2024-10-08T19:24:28","slug":"chemise-a-motifs-palmiers-jaune-vert","status":"publish","type":"product","link":"https:\/\/www.mandellaistanbul.com\/fr\/produit\/chemise-a-motifs-palmiers-jaune-vert\/","title":{"rendered":"Chemise \u00e0 motifs palmiers jaune vert"},"content":{"rendered":"<h2>Chemise \u00e0 motifs palmiers jaune vert : chic tropical aux couleurs vives<\/h2>\n<h3>Collection de chemises \u00e0 motifs palmiers jaune vert de Mandella Istanbul<\/h3>\n<p>Mandella Istanbul est l\u00e0 avec sa collection de chemises \u00e0 motifs palmiers jaune vert en gros qui offre le chic tropical des couleurs vives. Ces chemises, qui enrichiront les vitrines de votre magasin d&#8217;une touche \u00e9nergique et accrocheuse, gagneront l&#8217;appr\u00e9ciation de vos clients commerciaux. Voici ce que vous devez savoir sur les chemises \u00e0 motifs palmiers jaune vert :<\/p>\n<h3>Mod\u00e8les de chemises \u00e0 motifs palmiers jaune vert<\/h3>\n<p>Mandella Istanbul propose une large gamme de mod\u00e8les de <a href=\"https:\/\/www.mandellaistanbul.com\/toptan-gomlek\/\">chemises toptan<\/a> \u00e0 motifs palmiers jaune vert. Con\u00e7ues avec des motifs de palmiers tropicaux, ces chemises plaisent \u00e0 tous les go\u00fbts et enrichissent les garde-robes. Ces mod\u00e8les, qui peuvent \u00eatre utilis\u00e9s confortablement dans n&#8217;importe quel environnement avec leurs nuances vibrantes de jaune et de vert, augmentent la vari\u00e9t\u00e9 de produits de votre magasin. Con\u00e7ues avec l&#8217;aspect \u00e9nergique et exotique des motifs de palmiers, ces chemises mettent en valeur l&#8217;\u00e9l\u00e9gance et la gr\u00e2ce de chaque client. Con\u00e7ues avec des touches \u00e0 la fois classiques et modernes, ces chemises aident \u00e0 exprimer le style de la meilleure fa\u00e7on.<\/p>\n<h3>Qualit\u00e9 et confort<\/h3>\n<p>En tant que Mandella Istanbul, nous accordons la priorit\u00e9 \u00e0 la qualit\u00e9 et \u00e0 la satisfaction du client dans chacun de nos produits. Nos chemises \u00e0 motifs de palmiers jaunes et verts sont le reflet de cette compr\u00e9hension. Fabriqu\u00e9es avec des tissus de haute qualit\u00e9 et une finition m\u00e9ticuleuse, ces chemises offrent une utilisation \u00e0 la fois durable et confortable. Gr\u00e2ce \u00e0 des tissus respirants et doux pour la peau, vos clients se sentent \u00e0 l&#8217;aise toute la journ\u00e9e. Ces chemises, faciles \u00e0 repasser et \u00e0 entretenir, offrent une utilisation pratique et sont id\u00e9ales pour vos clients qui souhaitent se pr\u00e9parer rapidement. En m\u00eame temps, ces chemises sont con\u00e7ues pour s&#8217;adapter \u00e0 diverses conditions m\u00e9t\u00e9orologiques, de sorte qu&#8217;elles peuvent \u00eatre port\u00e9es confortablement en toute saison.<\/p>\n<h3>Prix des chemises \u00e0 motifs de palmiers jaunes et verts<\/h3>\n<p>Mandella Istanbul propose des chemises \u00e0 motifs de palmiers jaunes et verts \u00e0 des prix de gros abordables. Sans faire de compromis sur la qualit\u00e9, nous offrons \u00e0 nos clients commerciaux la possibilit\u00e9 de profiter de l&#8217;\u00e9l\u00e9gance avec des options adapt\u00e9es \u00e0 leur budget. Dans notre collection, vous pouvez trouver une large gamme de chemises dans diff\u00e9rentes gammes de prix et choisir les chemises qui conviennent le mieux au style de votre magasin. Vous pouvez acheter ces chemises \u00e9l\u00e9gantes \u00e0 des prix encore plus abordables avec des remises et des campagnes organis\u00e9es pendant certaines p\u00e9riodes. Vous pouvez suivre r\u00e9guli\u00e8rement notre site Web pour les campagnes en cours et les offres sp\u00e9ciales. Vous pouvez \u00e9galement b\u00e9n\u00e9ficier de remises et d&#8217;avantages sp\u00e9ciaux en rejoignant notre programme d&#8217;adh\u00e9sion.<\/p>\n<h3>Commander maintenant<\/h3>\n<p>Vous pouvez apporter les couleurs vibrantes et l&#8217;\u00e9l\u00e9gance tropicale des chemises \u00e0 motifs de palmiers jaunes et verts \u00e0 votre magasin en passant imm\u00e9diatement une commande en gros sur notre site Web. N&#8217;oubliez pas, ayez toujours une longueur d&#8217;avance avec Mandella Istanbul et offrez \u00e0 vos clients les meilleurs produits. Avec l&#8217;importance que nous attachons \u00e0 la satisfaction du client, nous vous livrons vos commandes rapidement et en toute s\u00e9curit\u00e9. Renouvelez votre magasin et soyez toujours \u00e0 votre meilleur en achetant en gros chez Mandella Istanbul, o\u00f9 qualit\u00e9 et \u00e9l\u00e9gance se rencontrent !<\/p>\n","protected":false},"excerpt":{"rendered":"<p>La chemise \u00e0 double poche \u00e0 motif palmier (jaune &#8211; vert &#8211; noir) est une option parfaite pour ceux qui veulent ajouter de la vitalit\u00e9 et de l&#8217;originalit\u00e9 \u00e0 leur style gr\u00e2ce \u00e0 l&#8217;\u00e9nergie des couleurs jaune vibrant, vert vibrant et noir.<\/p>\n","protected":false},"featured_media":12910,"comment_status":"open","ping_status":"closed","template":"","meta":[],"product_brand":[],"product_cat":[142,197],"product_tag":[],"class_list":{"0":"post-12952","1":"product","2":"type-product","3":"status-publish","4":"has-post-thumbnail","6":"product_cat-vente-en-gros-chemises","7":"product_cat-chemises-a-poches","8":"pa_beden-l-fr","9":"pa_beden-m-fr","10":"pa_beden-xl-fr","11":"pa_beden-xxl-fr","13":"first","14":"instock","15":"taxable","16":"shipping-taxable","17":"purchasable","18":"product-type-simple"},"_links":{"self":[{"href":"https:\/\/www.mandellaistanbul.com\/fr\/wp-json\/wp\/v2\/product\/12952","targetHints":{"allow":["GET"]}}],"collection":[{"href":"https:\/\/www.mandellaistanbul.com\/fr\/wp-json\/wp\/v2\/product"}],"about":[{"href":"https:\/\/www.mandellaistanbul.com\/fr\/wp-json\/wp\/v2\/types\/product"}],"replies":[{"embeddable":true,"href":"https:\/\/www.mandellaistanbul.com\/fr\/wp-json\/wp\/v2\/comments?post=12952"}],"version-history":[{"count":3,"href":"https:\/\/www.mandellaistanbul.com\/fr\/wp-json\/wp\/v2\/product\/12952\/revisions"}],"predecessor-version":[{"id":18218,"href":"https:\/\/www.mandellaistanbul.com\/fr\/wp-json\/wp\/v2\/product\/12952\/revisions\/18218"}],"wp:featuredmedia":[{"embeddable":true,"href":"https:\/\/www.mandellaistanbul.com\/fr\/wp-json\/wp\/v2\/media\/12910"}],"wp:attachment":[{"href":"https:\/\/www.mandellaistanbul.com\/fr\/wp-json\/wp\/v2\/media?parent=12952"}],"wp:term":[{"taxonomy":"product_brand","embeddable":true,"href":"https:\/\/www.mandellaistanbul.com\/fr\/wp-json\/wp\/v2\/product_brand?post=12952"},{"taxonomy":"product_cat","embeddable":true,"href":"https:\/\/www.mandellaistanbul.com\/fr\/wp-json\/wp\/v2\/product_cat?post=12952"},{"taxonomy":"product_tag","embeddable":true,"href":"https:\/\/www.mandellaistanbul.com\/fr\/wp-json\/wp\/v2\/product_tag?post=12952"}],"curies":[{"name":"wp","href":"https:\/\/api.w.org\/{rel}","templated":true}]}}