{"id":12950,"date":"2022-12-13T17:43:23","date_gmt":"2022-12-13T14:43:23","guid":{"rendered":"https:\/\/www.mandellaistanbul.com\/product\/chemise-a-poche-double-motif-palmier-jaune-bleu\/"},"modified":"2024-10-08T21:29:10","modified_gmt":"2024-10-08T18:29:10","slug":"chemise-bleue-a-motifs-palmiers","status":"publish","type":"product","link":"https:\/\/www.mandellaistanbul.com\/fr\/produit\/chemise-bleue-a-motifs-palmiers\/","title":{"rendered":"Chemise bleue \u00e0 motifs palmiers"},"content":{"rendered":"<div class=\"flex-shrink-0 flex flex-col relative items-end\">\n<div>\n<div class=\"pt-0.5 juice:pt-0\">\n<div class=\"gizmo-bot-avatar flex h -6 w-6 items-center justifier-centre d\u00e9bordement-masqu\u00e9 arrondi-plein juice:h-8 juice:w-8\">\n<div class=\"relative p-1 rounded-sm flex items-center justifier-centre bg- token-main-surface-primary text-token-text-primary h-8 w-8\"><\/div>\n<\/div>\n<\/div>\n<\/div>\n<\/div>\n<div class=\"group\/conversation -turn relative flex w-full min-w-0 flex-col agent-turn\">\n<div class=\"flex-col gap-1 md:gap-3\">\n<div class=\"flex flex-grow flex-col max-w-full\">\n<div class=\"min-h-[20px] text-message flex flex-col items-start whitespace-pre-wrap break-words [.text-message+&#038;]:mt-5 juice:w-full juice:items-end overflow-x-auto gap-2\" data -message-author-role=\"assistant\" data-message-id=\"37a86443-839a-4275-b123-c8e70fe64020\" dir=\"auto\">\n<div class=\"flex w-full flex-col gap-1 juice: empty:hidden juice:first:pt-[3px]\">\n<div class=\"markdown prose w-full break-words dark:prose-invert dark\">\n<h2>Chemise bleue \u00e0 motifs palmiers : fra\u00eecheur tropicale et \u00e9l\u00e9gance<\/h2 >\n<h3>Collection en gros de chemises bleues \u00e0 motifs palmiers de Mandella Istanbul<\/h3>\n<p>Mandella Istanbul, fra\u00eecheur tropicale et Voici la collection en gros de chemises bleues \u00e0 motifs palmiers qui allient \u00e9l\u00e9gance. Voici ce que vous devez savoir sur ces chemises qui seront appr\u00e9ci\u00e9es par vos clients commerciaux qui souhaitent ajouter une touche \u00e9nergique et accrocheuse aux vitrines de votre magasin :<\/p>\n<h3>Mod\u00e8les de chemises bleues \u00e0 motifs palmiers<\/h3>\n<p>< p>Mandella Istanbul propose une large gamme de mod\u00e8les de <a href=\"https:\/\/www.mandellaistanbul.com\/toptan-gomlek\/\">chemises toptan<\/a> bleues \u00e0 motifs palmiers. Con\u00e7ues avec des motifs de palmiers tropicaux, ces chemises conviennent \u00e0 tous les go\u00fbts. s\u00e9duisent et enrichissent les garde-robes. Con\u00e7us avec l&#8217;effet frais et relaxant des tons bleus, ces mod\u00e8les peuvent \u00eatre utilis\u00e9s confortablement dans n&#8217;importe quel environnement et augmentent la vari\u00e9t\u00e9 de produits de votre magasin. Con\u00e7ues avec l&#8217;aspect \u00e9nergique et exotique des motifs palmiers, ces chemises mettent en valeur l&#8217;\u00e9l\u00e9gance et la gr\u00e2ce de chaque client. Con\u00e7ues avec des touches \u00e0 la fois classiques et modernes, ces chemises aident \u00e0 exprimer le style de la meilleure fa\u00e7on.<\/p>\n<h3>Qualit\u00e9 et confort<\/h3>\n<p>En tant que Mandella Istanbul, nous accordons la priorit\u00e9 \u00e0 la qualit\u00e9 et \u00e0 la satisfaction du client dans chacun de nos produits. . Nos chemises bleues \u00e0 motifs de palmiers sont le reflet de cette compr\u00e9hension. Fabriqu\u00e9es avec des tissus de haute qualit\u00e9 et une finition soign\u00e9e, ces chemises offrent \u00e0 la fois une utilisation durable et confortable. Vos clients se sentiront \u00e0 l&#8217;aise toute la journ\u00e9e gr\u00e2ce aux tissus respirants et doux pour la peau. Faciles \u00e0 repasser et faciles \u00e0 entretenir Ces chemises sont pratiques \u00e0 utiliser et sont id\u00e9ales pour vos clients qui veulent se pr\u00e9parer rapidement. En m\u00eame temps, ces chemises sont con\u00e7ues pour s&#8217;adapter \u00e0 diverses conditions m\u00e9t\u00e9orologiques, de sorte qu&#8217;elles peuvent \u00eatre port\u00e9es confortablement en toutes saisons.<\/p>\n<h3>Prix des chemises bleues \u00e0 motifs de palmiers<\/h3>\n<p>< p>Mandella Istanbul propose des chemises bleues \u00e0 motifs de palmiers \u00e0 des prix de gros abordables. Sans compromettre la qualit\u00e9, nous offrons \u00e0 nos clients commerciaux la possibilit\u00e9 d&#8217;atteindre l&#8217;\u00e9l\u00e9gance avec des options adapt\u00e9es \u00e0 leur budget. Dans notre collection, vous pouvez trouver une large gamme dans diff\u00e9rentes gammes de prix et choisir les chemises qui conviennent le mieux au style de votre magasin. Vous pouvez acheter ces chemises \u00e9l\u00e9gantes \u00e0 des prix encore plus abordables avec des remises et des campagnes organis\u00e9es \u00e0 certaines p\u00e9riodes. Vous pouvez suivre r\u00e9guli\u00e8rement notre site Web pour conna\u00eetre les campagnes en cours et les offres sp\u00e9ciales. Vous pouvez \u00e9galement b\u00e9n\u00e9ficier de remises et d&#8217;avantages sp\u00e9ciaux en rejoignant notre programme d&#8217;adh\u00e9sion.<\/p>\n<h3>Commandez maintenant Offrez<\/h3>\n<p>Vous pouvez apporter la fra\u00eecheur tropicale et l&#8217;\u00e9l\u00e9gance des chemises bleues \u00e0 motifs de palmiers dans votre magasin en passant imm\u00e9diatement une commande en gros sur notre site Web. N&#8217;oubliez pas, ayez toujours une longueur d&#8217;avance avec Mandella Istanbul et offrez \u00e0 vos clients les meilleurs produits. Avec l&#8217;importance que nous accordons \u00e0 la satisfaction du client, nous livrons vos commandes rapidement. et vous les livrons en toute s\u00e9curit\u00e9. Renouvelez votre magasin et soyez toujours \u00e0 votre meilleur en faisant des achats en gros chez Mandella Istanbul, o\u00f9 qualit\u00e9 et \u00e9l\u00e9gance se rencontrent !<\/p>\n<\/div>\n<\/div>\n<\/div>\n<\/div>\n<p><\/ div><\/div>\n","protected":false},"excerpt":{"rendered":"<p>La chemise \u00e0 double poche imprim\u00e9e palmier est une excellente option pour ceux qui pr\u00e9f\u00e8rent un style color\u00e9 et \u00e9nergique.<\/p>\n","protected":false},"featured_media":12904,"comment_status":"open","ping_status":"closed","template":"","meta":[],"product_brand":[],"product_cat":[142,197],"product_tag":[],"class_list":{"0":"post-12950","1":"product","2":"type-product","3":"status-publish","4":"has-post-thumbnail","6":"product_cat-vente-en-gros-chemises","7":"product_cat-chemises-a-poches","8":"pa_beden-l-fr","9":"pa_beden-m-fr","10":"pa_beden-xl-fr","11":"pa_beden-xxl-fr","13":"first","14":"instock","15":"taxable","16":"shipping-taxable","17":"purchasable","18":"product-type-simple"},"_links":{"self":[{"href":"https:\/\/www.mandellaistanbul.com\/fr\/wp-json\/wp\/v2\/product\/12950","targetHints":{"allow":["GET"]}}],"collection":[{"href":"https:\/\/www.mandellaistanbul.com\/fr\/wp-json\/wp\/v2\/product"}],"about":[{"href":"https:\/\/www.mandellaistanbul.com\/fr\/wp-json\/wp\/v2\/types\/product"}],"replies":[{"embeddable":true,"href":"https:\/\/www.mandellaistanbul.com\/fr\/wp-json\/wp\/v2\/comments?post=12950"}],"version-history":[{"count":4,"href":"https:\/\/www.mandellaistanbul.com\/fr\/wp-json\/wp\/v2\/product\/12950\/revisions"}],"predecessor-version":[{"id":18183,"href":"https:\/\/www.mandellaistanbul.com\/fr\/wp-json\/wp\/v2\/product\/12950\/revisions\/18183"}],"wp:featuredmedia":[{"embeddable":true,"href":"https:\/\/www.mandellaistanbul.com\/fr\/wp-json\/wp\/v2\/media\/12904"}],"wp:attachment":[{"href":"https:\/\/www.mandellaistanbul.com\/fr\/wp-json\/wp\/v2\/media?parent=12950"}],"wp:term":[{"taxonomy":"product_brand","embeddable":true,"href":"https:\/\/www.mandellaistanbul.com\/fr\/wp-json\/wp\/v2\/product_brand?post=12950"},{"taxonomy":"product_cat","embeddable":true,"href":"https:\/\/www.mandellaistanbul.com\/fr\/wp-json\/wp\/v2\/product_cat?post=12950"},{"taxonomy":"product_tag","embeddable":true,"href":"https:\/\/www.mandellaistanbul.com\/fr\/wp-json\/wp\/v2\/product_tag?post=12950"}],"curies":[{"name":"wp","href":"https:\/\/api.w.org\/{rel}","templated":true}]}}