{"id":12843,"date":"2022-11-17T11:38:27","date_gmt":"2022-11-17T08:38:27","guid":{"rendered":"https:\/\/www.mandellaistanbul.com\/product\/chemise-rayee-rouge\/"},"modified":"2024-10-15T22:16:23","modified_gmt":"2024-10-15T19:16:23","slug":"chemise-a-rayures-rouges","status":"publish","type":"product","link":"https:\/\/www.mandellaistanbul.com\/fr\/produit\/chemise-a-rayures-rouges\/","title":{"rendered":"Chemise \u00c0 Rayures Rouges"},"content":{"rendered":"<div class=\"flex flex-grow flex-col max-w-full\">\n<div class=\"min-h-[20px] text-message flex flex-col items-start whitespace-pre-wrap break-words [ .text-message+&#038;]:mt-5 juice:w-full juice:items-end overflow-x-auto gap-2\" data-message-author-role=\"assistant\" data-message-id=\"c9620266- 0360-47d9-bdc8-e6a6794b27b3\" dir=\"auto\">\n<div class=\"flex w-full flex-col gap-1 juice:empty:hidden juice:first:pt-[3px]\">\n<div class=\" markdown prose w-full break-words dark:prose-invert dark\">\n<h2>Chemise \u00e0 rayures rouges\u00a0: un style audacieux et dynamique<\/h2>\n<h3>La chemise \u00e0 rayures rouges de Mandella Istanbul Collection<\/h3>\n<p>Mandella Istanbul est l\u00e0 avec sa collection de chemises \u00e0 rayures rouges qui offre un style \u00e9nergique et accrocheur. Ces chemises que vous pouvez facilement utiliser aussi bien au travail que dans la vie quotidienne, ajouteront de la vivacit\u00e9 \u00e0 votre garde-robe. Voici ce que vous devez savoir sur les chemises \u00e0 rayures rouges :<\/p>\n<h3>Mod\u00e8les de chemises \u00e0 rayures rouges<\/h3>\n<p>Mandella Istanbul, <a href=\"https:\/\/www.mandellaistanbul.com\/toptan-gomlek\/\">chemise toptan<\/a> \u00e0 rayures rouges propose une large gamme de mod\u00e8les. Ces mod\u00e8les, qui plaisent \u00e0 tous les go\u00fbts avec leurs options de rayures fines et \u00e9paisses, enrichissent votre garde-robe. Les rayures rouges cr\u00e9ent un contraste saisissant sur des fonds blancs ou de diff\u00e9rentes couleurs, soulignant votre \u00e9l\u00e9gance. Ces chemises, que vous pouvez facilement utiliser dans n&#8217;importe quel environnement avec diff\u00e9rentes options de col et de coupe, compl\u00e8teront votre style. Id\u00e9ales pour ceux qui recherchent un style audacieux et dynamique, ces chemises sont le moyen id\u00e9al de refl\u00e9ter votre \u00e9nergie.<\/p>\n<h3>Qualit\u00e9 et confort<\/h3>\n<p>En tant que Mandella Istanbul, nous accordons la priorit\u00e9 \u00e0 la qualit\u00e9 et \u00e0 la satisfaction du client dans chacun de nos produits. Nos chemises \u00e0 rayures rouges sont le reflet de cette compr\u00e9hension. Ces chemises, produites avec des tissus soigneusement s\u00e9lectionn\u00e9s et une finition m\u00e9ticuleuse, offrent une utilisation durable et confortable. Gr\u00e2ce aux tissus respirants, vous vous sentirez \u00e0 l&#8217;aise toute la journ\u00e9e. Faciles \u00e0 repasser et \u00e0 entretenir, ces chemises offrent une utilisation pratique et peuvent \u00eatre rapidement lav\u00e9es. Elles seront votre sauveur lorsque vous voudrez vous pr\u00e9parer. En m\u00eame temps, ces chemises sont con\u00e7ues pour diverses conditions m\u00e9t\u00e9orologiques, vous pouvez donc les porter confortablement en toute saison.<\/p>\n<h3>Prix des chemises \u00e0 rayures rouges<\/h3>\n<p>Mandella Istanbul propose des chemises \u00e0 rayures rouges \u00e0 des prix abordables. Vous pouvez atteindre l&#8217;\u00e9l\u00e9gance avec des options adapt\u00e9es \u00e0 votre budget sans compromettre la qualit\u00e9. Dans notre collection, vous pouvez trouver une large gamme dans diff\u00e9rentes gammes de prix et choisir la chemise qui convient le mieux \u00e0 votre style. Vous pouvez acheter ces chemises \u00e9l\u00e9gantes \u00e0 des prix encore plus abordables gr\u00e2ce aux remises et aux campagnes organis\u00e9es pendant certaines p\u00e9riodes. Vous pouvez suivre r\u00e9guli\u00e8rement notre site Web pour conna\u00eetre les campagnes en cours et les offres sp\u00e9ciales. Vous pouvez \u00e9galement b\u00e9n\u00e9ficier de remises et d&#8217;avantages sp\u00e9ciaux en rejoignant notre programme d&#8217;adh\u00e9sion.<\/p>\n<h3>Commander maintenant Offrir<\/h3>\n<p>Vous pouvez porter l&#8217;\u00e9l\u00e9gance \u00e9nergique et frappante des chemises \u00e0 rayures rouges en passant une commande sur notre site Web imm\u00e9diatement. N&#8217;oubliez pas, ayez toujours une longueur d&#8217;avance avec Mandella Istanbul et exprimez votre style de la meilleure fa\u00e7on. Avec l&#8217;importance que nous accordons \u00e0 la satisfaction du client, nous livrons vos commandes rapidement. et vous les livrons en toute s\u00e9curit\u00e9. Renouvelez votre garde-robe et soyez toujours \u00e0 votre meilleur en faisant vos achats chez Mandella Istanbul, o\u00f9 qualit\u00e9 et \u00e9l\u00e9gance se rencontrent !<\/p>\n<\/div>\n<\/div>\n<\/div>\n<\/div>\n","protected":false},"excerpt":{"rendered":"<p>La chemise ray\u00e9e &#8211; rouge offre un design moderne et original o\u00f9 la couleur rouge vibrante rencontre le motif ray\u00e9 classique.<\/p>\n","protected":false},"featured_media":12729,"comment_status":"open","ping_status":"closed","template":"","meta":[],"product_brand":[],"product_cat":[142,177],"product_tag":[],"class_list":{"0":"post-12843","1":"product","2":"type-product","3":"status-publish","4":"has-post-thumbnail","6":"product_cat-vente-en-gros-chemises","7":"product_cat-chemise-a-manches-courtes","8":"pa_beden-l-fr","9":"pa_beden-m-fr","10":"pa_beden-xl-fr","11":"pa_beden-xxl-fr","13":"first","14":"outofstock","15":"taxable","16":"shipping-taxable","17":"purchasable","18":"product-type-simple"},"_links":{"self":[{"href":"https:\/\/www.mandellaistanbul.com\/fr\/wp-json\/wp\/v2\/product\/12843","targetHints":{"allow":["GET"]}}],"collection":[{"href":"https:\/\/www.mandellaistanbul.com\/fr\/wp-json\/wp\/v2\/product"}],"about":[{"href":"https:\/\/www.mandellaistanbul.com\/fr\/wp-json\/wp\/v2\/types\/product"}],"replies":[{"embeddable":true,"href":"https:\/\/www.mandellaistanbul.com\/fr\/wp-json\/wp\/v2\/comments?post=12843"}],"version-history":[{"count":3,"href":"https:\/\/www.mandellaistanbul.com\/fr\/wp-json\/wp\/v2\/product\/12843\/revisions"}],"predecessor-version":[{"id":18632,"href":"https:\/\/www.mandellaistanbul.com\/fr\/wp-json\/wp\/v2\/product\/12843\/revisions\/18632"}],"wp:featuredmedia":[{"embeddable":true,"href":"https:\/\/www.mandellaistanbul.com\/fr\/wp-json\/wp\/v2\/media\/12729"}],"wp:attachment":[{"href":"https:\/\/www.mandellaistanbul.com\/fr\/wp-json\/wp\/v2\/media?parent=12843"}],"wp:term":[{"taxonomy":"product_brand","embeddable":true,"href":"https:\/\/www.mandellaistanbul.com\/fr\/wp-json\/wp\/v2\/product_brand?post=12843"},{"taxonomy":"product_cat","embeddable":true,"href":"https:\/\/www.mandellaistanbul.com\/fr\/wp-json\/wp\/v2\/product_cat?post=12843"},{"taxonomy":"product_tag","embeddable":true,"href":"https:\/\/www.mandellaistanbul.com\/fr\/wp-json\/wp\/v2\/product_tag?post=12843"}],"curies":[{"name":"wp","href":"https:\/\/api.w.org\/{rel}","templated":true}]}}