{"id":12840,"date":"2022-11-17T11:38:25","date_gmt":"2022-11-17T08:38:25","guid":{"rendered":"https:\/\/www.mandellaistanbul.com\/product\/chemise-rayee-bleu\/"},"modified":"2024-10-07T21:13:59","modified_gmt":"2024-10-07T18:13:59","slug":"chemise-a-rayures-bleues-2","status":"publish","type":"product","link":"https:\/\/www.mandellaistanbul.com\/fr\/produit\/chemise-a-rayures-bleues-2\/","title":{"rendered":"Chemise \u00e0 rayures bleues"},"content":{"rendered":"<h2>Chemise \u00e0 rayures bleues : un style vif et dynamique<\/h2>\n<h3>Collection de chemises \u00e0 rayures bleues de Mandella Istanbul<\/h3>\n<p>Mandella Istanbul vous propose sa collection de chemises \u00e0 rayures bleues qui offre un style vif et dynamique. Ces chemises, que vous pourrez facilement utiliser au travail comme au quotidien, ajouteront de l&#8217;\u00e9nergie \u00e0 votre garde-robe. Voici ce que vous devez savoir sur les chemises \u00e0 rayures bleues :<\/p>\n<h3>Mod\u00e8les de chemises \u00e0 rayures bleues<\/h3>\n<p>Mandella Istanbul propose une large gamme de mod\u00e8les de <a href=\"https:\/\/www.mandellaistanbul.com\/toptan-gomlek\/\">chemises toptan<\/a> \u00e0 rayures bleues. Ces mod\u00e8les, qui plaisent \u00e0 tous les go\u00fbts avec des options de rayures fines et \u00e9paisses, enrichissent votre garde-robe. Les rayures bleues cr\u00e9ent un contraste saisissant sur un fond blanc ou de couleur diff\u00e9rente, soulignant votre \u00e9l\u00e9gance. Avec diff\u00e9rentes options de col et de coupe, ces chemises, que vous pouvez facilement utiliser dans n&#8217;importe quel environnement, compl\u00e8teront votre style.<\/p>\n<h3>Qualit\u00e9 et confort<\/h3>\n<p>En tant que Mandella Istanbul, nous accordons la priorit\u00e9 \u00e0 la qualit\u00e9 et \u00e0 la satisfaction du client dans chacun de nos produits. Nos chemises \u00e0 rayures bleues sont le reflet de cette compr\u00e9hension. Ces chemises, produites avec des tissus soigneusement s\u00e9lectionn\u00e9s et une finition m\u00e9ticuleuse, offrent une utilisation durable et confortable. Vous vous sentirez \u00e0 l&#8217;aise toute la journ\u00e9e gr\u00e2ce aux tissus respirants. Ces chemises, faciles \u00e0 repasser et \u00e0 entretenir, offrent une utilisation pratique et seront votre sauveur lorsque vous voudrez vous pr\u00e9parer rapidement.<\/p>\n<h3>Prix des chemises \u00e0 rayures bleues<\/h3>\n<p>Mandella Istanbul propose des chemises \u00e0 rayures bleues \u00e0 des prix abordables. Vous pouvez atteindre l&#8217;\u00e9l\u00e9gance avec des options adapt\u00e9es \u00e0 votre budget sans compromettre la qualit\u00e9. Vous pouvez acheter ces chemises \u00e9l\u00e9gantes \u00e0 des prix encore plus abordables avec des remises et des campagnes effectu\u00e9es \u00e0 certaines p\u00e9riodes. Vous pouvez suivre notre site Web pour conna\u00eetre les campagnes en cours.<\/p>\n<h3>Commander maintenant<\/h3>\n<p>Vous pouvez porter l&#8217;\u00e9l\u00e9gance vive et dynamique des chemises \u00e0 rayures bleues en commandant imm\u00e9diatement sur notre site Web. Ayez toujours une longueur d&#8217;avance et affichez votre style avec Mandella Istanbul\u00a0!<\/p>\n","protected":false},"excerpt":{"rendered":"<p>Chemise ray\u00e9e &#8211; Mavi pr\u00e9sente le motif ray\u00e9 classique avec une interpr\u00e9tation moderne. Le calme du bleu et la simplicit\u00e9 du blanc s&#8217;allient.<\/p>\n","protected":false},"featured_media":12726,"comment_status":"open","ping_status":"closed","template":"","meta":[],"product_brand":[],"product_cat":[142,177],"product_tag":[],"class_list":{"0":"post-12840","1":"product","2":"type-product","3":"status-publish","4":"has-post-thumbnail","6":"product_cat-vente-en-gros-chemises","7":"product_cat-chemise-a-manches-courtes","8":"pa_beden-l-fr","9":"pa_beden-m-fr","10":"pa_beden-xl-fr","11":"pa_beden-xxl-fr","13":"first","14":"instock","15":"taxable","16":"shipping-taxable","17":"purchasable","18":"product-type-simple"},"_links":{"self":[{"href":"https:\/\/www.mandellaistanbul.com\/fr\/wp-json\/wp\/v2\/product\/12840","targetHints":{"allow":["GET"]}}],"collection":[{"href":"https:\/\/www.mandellaistanbul.com\/fr\/wp-json\/wp\/v2\/product"}],"about":[{"href":"https:\/\/www.mandellaistanbul.com\/fr\/wp-json\/wp\/v2\/types\/product"}],"replies":[{"embeddable":true,"href":"https:\/\/www.mandellaistanbul.com\/fr\/wp-json\/wp\/v2\/comments?post=12840"}],"version-history":[{"count":3,"href":"https:\/\/www.mandellaistanbul.com\/fr\/wp-json\/wp\/v2\/product\/12840\/revisions"}],"predecessor-version":[{"id":18090,"href":"https:\/\/www.mandellaistanbul.com\/fr\/wp-json\/wp\/v2\/product\/12840\/revisions\/18090"}],"wp:featuredmedia":[{"embeddable":true,"href":"https:\/\/www.mandellaistanbul.com\/fr\/wp-json\/wp\/v2\/media\/12726"}],"wp:attachment":[{"href":"https:\/\/www.mandellaistanbul.com\/fr\/wp-json\/wp\/v2\/media?parent=12840"}],"wp:term":[{"taxonomy":"product_brand","embeddable":true,"href":"https:\/\/www.mandellaistanbul.com\/fr\/wp-json\/wp\/v2\/product_brand?post=12840"},{"taxonomy":"product_cat","embeddable":true,"href":"https:\/\/www.mandellaistanbul.com\/fr\/wp-json\/wp\/v2\/product_cat?post=12840"},{"taxonomy":"product_tag","embeddable":true,"href":"https:\/\/www.mandellaistanbul.com\/fr\/wp-json\/wp\/v2\/product_tag?post=12840"}],"curies":[{"name":"wp","href":"https:\/\/api.w.org\/{rel}","templated":true}]}}