{"id":12837,"date":"2022-11-17T11:38:31","date_gmt":"2022-11-17T08:38:31","guid":{"rendered":"https:\/\/www.mandellaistanbul.com\/product\/chemise-rayee-orange\/"},"modified":"2024-10-15T21:11:04","modified_gmt":"2024-10-15T18:11:04","slug":"chemise-a-rayures-orange","status":"publish","type":"product","link":"https:\/\/www.mandellaistanbul.com\/fr\/produit\/chemise-a-rayures-orange\/","title":{"rendered":"Chemise \u00e0 rayures orange"},"content":{"rendered":"<h2>Chemises \u00e0 rayures orange : l&#8217;\u00e9nergie et l&#8217;\u00e9l\u00e9gance de l&#8217;\u00e9t\u00e9<\/h2>\n<p>Les chemises \u00e0 rayures orange sont des pi\u00e8ces sp\u00e9ciales qui refl\u00e8tent l&#8217;\u00e9nergie et la vivacit\u00e9 de l&#8217;\u00e9t\u00e9. En tant que Mandella Istanbul, nous sommes tr\u00e8s heureux de vous pr\u00e9senter cette collection sp\u00e9ciale de nos v\u00eatements pour hommes. Voici des informations d\u00e9taill\u00e9es et des suggestions de combinaisons sur cette collection accrocheuse :<\/p>\n<h3>Mod\u00e8les de chemises \u00e0 rayures orange<\/h3>\n<p><strong>Mod\u00e8les \u00e0 rayures classiques<\/strong> : Notre collection comprend des mod\u00e8les de <a href=\"https:\/\/www.mandellaistanbul.com\/toptan-gomlek\/\">chemises toptan<\/a> orange classiques \u00e0 rayures. Attirant l&#8217;attention par leurs lignes \u00e9l\u00e9gantes, ces mod\u00e8les s&#8217;adaptent parfaitement \u00e0 tous les styles de v\u00eatements.<\/p>\n<p><strong>Chemises \u00e0 rayures modernes<\/strong> : Pour ceux qui aiment les designs plus audacieux et ambitieux, des chemises \u00e0 rayures orange modernes sont \u00e9galement disponibles. Avec des motifs g\u00e9om\u00e9triques ou des combinaisons de couleurs diff\u00e9rentes, ces chemises vous permettent de refl\u00e9ter votre style.<\/p>\n<h3>Chemises orange d&#8217;\u00e9t\u00e9<\/h3>\n<p>Les chemises orange d&#8217;\u00e9t\u00e9, qui vous feront vous sentir au frais et \u00e0 l&#8217;aise pendant les mois d&#8217;\u00e9t\u00e9, se distinguent par leurs tissus l\u00e9gers et respirants. C&#8217;est un choix id\u00e9al pour la plage, en vacances ou pour un usage quotidien.<\/p>\n<h3>Chemises orange \u00e0 manches courtes<\/h3>\n<p>Les chemises orange \u00e0 manches courtes sont une option confortable et \u00e9l\u00e9gante pour les chaudes journ\u00e9es d&#8217;\u00e9t\u00e9. C&#8217;est un choix parfait pour ceux qui recherchent l&#8217;\u00e9l\u00e9gance sportive et le confort.<\/p>\n<h3>Prix et qualit\u00e9 des chemises \u00e0 rayures orange<\/h3>\n<p>Les prix de nos chemises \u00e0 rayures orange peuvent varier en fonction de facteurs tels que la qualit\u00e9, le design et la marque. Cependant, en tant que Mandella Istanbul, nous visons toujours \u00e0 vous offrir des produits de qualit\u00e9 et abordables.<\/p>\n<h3>Qualit\u00e9 et assurance Mandella Istanbul<\/h3>\n<p>En tant que Mandella Istanbul, nous associons mode et qualit\u00e9 et vous offrons le meilleur. Chaque chemise est fabriqu\u00e9e avec des tissus soigneusement s\u00e9lectionn\u00e9s et un travail m\u00e9ticuleux. Notre objectif est de vous offrir une exp\u00e9rience d&#8217;achat agr\u00e9able gr\u00e2ce \u00e0 notre approche de service qui donne la priorit\u00e9 \u00e0 la satisfaction du client.<\/p>\n","protected":false},"excerpt":{"rendered":"<p>La chemise ray\u00e9e &#8211; Orange est un mod\u00e8le vibrant o\u00f9 la couleur orange \u00e9nergique rencontre un motif ray\u00e9 moderne.<\/p>\n","protected":false},"featured_media":12735,"comment_status":"open","ping_status":"closed","template":"","meta":[],"product_brand":[],"product_cat":[142,177],"product_tag":[],"class_list":{"0":"post-12837","1":"product","2":"type-product","3":"status-publish","4":"has-post-thumbnail","6":"product_cat-vente-en-gros-chemises","7":"product_cat-chemise-a-manches-courtes","8":"pa_beden-l-fr","9":"pa_beden-m-fr","10":"pa_beden-xl-fr","11":"pa_beden-xxl-fr","13":"first","14":"instock","15":"taxable","16":"shipping-taxable","17":"purchasable","18":"product-type-simple"},"_links":{"self":[{"href":"https:\/\/www.mandellaistanbul.com\/fr\/wp-json\/wp\/v2\/product\/12837","targetHints":{"allow":["GET"]}}],"collection":[{"href":"https:\/\/www.mandellaistanbul.com\/fr\/wp-json\/wp\/v2\/product"}],"about":[{"href":"https:\/\/www.mandellaistanbul.com\/fr\/wp-json\/wp\/v2\/types\/product"}],"replies":[{"embeddable":true,"href":"https:\/\/www.mandellaistanbul.com\/fr\/wp-json\/wp\/v2\/comments?post=12837"}],"version-history":[{"count":4,"href":"https:\/\/www.mandellaistanbul.com\/fr\/wp-json\/wp\/v2\/product\/12837\/revisions"}],"predecessor-version":[{"id":18496,"href":"https:\/\/www.mandellaistanbul.com\/fr\/wp-json\/wp\/v2\/product\/12837\/revisions\/18496"}],"wp:featuredmedia":[{"embeddable":true,"href":"https:\/\/www.mandellaistanbul.com\/fr\/wp-json\/wp\/v2\/media\/12735"}],"wp:attachment":[{"href":"https:\/\/www.mandellaistanbul.com\/fr\/wp-json\/wp\/v2\/media?parent=12837"}],"wp:term":[{"taxonomy":"product_brand","embeddable":true,"href":"https:\/\/www.mandellaistanbul.com\/fr\/wp-json\/wp\/v2\/product_brand?post=12837"},{"taxonomy":"product_cat","embeddable":true,"href":"https:\/\/www.mandellaistanbul.com\/fr\/wp-json\/wp\/v2\/product_cat?post=12837"},{"taxonomy":"product_tag","embeddable":true,"href":"https:\/\/www.mandellaistanbul.com\/fr\/wp-json\/wp\/v2\/product_tag?post=12837"}],"curies":[{"name":"wp","href":"https:\/\/api.w.org\/{rel}","templated":true}]}}