{"id":12833,"date":"2022-11-17T11:38:38","date_gmt":"2022-11-17T08:38:38","guid":{"rendered":"https:\/\/www.mandellaistanbul.com\/product\/chemise-a-motif-feuilles-blanc\/"},"modified":"2024-10-15T21:19:11","modified_gmt":"2024-10-15T18:19:11","slug":"chemise-a-motifs-de-feuilles-blanche","status":"publish","type":"product","link":"https:\/\/www.mandellaistanbul.com\/fr\/produit\/chemise-a-motifs-de-feuilles-blanche\/","title":{"rendered":"Chemise \u00e0 motifs de feuilles blanche"},"content":{"rendered":"<h2>Chemise blanche \u00e0 feuilles noires : un style \u00e9l\u00e9gant et moderne<\/h2>\n<p>Les chemises blanches \u00e0 feuilles noires offrent une merveilleuse combinaison de minimalisme et d&#8217;esth\u00e9tique de la nature. D\u00e9couvrez la collection de <a href=\"https:\/\/www.mandellaistanbul.com\/toptan-gomlek\/\">chemises toptan<\/a> blanches \u00e0 feuilles noires de Mandella Istanbul et les prix des chemises pour hommes dans cet article.<\/p>\n<h3>Mod\u00e8les de chemises blanches \u00e0 feuilles noires<\/h3>\n<p>Les chemises blanches \u00e0 feuilles noires de Mandella Istanbul offrent \u00e0 la fois \u00e9l\u00e9gance et style. Se distinguant par leurs designs minimalistes et leurs tissus de qualit\u00e9, nos chemises sont une option id\u00e9ale pour la vie professionnelle et l&#8217;usage quotidien. Nos mod\u00e8les, propos\u00e9s dans diff\u00e9rentes coupes et motifs, plaisent au style de chaque homme.<\/p>\n<h3>Mod\u00e8les de chemises pour hommes \u00e0 feuilles noires<\/h3>\n<p>Les chemises noires \u00e0 feuilles pour hommes font partie de la collection sp\u00e9ciale de Mandella Istanbul. Fabriqu\u00e9es avec des designs modernes et des tissus durables, nos chemises offrent \u00e0 la fois \u00e9l\u00e9gance et confort aux hommes. Il offre des options id\u00e9ales pour un usage quotidien et des occasions sp\u00e9ciales.<\/p>\n<h3>Prix des chemises pour hommes Leafy<\/h3>\n<p>Les chemises pour hommes Leafy sont propos\u00e9es chez Mandella Istanbul avec une politique de prix abordable. Les prix avantageux propos\u00e9s lors des achats en gros vous aident \u00e0 optimiser les co\u00fbts de votre entreprise sans compromettre la qualit\u00e9.<\/p>\n<h3>Pourquoi Mandella Istanbul ?<\/h3>\n<p>Mandella Istanbul se distingue par ses produits de qualit\u00e9 et son approche de service ax\u00e9e sur la satisfaction du client. En suivant de pr\u00e8s les tendances du monde de la mode, elle offre toujours \u00e0 ses clients les produits les plus r\u00e9cents et de la plus haute qualit\u00e9.<\/p>\n<p>Les mod\u00e8les de chemises \u00e0 manches courtes attrayants de Mandella Istanbul.<br \/>\nChemise \u00e0 manches courtes 100 % coton.<br \/>\nNos produits sont vendus en s\u00e9rie. Il y a 5 produits dans 1 s\u00e9rie.<br \/>\nTailles des produits dans la s\u00e9rie<br \/>\n1 pi\u00e8ce (M) \u2013 2 pi\u00e8ces (L) \u2013 1 pi\u00e8ce (XL) \u2013 1 pi\u00e8ce (XXL)<\/p>\n<p>Une facture sp\u00e9ciale sera \u00e9mise pour toutes vos commandes.<br \/>\nLes frais d&#8217;exp\u00e9dition sont diff\u00e9rents pour chaque pays. Une fois la commande termin\u00e9e, des informations sur la cargaison vous seront envoy\u00e9es via Whatsapp.<\/p>\n","protected":false},"excerpt":{"rendered":"<p>1 Produit de s\u00e9rie. (5 PCS)<br \/>\nTailles : M L XL XXL<br \/>\nTissu utilis\u00e9 : 100% coton<br \/>\nVous ne pouvez commander que des s\u00e9ries. ( 5 pi\u00e8ces)<\/p>\n","protected":false},"featured_media":12753,"comment_status":"open","ping_status":"closed","template":"","meta":[],"product_brand":[],"product_cat":[142,177],"product_tag":[],"class_list":{"0":"post-12833","1":"product","2":"type-product","3":"status-publish","4":"has-post-thumbnail","6":"product_cat-vente-en-gros-chemises","7":"product_cat-chemise-a-manches-courtes","8":"pa_beden-l-fr","9":"pa_beden-m-fr","10":"pa_beden-xl-fr","11":"pa_beden-xxl-fr","13":"first","14":"outofstock","15":"taxable","16":"shipping-taxable","17":"purchasable","18":"product-type-simple"},"_links":{"self":[{"href":"https:\/\/www.mandellaistanbul.com\/fr\/wp-json\/wp\/v2\/product\/12833","targetHints":{"allow":["GET"]}}],"collection":[{"href":"https:\/\/www.mandellaistanbul.com\/fr\/wp-json\/wp\/v2\/product"}],"about":[{"href":"https:\/\/www.mandellaistanbul.com\/fr\/wp-json\/wp\/v2\/types\/product"}],"replies":[{"embeddable":true,"href":"https:\/\/www.mandellaistanbul.com\/fr\/wp-json\/wp\/v2\/comments?post=12833"}],"version-history":[{"count":3,"href":"https:\/\/www.mandellaistanbul.com\/fr\/wp-json\/wp\/v2\/product\/12833\/revisions"}],"predecessor-version":[{"id":18516,"href":"https:\/\/www.mandellaistanbul.com\/fr\/wp-json\/wp\/v2\/product\/12833\/revisions\/18516"}],"wp:featuredmedia":[{"embeddable":true,"href":"https:\/\/www.mandellaistanbul.com\/fr\/wp-json\/wp\/v2\/media\/12753"}],"wp:attachment":[{"href":"https:\/\/www.mandellaistanbul.com\/fr\/wp-json\/wp\/v2\/media?parent=12833"}],"wp:term":[{"taxonomy":"product_brand","embeddable":true,"href":"https:\/\/www.mandellaistanbul.com\/fr\/wp-json\/wp\/v2\/product_brand?post=12833"},{"taxonomy":"product_cat","embeddable":true,"href":"https:\/\/www.mandellaistanbul.com\/fr\/wp-json\/wp\/v2\/product_cat?post=12833"},{"taxonomy":"product_tag","embeddable":true,"href":"https:\/\/www.mandellaistanbul.com\/fr\/wp-json\/wp\/v2\/product_tag?post=12833"}],"curies":[{"name":"wp","href":"https:\/\/api.w.org\/{rel}","templated":true}]}}