{"id":12832,"date":"2022-11-17T11:38:40","date_gmt":"2022-11-17T08:38:40","guid":{"rendered":"https:\/\/www.mandellaistanbul.com\/product\/chemise-a-motifs-colores-v1\/"},"modified":"2024-10-07T21:30:57","modified_gmt":"2024-10-07T18:30:57","slug":"chemise-a-motifs-colores-v1","status":"publish","type":"product","link":"https:\/\/www.mandellaistanbul.com\/fr\/produit\/chemise-a-motifs-colores-v1\/","title":{"rendered":"Chemise \u00e0 motifs color\u00e9s V1"},"content":{"rendered":"<h2>Chemise Bleue \u00e0 Motif Violet : Une Rencontre de Motifs Vibrants et \u00c9l\u00e9gants<\/h2>\n<p>Mandella Istanbul vous pr\u00e9sente sa collection de chemises bleues \u00e0 motifs violets con\u00e7ues avec des motifs vibrants et \u00e9l\u00e9gants. \u00c0 la fois accrocheuses et confortables, ces chemises mettront en valeur votre style. Voici ce que vous devez savoir sur les chemises bleues \u00e0 motifs violets en gros :<\/p>\n<h3>Ensembles de chemises bleues \u00e0 motifs violets en gros<\/h3>\n<p><strong>Combinaisons uniques :<\/strong> Les ensembles de chemises bleues \u00e0 motifs violets offrent une harmonie parfaite avec les chemises et les pantalons ou les shorts. Ces ensembles sont con\u00e7us aussi bien pour un usage quotidien que pour des occasions sp\u00e9ciales.<\/p>\n<p><strong>Confortables et \u00e9l\u00e9gants :<\/strong> Refl\u00e9tant le style du motif, ces ensembles offrent une utilisation \u00e0 la fois confortable et \u00e9l\u00e9gante. Fabriqu\u00e9s avec des tissus respirants et une finition m\u00e9ticuleuse, ces costumes vous assurent une journ\u00e9e confortable.<\/p>\n<h3>Mod\u00e8les de chemises bleues \u00e0 motifs violets en gros<\/h3>\n<p><strong>Divers mod\u00e8les :<\/strong> Mandella Istanbul propose une large gamme de mod\u00e8les de chemises bleues \u00e0 motifs violets en gros. Des mod\u00e8les qui plaisent \u00e0 tous les go\u00fbts avec diff\u00e9rentes options de col et de coupe enrichissent votre garde-robe.<\/p>\n<p><strong>Style intemporel :<\/strong> les chemises bleues \u00e0 motifs violets maintiennent votre \u00e9l\u00e9gance \u00e0 chaque \u00e9poque avec leurs designs intemporels. Ces chemises, que vous pouvez porter aussi bien au quotidien que lors d&#8217;occasions sp\u00e9ciales, compl\u00e8tent votre style.<\/p>\n<h3>Chemise bleue \u00e0 motifs violets en gros<\/h3>\n<p><strong>Classique et moderne :<\/strong> les chemises bleues \u00e0 motifs violets en gros offrent des d\u00e9tails classiques et modernes \u00e0 la fois. Combinant l&#8217;\u00e9l\u00e9gance du pass\u00e9 avec le confort d&#8217;aujourd&#8217;hui, ces chemises mettent en valeur votre style.<\/p>\n<p><strong>Facilit\u00e9 d&#8217;utilisation :<\/strong> faciles \u00e0 repasser et \u00e0 entretenir, les chemises bleues \u00e0 motifs violets offrent une utilisation pratique. Elles seront votre sauveur lorsque vous voudrez vous pr\u00e9parer rapidement.<\/p>\n<h3>Prix des chemises bleues \u00e0 motifs violets<\/h3>\n<p><strong>Prix abordables :<\/strong> Mandella Istanbul propose des chemises bleues \u00e0 motifs violets \u00e0 des prix abordables. Vous pouvez obtenir l&#8217;\u00e9l\u00e9gance avec des options adapt\u00e9es \u00e0 votre budget sans compromettre la qualit\u00e9.<\/p>\n<p><strong>Remises et campagnes\u00a0:<\/strong> vous pouvez acheter des chemises bleues \u00e0 motifs violets \u00e0 des prix encore plus abordables gr\u00e2ce aux remises et aux campagnes organis\u00e9es pendant certaines p\u00e9riodes. Vous pouvez suivre notre site Web pour conna\u00eetre les campagnes en cours.<\/p>\n<h3>Qualit\u00e9 Mandella Istanbul<\/h3>\n<p>En tant que Mandella Istanbul, nous accordons la priorit\u00e9 \u00e0 la qualit\u00e9 et \u00e0 la satisfaction du client dans chacun de nos produits. Nos chemises bleues \u00e0 motifs violets sont le reflet de cette compr\u00e9hension. Ces chemises, produites avec des tissus soigneusement s\u00e9lectionn\u00e9s et une finition m\u00e9ticuleuse, offrent une utilisation durable et confortable.<\/p>\n<p>Vous pouvez apporter l&#8217;\u00e9l\u00e9gance des chemises bleues \u00e0 motifs violets dans votre magasin en passant imm\u00e9diatement une commande en gros sur notre site Web. N&#8217;oubliez pas que votre \u00e9l\u00e9gance a toujours une longueur d&#8217;avance avec Mandella Istanbul\u00a0!<\/p>\n","protected":false},"excerpt":{"rendered":"<p>Colourful Motif Shirt V1 est un dessin \u00e9nergique qui attire l&#8217;attention par son motif unique et ses couleurs vives.<\/p>\n","protected":false},"featured_media":12759,"comment_status":"open","ping_status":"closed","template":"","meta":[],"product_brand":[],"product_cat":[142,177],"product_tag":[],"class_list":{"0":"post-12832","1":"product","2":"type-product","3":"status-publish","4":"has-post-thumbnail","6":"product_cat-vente-en-gros-chemises","7":"product_cat-chemise-a-manches-courtes","8":"pa_beden-l-fr","9":"pa_beden-m-fr","10":"pa_beden-xl-fr","11":"pa_beden-xxl-fr","13":"first","14":"instock","15":"taxable","16":"shipping-taxable","17":"purchasable","18":"product-type-simple"},"_links":{"self":[{"href":"https:\/\/www.mandellaistanbul.com\/fr\/wp-json\/wp\/v2\/product\/12832","targetHints":{"allow":["GET"]}}],"collection":[{"href":"https:\/\/www.mandellaistanbul.com\/fr\/wp-json\/wp\/v2\/product"}],"about":[{"href":"https:\/\/www.mandellaistanbul.com\/fr\/wp-json\/wp\/v2\/types\/product"}],"replies":[{"embeddable":true,"href":"https:\/\/www.mandellaistanbul.com\/fr\/wp-json\/wp\/v2\/comments?post=12832"}],"version-history":[{"count":3,"href":"https:\/\/www.mandellaistanbul.com\/fr\/wp-json\/wp\/v2\/product\/12832\/revisions"}],"predecessor-version":[{"id":18108,"href":"https:\/\/www.mandellaistanbul.com\/fr\/wp-json\/wp\/v2\/product\/12832\/revisions\/18108"}],"wp:featuredmedia":[{"embeddable":true,"href":"https:\/\/www.mandellaistanbul.com\/fr\/wp-json\/wp\/v2\/media\/12759"}],"wp:attachment":[{"href":"https:\/\/www.mandellaistanbul.com\/fr\/wp-json\/wp\/v2\/media?parent=12832"}],"wp:term":[{"taxonomy":"product_brand","embeddable":true,"href":"https:\/\/www.mandellaistanbul.com\/fr\/wp-json\/wp\/v2\/product_brand?post=12832"},{"taxonomy":"product_cat","embeddable":true,"href":"https:\/\/www.mandellaistanbul.com\/fr\/wp-json\/wp\/v2\/product_cat?post=12832"},{"taxonomy":"product_tag","embeddable":true,"href":"https:\/\/www.mandellaistanbul.com\/fr\/wp-json\/wp\/v2\/product_tag?post=12832"}],"curies":[{"name":"wp","href":"https:\/\/api.w.org\/{rel}","templated":true}]}}