{"id":12831,"date":"2022-11-17T11:38:39","date_gmt":"2022-11-17T08:38:39","guid":{"rendered":"https:\/\/www.mandellaistanbul.com\/product\/chemise-a-motif-de-feuilles-rouge\/"},"modified":"2024-10-15T21:17:07","modified_gmt":"2024-10-15T18:17:07","slug":"chemise-a-motifs-de-feuilles-rouge","status":"publish","type":"product","link":"https:\/\/www.mandellaistanbul.com\/fr\/produit\/chemise-a-motifs-de-feuilles-rouge\/","title":{"rendered":"Chemise \u00e0 motifs de feuilles rouge"},"content":{"rendered":"<h2>Chemises Red Leaf : l&#8217;\u00e9l\u00e9gance de la nature dans le monde de la mode<\/h2>\n<p>Les chemises Red Leaf sont des pi\u00e8ces sp\u00e9ciales qui apportent la vivacit\u00e9 et l&#8217;\u00e9l\u00e9gance de la nature \u00e0 votre garde-robe. Dans cet article, vous d\u00e9couvrirez la collection et les prix des <a href=\"https:\/\/www.mandellaistanbul.com\/toptan-gomlek\/\">chemises toptan<\/a> \u00e0 feuilles rouges de Mandella Istanbul.<\/p>\n<h3>Mod\u00e8les de chemises Red Leaf<\/h3>\n<p>Les chemises Red Leaf de Mandella Istanbul allient la beaut\u00e9 inspirante de la nature \u00e0 la mode. Nos chemises, propos\u00e9es dans diff\u00e9rents motifs et coupes, plaisent \u00e0 tous les styles et \u00e0 tous les go\u00fbts. Nos mod\u00e8les, fabriqu\u00e9s avec des d\u00e9tails \u00e9l\u00e9gants et des tissus de qualit\u00e9, offrent \u00e0 la fois \u00e9l\u00e9gance et confort.<\/p>\n<h3>Prix des chemises Red Leaf<\/h3>\n<p>Nos chemises Red Leaf sont propos\u00e9es avec la politique de prix abordable de Mandella Istanbul. Les prix avantageux offerts dans les achats en gros vous aident \u00e0 optimiser les co\u00fbts de votre entreprise sans compromettre la qualit\u00e9.<\/p>\n<h3>Mod\u00e8les de chemises pour hommes \u00e0 motifs de feuilles<\/h3>\n<p>Les chemises pour hommes \u00e0 motifs de feuilles font partie de la collection sp\u00e9ciale de Mandella Istanbul. Nos chemises, produites avec des designs modernes et des tissus durables, offrent \u00e9l\u00e9gance et confort aux hommes. Elles offrent des options id\u00e9ales pour un usage quotidien et des occasions sp\u00e9ciales.<\/p>\n<h3>Mod\u00e8les de chemises pour hommes \u00e0 motifs de feuilles rouges<\/h3>\n<p>Les chemises pour hommes \u00e0 motifs de feuilles rouges de Mandella Istanbul attirent l&#8217;attention avec leurs designs \u00e9l\u00e9gants et masculins. Offrant \u00e0 la fois fonctionnalit\u00e9 et \u00e9l\u00e9gance, nos chemises font partie des pi\u00e8ces indispensables de la garde-robe masculine.<\/p>\n<h3>Pourquoi Mandella Istanbul ?<\/h3>\n<p>Mandella Istanbul se distingue par ses produits de qualit\u00e9 et son approche de service ax\u00e9e sur la satisfaction du client. En suivant de pr\u00e8s les tendances du monde de la mode, elle offre toujours \u00e0 ses clients les produits les plus r\u00e9cents et de la plus haute qualit\u00e9.<\/p>\n<p>Les mod\u00e8les attrayants de chemises \u00e0 manches courtes de Mandella Istanbul.<br \/> Chemise \u00e0 manches courtes 100 % coton.<br \/> Nos produits sont vendus en s\u00e9rie. Il y a 5 produits dans 1 s\u00e9rie.<br \/> Tailles des produits dans la s\u00e9rie<br \/> 1 pi\u00e8ce (M) &#8211; 2 pi\u00e8ces ( L ) &#8211; 1 pi\u00e8ce (XL) &#8211; 1 pi\u00e8ce (XXL)<\/p>\n<p> Une facture sp\u00e9ciale sera \u00e9mise pour toutes vos commandes.<br \/> Les frais d&#8217;exp\u00e9dition sont diff\u00e9rents pour chaque pays. Une fois la commande termin\u00e9e, des informations sur la cargaison vous seront envoy\u00e9es via Whatsapp.<\/p>\n","protected":false},"excerpt":{"rendered":"<p>1 Produit de s\u00e9rie. (5 PCS)<br \/>\nTailles : M L XL XXL<br \/>\nTissu utilis\u00e9 : 100% coton<br \/>\nVous ne pouvez commander que des s\u00e9ries. ( 5 pi\u00e8ces)<\/p>\n","protected":false},"featured_media":12756,"comment_status":"open","ping_status":"closed","template":"","meta":[],"product_brand":[],"product_cat":[142,177],"product_tag":[],"class_list":{"0":"post-12831","1":"product","2":"type-product","3":"status-publish","4":"has-post-thumbnail","6":"product_cat-vente-en-gros-chemises","7":"product_cat-chemise-a-manches-courtes","8":"pa_beden-l-fr","9":"pa_beden-m-fr","10":"pa_beden-xl-fr","11":"pa_beden-xxl-fr","13":"first","14":"outofstock","15":"taxable","16":"shipping-taxable","17":"purchasable","18":"product-type-simple"},"_links":{"self":[{"href":"https:\/\/www.mandellaistanbul.com\/fr\/wp-json\/wp\/v2\/product\/12831","targetHints":{"allow":["GET"]}}],"collection":[{"href":"https:\/\/www.mandellaistanbul.com\/fr\/wp-json\/wp\/v2\/product"}],"about":[{"href":"https:\/\/www.mandellaistanbul.com\/fr\/wp-json\/wp\/v2\/types\/product"}],"replies":[{"embeddable":true,"href":"https:\/\/www.mandellaistanbul.com\/fr\/wp-json\/wp\/v2\/comments?post=12831"}],"version-history":[{"count":3,"href":"https:\/\/www.mandellaistanbul.com\/fr\/wp-json\/wp\/v2\/product\/12831\/revisions"}],"predecessor-version":[{"id":18510,"href":"https:\/\/www.mandellaistanbul.com\/fr\/wp-json\/wp\/v2\/product\/12831\/revisions\/18510"}],"wp:featuredmedia":[{"embeddable":true,"href":"https:\/\/www.mandellaistanbul.com\/fr\/wp-json\/wp\/v2\/media\/12756"}],"wp:attachment":[{"href":"https:\/\/www.mandellaistanbul.com\/fr\/wp-json\/wp\/v2\/media?parent=12831"}],"wp:term":[{"taxonomy":"product_brand","embeddable":true,"href":"https:\/\/www.mandellaistanbul.com\/fr\/wp-json\/wp\/v2\/product_brand?post=12831"},{"taxonomy":"product_cat","embeddable":true,"href":"https:\/\/www.mandellaistanbul.com\/fr\/wp-json\/wp\/v2\/product_cat?post=12831"},{"taxonomy":"product_tag","embeddable":true,"href":"https:\/\/www.mandellaistanbul.com\/fr\/wp-json\/wp\/v2\/product_tag?post=12831"}],"curies":[{"name":"wp","href":"https:\/\/api.w.org\/{rel}","templated":true}]}}