{"id":12694,"date":"2022-10-27T13:41:06","date_gmt":"2022-10-27T10:41:06","guid":{"rendered":"https:\/\/www.mandellaistanbul.com\/product\/costume-a-motif-de-feuilles-rouges\/"},"modified":"2024-10-08T22:20:22","modified_gmt":"2024-10-08T19:20:22","slug":"costume-a-motifs-de-feuilles-rouges","status":"publish","type":"product","link":"https:\/\/www.mandellaistanbul.com\/fr\/produit\/costume-a-motifs-de-feuilles-rouges\/","title":{"rendered":"Costume \u00e0 motifs de feuilles rouges"},"content":{"rendered":"<div class=\"flex-shrink-0 flex flex-col relative items-end\">\n<div>\n<div class=\"pt-0\">\n<div class=\"gizmo-bot-avatar flex h-8 w-8 items-center justifier-centre d\u00e9bordement-masqu\u00e9 arrondi-plein\">\n<div class=\"relative p-1 arrondi-sm flex items-center justifier-centre bg-token-main-surface-primary text-token-text-primary h -8 w-8\"><\/div>\n<\/div>\n<\/div>\n<\/div>\n<\/div>\n<div class=\"group\/conversation-turn relative flex w-full min-w-0 flex-col agent-turn\">\n<div class=\"flex-col gap-1 md:gap-3\">\n<div class=\"flex flex-grow flex-col max-w-full\">\n<div class=\"min-h -[20px] text-message flex w-full flex-col items-end gap-2 whitespace-pre-wrap break-words [.text-message+&#038;]:mt-5 overflow-x-auto\" data-message-author-role=\"assistant\" data-message-id=\"355e1973-a5bc -4a28-bf35-9e840945d698\" dir=\"auto\">\n<div class=\"flex w-full flex-col gap-1 empty:hidden first:pt-[3px]\">\n<div class=\"markdown prose w-full break-words dark:prose-invert dark\">\n<h2>Chemise \u00e0 motifs feuilles rouges\u00a0: vive et \u00e9l\u00e9gante<\/h2>\n<h3>Collection de vente en gros de chemises \u00e0 motifs feuilles rouges de Mandella Istanbul<\/h3>\n<p>Mandella Istanbul, Pr\u00e9sentation de la collection de chemises \u00e0 motifs feuilles rouges en gros qui allie vivacit\u00e9 et \u00e9l\u00e9gance. Voici ce que vous devez savoir sur ces chemises qui seront appr\u00e9ci\u00e9es par vos clients commerciaux qui souhaitent ajouter une touche \u00e9nergique et accrocheuse \u00e0 vos vitrines :<\/p>\n<h3>Mod\u00e8les de chemises \u00e0 motifs de feuilles rouges<\/h3>\n<p>Mandella Istanbul propose une large gamme de mod\u00e8les de chemises \u00e0 motifs de feuilles rouges. propose une large gamme. Ces chemises, cr\u00e9\u00e9es avec des motifs de feuilles dans des tons rouges, plaisent \u00e0 tous les go\u00fbts et enrichissent les garde-robes. Elles peuvent \u00eatre utilis\u00e9es confortablement dans chaque environnement avec diff\u00e9rentes options de col et de coupe et augmentent la vari\u00e9t\u00e9 de produits de votre magasin. Con\u00e7ues avec des touches \u00e0 la fois classiques et modernes, ces chemises aident \u00e0 exprimer le style de la meilleure fa\u00e7on. Ces chemises, qui peuvent \u00eatre utilis\u00e9es confortablement au quotidien et lors d&#8217;occasions sp\u00e9ciales, mettent en valeur l&#8217;\u00e9l\u00e9gance et le style de chaque client.<\/p>\n<h3>Qualit\u00e9 et confort<\/h3>\n<p>En tant que Mandella Istanbul, nous visons \u00e0 offrir qualit\u00e9 et satisfaction client dans chacun de nos produits. Nous accordons la priorit\u00e9 \u00e0 la satisfaction du client. Nos chemises \u00e0 motifs de feuilles rouges sont le reflet de cette compr\u00e9hension. Fabriqu\u00e9es avec des tissus de haute qualit\u00e9 et une finition soign\u00e9e, ces chemises offrent \u00e0 la fois une utilisation durable et confortable. Gr\u00e2ce aux tissus respirants et doux pour la peau, vos clients se sentiront \u00e0 l&#8217;aise toute la journ\u00e9e. Ces chemises sont faciles \u00e0 repasser et \u00e0 entretenir, offrent une utilisation pratique et sont id\u00e9ales pour vos clients qui souhaitent se pr\u00e9parer rapidement. En m\u00eame temps, ces chemises sont con\u00e7ues pour s&#8217;adapter \u00e0 diverses conditions m\u00e9t\u00e9orologiques, vous pouvez donc les porter confortablement en toute saison. peut \u00eatre port\u00e9.<\/p>\n<h3>Prix des chemises \u00e0 motifs de feuilles rouges<\/h3>\n<p>Mandella Istanbul propose des chemises \u00e0 motifs de feuilles rouges \u00e0 des prix de gros abordables. Sans compromettre la qualit\u00e9, nous offrons \u00e0 nos clients commerciaux la possibilit\u00e9 d&#8217;atteindre l&#8217;\u00e9l\u00e9gance avec des options adapt\u00e9es \u00e0 leur budget. Dans notre collection, diff\u00e9rentes Vous pouvez trouver une large gamme de chemises dans diff\u00e9rentes gammes de prix et choisir les chemises qui conviennent le mieux au style de votre magasin. Vous pouvez acheter ces chemises \u00e9l\u00e9gantes \u00e0 des prix encore plus abordables avec des remises et des campagnes organis\u00e9es \u00e0 certaines p\u00e9riodes. Vous pouvez suivre r\u00e9guli\u00e8rement notre site Web pour conna\u00eetre les campagnes en cours et les offres sp\u00e9ciales. Vous pouvez \u00e9galement rejoindre notre programme d&#8217;adh\u00e9sion et b\u00e9n\u00e9ficier de r\u00e9ductions et d&#8217;avantages sp\u00e9ciaux.<\/p>\n<h3>Commandez maintenant<\/h3>\n<p>Vous pouvez apporter la vivacit\u00e9 des chemises \u00e0 motifs de feuilles rouges \u00e0 votre magasin en passant une commande en gros imm\u00e9diatement depuis notre site Web. N&#8217;oubliez pas, ayez toujours une longueur d&#8217;avance avec Mandella Istanbul et offrez les meilleurs produits \u00e0 vos clients. Avec l&#8217;importance que nous accordons \u00e0 la satisfaction client, nous vous livrons vos commandes rapidement et en toute s\u00e9curit\u00e9. Renouvelez votre magasin en achetant en gros chez Mandella Istanbul, o\u00f9 la qualit\u00e9 et l&#8217;\u00e9l\u00e9gance se rencontrent, et toujours belle !<\/p>\n<\/div>\n<\/div>\n<\/div>\n<\/div>\n<\/div>\n<\/div>\n<p>Fabriqu\u00e9 en tissu 100 % coton.<br \/> Nos produits sont vendus en s\u00e9rie. 1 S\u00e9rie Il y a 5 produits dedans.<br \/> Tailles des produits dans la s\u00e9rie<br \/> 1 Pi\u00e8ce (M) \u2013 2 Pi\u00e8ces (L) \u2013 1 Pi\u00e8ce (XL) \u2013 1 Pi\u00e8ce (XXL)<\/p>\n<p>Sp\u00e9cialement pour vous dans toutes vos commandes Une facture sera \u00e9mise.<br \/> Il existe des frais d&#8217;exp\u00e9dition diff\u00e9rents pour chaque pays. Une fois la commande termin\u00e9e, des informations sur la cargaison vous seront envoy\u00e9es via Whatsapp.<\/p>\n","protected":false},"excerpt":{"rendered":"<p>1 Produit de s\u00e9rie. (5 PCS)<br \/>\n  Tailles : M L XL XXL<br \/>\n  Tissu utilis\u00e9 : 100% coton<br \/>\n  Vous ne pouvez commander que des s\u00e9ries. ( 5 pi\u00e8ces)<\/p>\n","protected":false},"featured_media":12598,"comment_status":"open","ping_status":"closed","template":"","meta":[],"product_brand":[],"product_cat":[142,181],"product_tag":[],"class_list":{"0":"post-12694","1":"product","2":"type-product","3":"status-publish","4":"has-post-thumbnail","6":"product_cat-vente-en-gros-chemises","7":"product_cat-ensemble-short-et-chemise","8":"pa_beden-l-fr","9":"pa_beden-m-fr","10":"pa_beden-xl-fr","11":"pa_beden-xxl-fr","13":"first","14":"outofstock","15":"taxable","16":"shipping-taxable","17":"purchasable","18":"product-type-simple"},"_links":{"self":[{"href":"https:\/\/www.mandellaistanbul.com\/fr\/wp-json\/wp\/v2\/product\/12694","targetHints":{"allow":["GET"]}}],"collection":[{"href":"https:\/\/www.mandellaistanbul.com\/fr\/wp-json\/wp\/v2\/product"}],"about":[{"href":"https:\/\/www.mandellaistanbul.com\/fr\/wp-json\/wp\/v2\/types\/product"}],"replies":[{"embeddable":true,"href":"https:\/\/www.mandellaistanbul.com\/fr\/wp-json\/wp\/v2\/comments?post=12694"}],"version-history":[{"count":3,"href":"https:\/\/www.mandellaistanbul.com\/fr\/wp-json\/wp\/v2\/product\/12694\/revisions"}],"predecessor-version":[{"id":18214,"href":"https:\/\/www.mandellaistanbul.com\/fr\/wp-json\/wp\/v2\/product\/12694\/revisions\/18214"}],"wp:featuredmedia":[{"embeddable":true,"href":"https:\/\/www.mandellaistanbul.com\/fr\/wp-json\/wp\/v2\/media\/12598"}],"wp:attachment":[{"href":"https:\/\/www.mandellaistanbul.com\/fr\/wp-json\/wp\/v2\/media?parent=12694"}],"wp:term":[{"taxonomy":"product_brand","embeddable":true,"href":"https:\/\/www.mandellaistanbul.com\/fr\/wp-json\/wp\/v2\/product_brand?post=12694"},{"taxonomy":"product_cat","embeddable":true,"href":"https:\/\/www.mandellaistanbul.com\/fr\/wp-json\/wp\/v2\/product_cat?post=12694"},{"taxonomy":"product_tag","embeddable":true,"href":"https:\/\/www.mandellaistanbul.com\/fr\/wp-json\/wp\/v2\/product_tag?post=12694"}],"curies":[{"name":"wp","href":"https:\/\/api.w.org\/{rel}","templated":true}]}}