{"id":12692,"date":"2022-10-27T13:41:09","date_gmt":"2022-10-27T10:41:09","guid":{"rendered":"https:\/\/www.mandellaistanbul.com\/product\/costume-blanc-a-motif-dancre\/"},"modified":"2024-10-13T13:46:02","modified_gmt":"2024-10-13T10:46:02","slug":"costume-blanc-a-motifs-dancre","status":"publish","type":"product","link":"https:\/\/www.mandellaistanbul.com\/fr\/produit\/costume-blanc-a-motifs-dancre\/","title":{"rendered":"Costume blanc \u00e0 motifs d&#8217;ancre"},"content":{"rendered":"<p><strong>Costume blanc et short \u00e0 motifs ancres : compl\u00e9tez votre style avec la brise marine<\/strong><\/p>\n<p>Le costume blanc et le short \u00e0 motifs ancres de Mandella Istanbul apportent une \u00e9l\u00e9gance sur le th\u00e8me de la mer \u00e0 votre garde-robe pendant les mois d&#8217;\u00e9t\u00e9. Ces costumes et shorts font partie des pi\u00e8ces indispensables des mois d&#8217;\u00e9t\u00e9 pour les femmes et les hommes. L&#8217;effet des motifs d&#8217;ancres refl\u00e9tant l&#8217;atmosph\u00e8re marine compl\u00e8te votre style dans chaque environnement.<\/p>\n<p><strong>Mod\u00e8les de costumes blancs \u00e0 motifs ancres : esth\u00e9tique et fonctionnalit\u00e9<\/strong><\/p>\n<p>La collection de costumes blancs \u00e0 motifs ancres de Mandella Istanbul offre une option enrichie de diff\u00e9rentes coupes et d\u00e9tails. Les combinaisons chemise et short offrent une large gamme de styles, du minimalisme aux designs modernes. Ces costumes, qui conviennent \u00e0 tous les styles, se distinguent par leurs tissus de qualit\u00e9 et leurs d\u00e9tails frappants.<\/p>\n<p><strong>Mod\u00e8les de shorts \u00e0 motifs ancres : ressentez la fra\u00eecheur de l&#8217;\u00e9t\u00e9<\/strong><\/p>\n<p>Les shorts blancs \u00e0 motifs ancres sont le choix de ceux qui recherchent confort et \u00e9l\u00e9gance ensemble pendant les mois d&#8217;\u00e9t\u00e9. La collection de shorts \u00e0 motifs d&#8217;ancres de Mandella Istanbul vous permet d&#8217;ajouter une touche marine \u00e0 votre style estival avec ces shorts propos\u00e9s dans diff\u00e9rentes coupes et couleurs. Fabriqu\u00e9s \u00e0 partir de diff\u00e9rents tissus tels que le coton, le lin ou le polyester, ces shorts offrent confort et \u00e9l\u00e9gance \u00e0 leurs utilisateurs.<\/p>\n<p><strong>Mod\u00e8les de chemises \u00e0 motifs d&#8217;ancres : sentez la brise marine sur vous<\/strong><\/p>\n<p>Les chemises \u00e0 motifs d&#8217;ancres sont l&#8217;une des pi\u00e8ces indispensables des mois d&#8217;\u00e9t\u00e9. La collection de chemises \u00e0 motifs d&#8217;ancres de Mandella Istanbul vous permet d&#8217;ajouter un th\u00e8me marin \u00e0 votre style avec ces chemises propos\u00e9es dans diff\u00e9rentes coupes et couleurs. Fabriqu\u00e9s \u00e0 partir de diff\u00e9rents tissus tels que le coton, le lin ou le polyester, ces chemises offrent confort et \u00e9l\u00e9gance \u00e0 leurs utilisateurs.<\/p>\n<p><strong>Ensembles de chemises \u00e0 motifs d&#8217;ancres : \u00e9l\u00e9gance et praticit\u00e9 r\u00e9unies<\/strong><\/p>\n<p>Les ensembles de chemises \u00e0 motifs d&#8217;ancres sont le choix de ceux qui recherchent la fonctionnalit\u00e9 pendant les mois d&#8217;\u00e9t\u00e9. La collection d&#8217;ensembles de chemises \u00e0 motifs d&#8217;ancres de Mandella Istanbul offre diverses options adapt\u00e9es \u00e0 la fois \u00e0 un usage quotidien et aux occasions sp\u00e9ciales. Ces costumes, qui conviennent \u00e0 tous les styles et \u00e0 tous les besoins, attirent l&#8217;attention par leurs mat\u00e9riaux de qualit\u00e9 et leurs designs soign\u00e9s.<\/p>\n<p><strong>Prix des costumes \u00e0 motifs d&#8217;ancre : \u00e9quilibre entre qualit\u00e9 et prix abordable<\/strong><\/p>\n<p>Les prix des costumes \u00e0 motifs d&#8217;ancre de Mandella Istanbul sont abordables et comp\u00e9titifs en termes de qualit\u00e9 et de design. Offrant des options qui plaisent \u00e0 tous les budgets, ces costumes offrent une qualit\u00e9 \u00e9lev\u00e9e \u00e0 des prix abordables. Ces prix, qui offrent \u00e9galement des avantages dans les achats en gros pour les entreprises, augmentent la satisfaction des clients.<\/p>\n<p><strong>Qualit\u00e9 Mandella Istanbul : confiance et satisfaction<\/strong><\/p>\n<p>Mandella Istanbul accorde la priorit\u00e9 \u00e0 la qualit\u00e9 et \u00e0 la satisfaction des clients dans les costumes. Chaque costume et short est fabriqu\u00e9 avec des mat\u00e9riaux soigneusement s\u00e9lectionn\u00e9s et une finition m\u00e9ticuleuse. Ces costumes, id\u00e9aux pour les entreprises, r\u00e9pondent aux attentes des utilisateurs et renforcent l&#8217;image de votre entreprise.<\/p>\n<p><strong>Conclusion : Compl\u00e9tez votre style sur le th\u00e8me de la mer avec Mandella Istanbul<\/strong><\/p>\n<p>Les costumes et shorts blancs \u00e0 motifs d&#8217;ancres de Mandella Istanbul sont le meilleur moyen d&#8217;apporter l&#8217;atmosph\u00e8re marine et l&#8217;\u00e9l\u00e9gance \u00e0 votre garde-robe pendant les mois d&#8217;\u00e9t\u00e9. Ces costumes, qui conviennent \u00e0 tous les styles et besoins, attirent l&#8217;attention avec leurs designs modernes et leurs mat\u00e9riaux de qualit\u00e9. Vous pouvez \u00e9galement parcourir la large gamme de produits de Mandella Istanbul et d\u00e9couvrir les costumes qui compl\u00e8teront votre style estival.<\/p>\n<p>Les mod\u00e8les populaires de shorts et de chemises de Mandella Istanbul.<br \/> Fabriqu\u00e9s en tissu 100 % coton.<br \/> Nos produits sont vendus en s\u00e9rie. Il y a 5 produits dans 1 s\u00e9rie.<br \/> Tailles des produits dans la s\u00e9rie<br \/> 1 pi\u00e8ce (M) \u2013 2 pi\u00e8ces (L) \u2013 1 pi\u00e8ce (XL) \u2013 1 pi\u00e8ce (XXL)<\/p>\n<p>Une facture sp\u00e9ciale sera \u00e9mise pour toutes vos commandes.<br \/> Les frais d&#8217;exp\u00e9dition sont diff\u00e9rents pour chaque pays. Une fois la commande termin\u00e9e, des informations sur la cargaison vous seront envoy\u00e9es via Whatsapp.<\/p>\n","protected":false},"excerpt":{"rendered":"<p>1 Produit de s\u00e9rie. (5 PCS)<br \/>\n  Tailles : M L XL XXL<br \/>\n  Tissu utilis\u00e9 : 100% coton<br \/>\n  Vous ne pouvez commander que des s\u00e9ries. ( 5 pi\u00e8ces)<\/p>\n","protected":false},"featured_media":12604,"comment_status":"open","ping_status":"closed","template":"","meta":[],"product_brand":[],"product_cat":[142,181],"product_tag":[],"class_list":{"0":"post-12692","1":"product","2":"type-product","3":"status-publish","4":"has-post-thumbnail","6":"product_cat-vente-en-gros-chemises","7":"product_cat-ensemble-short-et-chemise","8":"pa_beden-l-fr","9":"pa_beden-m-fr","10":"pa_beden-xl-fr","11":"pa_beden-xxl-fr","13":"first","14":"outofstock","15":"taxable","16":"shipping-taxable","17":"purchasable","18":"product-type-simple"},"_links":{"self":[{"href":"https:\/\/www.mandellaistanbul.com\/fr\/wp-json\/wp\/v2\/product\/12692","targetHints":{"allow":["GET"]}}],"collection":[{"href":"https:\/\/www.mandellaistanbul.com\/fr\/wp-json\/wp\/v2\/product"}],"about":[{"href":"https:\/\/www.mandellaistanbul.com\/fr\/wp-json\/wp\/v2\/types\/product"}],"replies":[{"embeddable":true,"href":"https:\/\/www.mandellaistanbul.com\/fr\/wp-json\/wp\/v2\/comments?post=12692"}],"version-history":[{"count":3,"href":"https:\/\/www.mandellaistanbul.com\/fr\/wp-json\/wp\/v2\/product\/12692\/revisions"}],"predecessor-version":[{"id":18285,"href":"https:\/\/www.mandellaistanbul.com\/fr\/wp-json\/wp\/v2\/product\/12692\/revisions\/18285"}],"wp:featuredmedia":[{"embeddable":true,"href":"https:\/\/www.mandellaistanbul.com\/fr\/wp-json\/wp\/v2\/media\/12604"}],"wp:attachment":[{"href":"https:\/\/www.mandellaistanbul.com\/fr\/wp-json\/wp\/v2\/media?parent=12692"}],"wp:term":[{"taxonomy":"product_brand","embeddable":true,"href":"https:\/\/www.mandellaistanbul.com\/fr\/wp-json\/wp\/v2\/product_brand?post=12692"},{"taxonomy":"product_cat","embeddable":true,"href":"https:\/\/www.mandellaistanbul.com\/fr\/wp-json\/wp\/v2\/product_cat?post=12692"},{"taxonomy":"product_tag","embeddable":true,"href":"https:\/\/www.mandellaistanbul.com\/fr\/wp-json\/wp\/v2\/product_tag?post=12692"}],"curies":[{"name":"wp","href":"https:\/\/api.w.org\/{rel}","templated":true}]}}