{"id":12686,"date":"2022-10-27T13:41:15","date_gmt":"2022-10-27T10:41:15","guid":{"rendered":"https:\/\/www.mandellaistanbul.com\/product\/costume-vintage-noir\/"},"modified":"2024-10-15T21:47:02","modified_gmt":"2024-10-15T18:47:02","slug":"costume-noir-vintage","status":"publish","type":"product","link":"https:\/\/www.mandellaistanbul.com\/fr\/produit\/costume-noir-vintage\/","title":{"rendered":"Costume Noir Vintage"},"content":{"rendered":"<h2>Chemise vintage noire : l&#8217;adresse de l&#8217;\u00e9l\u00e9gance intemporelle<\/h2>\n<p>Mandella Istanbul vous pr\u00e9sente sa collection de chemises vintage noires qui apporte l&#8217;\u00e9l\u00e9gance et le chic du pass\u00e9 au pr\u00e9sent. Con\u00e7ues avec des touches \u00e0 la fois classiques et modernes, ces chemises mettront en valeur votre style. Voici ce que vous devez savoir sur les chemises vintage noires :<\/p>\n<h3>Ensembles de chemises vintage noires<\/h3>\n<p><strong>Combinaisons uniques :<\/strong> Les ensembles de chemises vintage noires s&#8217;associent parfaitement avec des chemises et des pantalons ou des shorts. Ces ensembles offrent un look saisissant pour les occasions sp\u00e9ciales et les invitations.<\/p>\n<p><strong>Confortables et \u00e9l\u00e9gants :<\/strong> Refl\u00e9tant le style vintage, ces ensembles offrent \u00e0 la fois confort et \u00e9l\u00e9gance. Fabriqu\u00e9s avec des tissus respirants et une finition soign\u00e9e, ces ensembles vous permettent de passer une journ\u00e9e confortable.<\/p>\n<h3>Mod\u00e8les de chemises vintage noires<\/h3>\n<p><strong>Divers mod\u00e8les :<\/strong> Mandella Istanbul propose une large gamme de mod\u00e8les de chemises vintage noires. Des mod\u00e8les qui plaisent \u00e0 tous les go\u00fbts avec diff\u00e9rentes options de col et de coupe enrichissent votre garde-robe.<\/p>\n<p><strong>Style intemporel :<\/strong> les chemises noires vintage maintiennent votre \u00e9l\u00e9gance \u00e0 chaque \u00e9poque avec leurs designs intemporels. Ces chemises, que vous pouvez porter aussi bien au quotidien que pour des occasions sp\u00e9ciales, compl\u00e8tent votre style.<\/p>\n<h3>Chemise noire vintage<\/h3>\n<p><strong>Classique et moderne :<\/strong> les chemises noires vintage offrent des d\u00e9tails classiques et modernes \u00e0 la fois. Combinant l&#8217;\u00e9l\u00e9gance du pass\u00e9 avec le confort d&#8217;aujourd&#8217;hui, ces chemises mettent en valeur votre style.<\/p>\n<p><strong>Facilit\u00e9 d&#8217;utilisation :<\/strong> les chemises noires vintage faciles \u00e0 repasser et \u00e0 entretenir offrent une utilisation pratique. Elles seront votre sauveur lorsque vous voudrez vous pr\u00e9parer rapidement.<\/p>\n<h3>Prix des chemises noires vintage<\/h3>\n<p><strong>Prix abordables :<\/strong> Mandella Istanbul propose des chemises noires vintage \u00e0 des prix abordables. Vous pouvez obtenir l&#8217;\u00e9l\u00e9gance avec des options adapt\u00e9es \u00e0 votre budget sans compromettre la qualit\u00e9.<\/p>\n<p><strong>Remises et campagnes :<\/strong> vous pouvez acheter des chemises noires vintage \u00e0 des prix encore plus abordables gr\u00e2ce aux remises et aux campagnes effectu\u00e9es \u00e0 certaines p\u00e9riodes. Vous pouvez suivre notre site Web pour les campagnes en cours.<\/p>\n<h3>Chemises vintage pour hommes<\/h3>\n<p><strong>Mod\u00e8les sp\u00e9ciaux pour hommes :<\/strong> Mandella Istanbul met en valeur votre style avec des chemises vintage sp\u00e9cialement con\u00e7ues pour les hommes. Ces chemises ajoutent une atmosph\u00e8re diff\u00e9rente en refl\u00e9tant le c\u00f4t\u00e9 classique et sophistiqu\u00e9 de la mode masculine.<\/p>\n<p><strong>Diverses possibilit\u00e9s de combinaison :<\/strong> vous pouvez facilement combiner des chemises noires vintage pour hommes avec diff\u00e9rents pantalons et vestes. Ces chemises, que vous pouvez facilement utiliser lors de r\u00e9unions d&#8217;affaires, d&#8217;invitations ou de la vie quotidienne, compl\u00e8tent votre style.<\/p>\n<h3>Qualit\u00e9 Mandella Istanbul<\/h3>\n<p>En tant que Mandella Istanbul, nous accordons la priorit\u00e9 \u00e0 la qualit\u00e9 et \u00e0 la satisfaction du client dans chacun de nos produits. Nos chemises noires vintage sont le reflet de cette compr\u00e9hension. Ces chemises, fabriqu\u00e9es avec des tissus soigneusement s\u00e9lectionn\u00e9s et une finition soign\u00e9e, offrent une utilisation durable et confortable.<\/p>\n<p>Vous pouvez porter l&#8217;\u00e9l\u00e9gance intemporelle des chemises noires vintage en commandant d\u00e8s maintenant sur notre site Web. N&#8217;oubliez pas que votre \u00e9l\u00e9gance a toujours une longueur d&#8217;avance avec Mandella Istanbul !<\/p>\n","protected":false},"excerpt":{"rendered":"<p>1 Produit de s\u00e9rie. (5 PCS)<br \/>\nTailles : M L XL XXL<br \/>\nTissu utilis\u00e9 : 100% coton<br \/>\nVous ne pouvez commander que des s\u00e9ries. ( 5 pi\u00e8ces)<\/p>\n","protected":false},"featured_media":12622,"comment_status":"open","ping_status":"closed","template":"","meta":[],"product_brand":[],"product_cat":[142,181],"product_tag":[],"class_list":{"0":"post-12686","1":"product","2":"type-product","3":"status-publish","4":"has-post-thumbnail","6":"product_cat-vente-en-gros-chemises","7":"product_cat-ensemble-short-et-chemise","8":"pa_beden-l-fr","9":"pa_beden-m-fr","10":"pa_beden-xl-fr","11":"pa_beden-xxl-fr","13":"first","14":"outofstock","15":"taxable","16":"shipping-taxable","17":"purchasable","18":"product-type-simple"},"_links":{"self":[{"href":"https:\/\/www.mandellaistanbul.com\/fr\/wp-json\/wp\/v2\/product\/12686","targetHints":{"allow":["GET"]}}],"collection":[{"href":"https:\/\/www.mandellaistanbul.com\/fr\/wp-json\/wp\/v2\/product"}],"about":[{"href":"https:\/\/www.mandellaistanbul.com\/fr\/wp-json\/wp\/v2\/types\/product"}],"replies":[{"embeddable":true,"href":"https:\/\/www.mandellaistanbul.com\/fr\/wp-json\/wp\/v2\/comments?post=12686"}],"version-history":[{"count":3,"href":"https:\/\/www.mandellaistanbul.com\/fr\/wp-json\/wp\/v2\/product\/12686\/revisions"}],"predecessor-version":[{"id":18573,"href":"https:\/\/www.mandellaistanbul.com\/fr\/wp-json\/wp\/v2\/product\/12686\/revisions\/18573"}],"wp:featuredmedia":[{"embeddable":true,"href":"https:\/\/www.mandellaistanbul.com\/fr\/wp-json\/wp\/v2\/media\/12622"}],"wp:attachment":[{"href":"https:\/\/www.mandellaistanbul.com\/fr\/wp-json\/wp\/v2\/media?parent=12686"}],"wp:term":[{"taxonomy":"product_brand","embeddable":true,"href":"https:\/\/www.mandellaistanbul.com\/fr\/wp-json\/wp\/v2\/product_brand?post=12686"},{"taxonomy":"product_cat","embeddable":true,"href":"https:\/\/www.mandellaistanbul.com\/fr\/wp-json\/wp\/v2\/product_cat?post=12686"},{"taxonomy":"product_tag","embeddable":true,"href":"https:\/\/www.mandellaistanbul.com\/fr\/wp-json\/wp\/v2\/product_tag?post=12686"}],"curies":[{"name":"wp","href":"https:\/\/api.w.org\/{rel}","templated":true}]}}