{"id":12685,"date":"2022-10-27T13:41:16","date_gmt":"2022-10-27T10:41:16","guid":{"rendered":"https:\/\/www.mandellaistanbul.com\/product\/costume-noir-motif-ancre\/"},"modified":"2024-10-13T13:55:32","modified_gmt":"2024-10-13T10:55:32","slug":"capa-costume-noir-a-motifs","status":"publish","type":"product","link":"https:\/\/www.mandellaistanbul.com\/fr\/produit\/capa-costume-noir-a-motifs\/","title":{"rendered":"Costume noir \u00e0 motifs d&#8217;ancre"},"content":{"rendered":"<p><strong>Costume noir \u00e0 motifs ancres : profitez de l&#8217;\u00e9l\u00e9gance avec la brise marine<\/strong><\/p>\n<p>Les costumes noirs \u00e0 motifs ancres de Mandella Istanbul allient l&#8217;\u00e9l\u00e9gance du th\u00e8me marin et des designs modernes. Ces costumes font partie des combinaisons indispensables des mois d&#8217;\u00e9t\u00e9 pour les femmes et les hommes. Les motifs ancres offrent une touche esth\u00e9tique qui refl\u00e8te l&#8217;atmosph\u00e8re marine.<\/p>\n<p><strong>Short noir \u00e0 motifs ancres : ressentez la fra\u00eecheur de l&#8217;\u00e9t\u00e9<\/strong><\/p>\n<p>Les shorts noirs \u00e0 motifs ancres sont le choix de ceux qui recherchent confort et \u00e9l\u00e9gance ensemble pendant les mois d&#8217;\u00e9t\u00e9. La collection de shorts noirs \u00e0 motifs ancres de Mandella Istanbul vous permet d&#8217;ajouter une brise marine \u00e0 votre style estival avec ces shorts propos\u00e9s dans diff\u00e9rentes coupes et d\u00e9tails. Ces shorts, fabriqu\u00e9s \u00e0 partir de diff\u00e9rents tissus tels que le coton, le lin ou le polyester, offrent confort et \u00e9l\u00e9gance \u00e0 leurs utilisateurs.<\/p>\n<p><strong>Chemises noires \u00e0 motifs ancres : ressentez la brise marine sur vous<\/strong><\/p>\n<p>Les chemises noires \u00e0 motifs ancres sont l&#8217;une des pi\u00e8ces indispensables des mois d&#8217;\u00e9t\u00e9. La collection de chemises noires \u00e0 motifs d&#8217;ancres de Mandella Istanbul vous permet d&#8217;ajouter un th\u00e8me nautique \u00e0 votre style avec ces chemises propos\u00e9es dans diff\u00e9rentes coupes et couleurs. Fabriqu\u00e9es \u00e0 partir de diff\u00e9rents tissus tels que le coton, le lin ou le polyester, ces chemises offrent confort et \u00e9l\u00e9gance \u00e0 leurs utilisateurs. <\/p>\n<p><strong>Ensembles de chemises courtes noires \u00e0 motifs d&#8217;ancres : \u00e9l\u00e9gance et praticit\u00e9 r\u00e9unies<\/strong><\/p>\n<p>Les ensembles de chemises courtes noires \u00e0 motifs d&#8217;ancres sont le choix de ceux qui recherchent la fonctionnalit\u00e9 pendant les mois d&#8217;\u00e9t\u00e9. La collection d&#8217;ensembles de chemises courtes noires \u00e0 motifs d&#8217;ancres de Mandella Istanbul offre une vari\u00e9t\u00e9 d&#8217;options adapt\u00e9es \u00e0 la fois \u00e0 un usage quotidien et \u00e0 des occasions sp\u00e9ciales. Adapt\u00e9s \u00e0 tous les styles et \u00e0 tous les besoins, ces ensembles attirent l&#8217;attention avec leurs mat\u00e9riaux de qualit\u00e9 et leurs designs m\u00e9ticuleux. <\/p>\n<p><strong>Prix des costumes \u00e0 motifs d&#8217;ancres : \u00e9quilibre entre qualit\u00e9 et prix abordable<\/strong><\/p>\n<p>Les prix des costumes \u00e0 motifs d&#8217;ancres de Mandella Istanbul sont abordables et comp\u00e9titifs lorsqu&#8217;ils sont \u00e9valu\u00e9s en termes de qualit\u00e9 et de design. Offrant des options qui plaisent \u00e0 tous les budgets, ces ensembles offrent une qualit\u00e9 \u00e9lev\u00e9e \u00e0 des prix abordables. Ces prix, qui offrent \u00e9galement des avantages dans les achats en gros pour les entreprises, augmentent la satisfaction des clients.<\/p>\n<p><strong>Mandella Istanbul Qualit\u00e9 : Confiance et satisfaction<\/strong><\/p>\n<p>Mandella Istanbul accorde la priorit\u00e9 \u00e0 la qualit\u00e9 et \u00e0 la satisfaction des clients en mati\u00e8re de costumes. Chaque costume est fabriqu\u00e9 avec des mat\u00e9riaux soigneusement s\u00e9lectionn\u00e9s et une finition soign\u00e9e. Ces costumes, qui sont id\u00e9aux pour les entreprises, r\u00e9pondent aux attentes des utilisateurs et renforcent l&#8217;image de votre entreprise.<\/p>\n<p><strong>Conseils de style pour les costumes noirs \u00e0 motifs d&#8217;ancres :<\/strong><\/p>\n<p>Les costumes noirs \u00e0 motifs d&#8217;ancres peuvent \u00eatre des pi\u00e8ces indispensables de votre garde-robe. R\u00e9fl\u00e9chir \u00e0 la fa\u00e7on dont vous pouvez utiliser ces costumes avec diff\u00e9rentes combinaisons peut mettre encore plus en valeur votre style. Voici quelques conseils de style pour vous :<\/p>\n<ol>\n<li><strong>Classique et \u00e9l\u00e9gant :<\/strong> Vous pouvez obtenir un look classique et \u00e9l\u00e9gant en combinant un costume noir \u00e0 motif d&#8217;ancre avec une chemise blanche ou bleu marine. Cette combinaison est id\u00e9ale notamment pour les r\u00e9unions d&#8217;affaires ou les invitations sp\u00e9ciales.<\/li>\n<li><strong>Style d\u00e9contract\u00e9<\/strong> : pour un usage quotidien, vous pouvez cr\u00e9er un style d\u00e9contract\u00e9 en combinant un costume noir \u00e0 motifs d&#8217;ancres avec un t-shirt clair ou une chemise \u00e0 col polo. Cette combinaison convient \u00e0 celles qui recherchent \u00e0 la fois confort et style.<\/li>\n<li><strong>Sport chic<\/strong> : si vous recherchez un look sportif et chic, vous pouvez combiner un costume noir \u00e0 motifs d&#8217;ancres avec des baskets et un t-shirt blanc. Ce style peut \u00eatre privil\u00e9gi\u00e9 notamment pour les activit\u00e9s quotidiennes et les promenades en ville.<\/li>\n<li><strong>Compl\u00e9tez avec des accessoires<\/strong> : vous pouvez personnaliser votre style en compl\u00e9tant votre costume avec diff\u00e9rents accessoires. Par exemple, vous pouvez obtenir un look plus sophistiqu\u00e9 en l&#8217;associant \u00e0 des accessoires tels qu&#8217;une montre en cuir, des lunettes ou un portefeuille \u00e9l\u00e9gant.<\/li>\n<\/ol>\n<p><strong>Conclusion : Compl\u00e9tez votre style marin avec Mandella Istanbul<\/strong><\/p>\n<p>Les costumes et shorts noirs \u00e0 motifs d&#8217;ancres de Mandella Istanbul sont le meilleur moyen d&#8217;apporter l&#8217;atmosph\u00e8re marine et l&#8217;\u00e9l\u00e9gance \u00e0 votre garde-robe pendant les mois d&#8217;\u00e9t\u00e9. Ces costumes, qui conviennent \u00e0 tous les styles et besoins, attirent l&#8217;attention avec leurs designs modernes et leurs mat\u00e9riaux de qualit\u00e9. Vous pouvez \u00e9galement d\u00e9couvrir les costumes qui compl\u00e8teront votre style estival en parcourant la large gamme de produits de Mandella Istanbul.<\/p>\n<p>Les mod\u00e8les populaires de shorts et de chemises de Mandella Istanbul.<br \/> Fabriqu\u00e9s en tissu 100 % coton.<br \/> Nos produits sont vendus en s\u00e9rie. Il y a 5 produits dans 1 s\u00e9rie.<br \/> Tailles des produits dans la s\u00e9rie<br \/> 1 pi\u00e8ce (M) &#8211; 2 pi\u00e8ces (L) &#8211; 1 pi\u00e8ce (XL) &#8211; 1 pi\u00e8ce (XXL)<\/p>\n<p> Une facture sp\u00e9ciale sera \u00e9mise pour toutes vos commandes.<br \/> Il existe des frais d&#8217;exp\u00e9dition diff\u00e9rents pour chaque pays. Une fois la commande termin\u00e9e, des informations sur la cargaison vous seront envoy\u00e9es via Whatsapp.<\/p>\n","protected":false},"excerpt":{"rendered":"<p>1 Produit de s\u00e9rie. (5 PCS)<br \/>\n  Tailles : M L XL XXL<br \/>\n  Tissu utilis\u00e9 : 100% coton<br \/>\n  Vous ne pouvez commander que des s\u00e9ries. ( 5 pi\u00e8ces)<\/p>\n","protected":false},"featured_media":12625,"comment_status":"open","ping_status":"closed","template":"","meta":[],"product_brand":[],"product_cat":[142,181],"product_tag":[],"class_list":{"0":"post-12685","1":"product","2":"type-product","3":"status-publish","4":"has-post-thumbnail","6":"product_cat-vente-en-gros-chemises","7":"product_cat-ensemble-short-et-chemise","8":"pa_beden-l-fr","9":"pa_beden-m-fr","10":"pa_beden-xl-fr","11":"pa_beden-xxl-fr","13":"first","14":"outofstock","15":"taxable","16":"shipping-taxable","17":"purchasable","18":"product-type-simple"},"_links":{"self":[{"href":"https:\/\/www.mandellaistanbul.com\/fr\/wp-json\/wp\/v2\/product\/12685","targetHints":{"allow":["GET"]}}],"collection":[{"href":"https:\/\/www.mandellaistanbul.com\/fr\/wp-json\/wp\/v2\/product"}],"about":[{"href":"https:\/\/www.mandellaistanbul.com\/fr\/wp-json\/wp\/v2\/types\/product"}],"replies":[{"embeddable":true,"href":"https:\/\/www.mandellaistanbul.com\/fr\/wp-json\/wp\/v2\/comments?post=12685"}],"version-history":[{"count":3,"href":"https:\/\/www.mandellaistanbul.com\/fr\/wp-json\/wp\/v2\/product\/12685\/revisions"}],"predecessor-version":[{"id":18299,"href":"https:\/\/www.mandellaistanbul.com\/fr\/wp-json\/wp\/v2\/product\/12685\/revisions\/18299"}],"wp:featuredmedia":[{"embeddable":true,"href":"https:\/\/www.mandellaistanbul.com\/fr\/wp-json\/wp\/v2\/media\/12625"}],"wp:attachment":[{"href":"https:\/\/www.mandellaistanbul.com\/fr\/wp-json\/wp\/v2\/media?parent=12685"}],"wp:term":[{"taxonomy":"product_brand","embeddable":true,"href":"https:\/\/www.mandellaistanbul.com\/fr\/wp-json\/wp\/v2\/product_brand?post=12685"},{"taxonomy":"product_cat","embeddable":true,"href":"https:\/\/www.mandellaistanbul.com\/fr\/wp-json\/wp\/v2\/product_cat?post=12685"},{"taxonomy":"product_tag","embeddable":true,"href":"https:\/\/www.mandellaistanbul.com\/fr\/wp-json\/wp\/v2\/product_tag?post=12685"}],"curies":[{"name":"wp","href":"https:\/\/api.w.org\/{rel}","templated":true}]}}